{"id":1110,"date":"2025-04-18T09:29:30","date_gmt":"2025-04-18T07:29:30","guid":{"rendered":"https:\/\/www.regionalis.shop\/kraeuterwerkstatt-natur-aromamanufaktur\/product\/heilkraeuterkerze-lebensfreude\/"},"modified":"2025-04-18T09:29:30","modified_gmt":"2025-04-18T07:29:30","slug":"heilkraeuterkerze-lebensfreude","status":"publish","type":"product","link":"https:\/\/www.regionalis.shop\/kraeuterwerkstatt-natur-aromamanufaktur\/shop\/heilkraeuterkerze-lebensfreude\/","title":{"rendered":"Heilkr\u00e4uterkerze LEBENSFREUDE"},"content":{"rendered":"<p>Handgemachte Heilkr\u00e4uterkerze LEBENSFREUDE<br \/>\nDiese Heilkr\u00e4uterkerze ist keine Duftkerzen im klassischen Sinn. Sie besteht aus reinem Pflanzenwachs, \u00e4therischen \u00d6len, Kr\u00e4uterausz\u00fcgen, Tinkturen, Kr\u00e4utern und Bl\u00fcten.<br \/>\nWas sind Heilkr\u00e4uterkerzen&#8230;? &#8211; Wie eine ganz feine, sanfte R\u00e4ucherung.<br \/>\nDie Kr\u00e4uter und Bl\u00fcten stammen aus eigenem oder biologischem Anbau &#8211; die \u00e4therischen \u00d6le sind 100% naturrein. Der Duft wird beim Abrennen nicht intensiver, durch das Feuer wird die Information der \u00e4therischen \u00d6le, Ausz\u00fcge und Tinkturen freigesetzt \u2013 es ist wie eine ganz feine, sanfte R\u00e4ucherung.<\/p>\n<p>DER DUFT<br \/>\nBergamotte &#8211; mit 100% naturreinen \u00e4therischen \u00d6len.<\/p>\n<p>Dieser fantastische Duft zaubert ein L\u00e4cheln in dein Gesicht. Bergamotte ist ein Sonnenbotschafter, belebend, hellt die Stimmung auf, vertreibt Melancholie und schenkt Lebensfreude.<\/p>\n<p>TINKTUR<br \/>\nJohanniskrauttinktur.<\/p>\n<p>EINSTREUUNG<br \/>\nKornblume blau.<\/p>\n<p>DIE BRENNDAUER<br \/>\nDank einer eigenen Mischung pflanzlicher Wachse mit Ausz\u00fcgen und Tinkturen hat diese Kerze eine besonders lange Brenndauer von bis zu 50 Stunden. <\/p>\n<p>255ml Drahtb\u00fcgelglas<\/p>\n<p>Hinweis: Dekoartikel, keine Arznei, nicht verzehren und nicht einnehmen \u2013 Kerze nie unbeaufsichtigt brennen lassen. Glas kann hei\u00df werden, Untersetzer verwenden. nicht ganz ausbrennen lassen.<\/p>\n","protected":false},"excerpt":{"rendered":"<p>Handgemachte Heilkr\u00e4uterkerze LEBENSFREUDE Diese Heilkr\u00e4uterkerze ist keine Duftkerzen im klassischen Sinn. Sie besteht aus reinem Pflanzenwachs, \u00e4therischen \u00d6len, Kr\u00e4uterausz\u00fcgen, Tinkturen, Kr\u00e4utern und Bl\u00fcten. Was sind Heilkr\u00e4uterkerzen&#8230;? &#8211; Wie eine ganz feine, sanfte R\u00e4ucherung. Die Kr\u00e4uter und Bl\u00fcten stammen aus eigenem oder biologischem Anbau &#8211; die \u00e4therischen \u00d6le sind 100% naturrein. Der Duft wird beim Abrennen &hellip; <a href=\"https:\/\/www.regionalis.shop\/kraeuterwerkstatt-natur-aromamanufaktur\/shop\/heilkraeuterkerze-lebensfreude\/\">Continued<\/a><\/p>\n","protected":false},"featured_media":1111,"template":"","meta":{"_acf_changed":false},"product_brand":[],"product_cat":[151,103],"product_tag":[],"class_list":{"0":"post-1110","1":"product","2":"type-product","3":"status-publish","4":"has-post-thumbnail","6":"product_cat-kerzen-kerzenstaender","7":"product_cat-wohnen-deko","9":"first","10":"instock","11":"purchasable","12":"product-type-simple"},"acf":[],"_links":{"self":[{"href":"https:\/\/www.regionalis.shop\/kraeuterwerkstatt-natur-aromamanufaktur\/wp-json\/wp\/v2\/product\/1110","targetHints":{"allow":["GET"]}}],"collection":[{"href":"https:\/\/www.regionalis.shop\/kraeuterwerkstatt-natur-aromamanufaktur\/wp-json\/wp\/v2\/product"}],"about":[{"href":"https:\/\/www.regionalis.shop\/kraeuterwerkstatt-natur-aromamanufaktur\/wp-json\/wp\/v2\/types\/product"}],"wp:featuredmedia":[{"embeddable":true,"href":"https:\/\/www.regionalis.shop\/kraeuterwerkstatt-natur-aromamanufaktur\/wp-json\/wp\/v2\/media\/1111"}],"wp:attachment":[{"href":"https:\/\/www.regionalis.shop\/kraeuterwerkstatt-natur-aromamanufaktur\/wp-json\/wp\/v2\/media?parent=1110"}],"wp:term":[{"taxonomy":"product_brand","embeddable":true,"href":"https:\/\/www.regionalis.shop\/kraeuterwerkstatt-natur-aromamanufaktur\/wp-json\/wp\/v2\/product_brand?post=1110"},{"taxonomy":"product_cat","embeddable":true,"href":"https:\/\/www.regionalis.shop\/kraeuterwerkstatt-natur-aromamanufaktur\/wp-json\/wp\/v2\/product_cat?post=1110"},{"taxonomy":"product_tag","embeddable":true,"href":"https:\/\/www.regionalis.shop\/kraeuterwerkstatt-natur-aromamanufaktur\/wp-json\/wp\/v2\/product_tag?post=1110"}],"curies":[{"name":"wp","href":"https:\/\/api.w.org\/{rel}","templated":true}]}}