{"id":1118,"date":"2025-04-18T09:29:30","date_gmt":"2025-04-18T07:29:30","guid":{"rendered":"https:\/\/www.regionalis.shop\/kraeuterwerkstatt-natur-aromamanufaktur\/product\/kinder-aromaspray-kissenspray-sandmaennchen\/"},"modified":"2025-04-18T09:29:30","modified_gmt":"2025-04-18T07:29:30","slug":"kinder-aromaspray-kissenspray-sandmaennchen","status":"publish","type":"product","link":"https:\/\/www.regionalis.shop\/kraeuterwerkstatt-natur-aromamanufaktur\/shop\/kinder-aromaspray-kissenspray-sandmaennchen\/","title":{"rendered":"Kinder-Aromaspray-\/Kissenspray SANDM\u00c4NNCHEN"},"content":{"rendered":"<p>Kinder-Aroma-&#038; Kissenspray SANDM\u00c4NNCHEN<br \/>\nWenn das Sandm\u00e4nnchen kommt&#8230;! Aromaspray mit 100% naturreinen \u00e4therischen \u00d6len. Entspannt, vermittelt Geborgenheit und Kindernasen lieben diesen kuscheligen Duft. F\u00fcr mehr Ruhe, Entspannung und ruhigen Schlaf. Als Raum- oder Kissenspray vor dem Schlafengehen. <\/p>\n<p>Was sind Aromasprays&#8230;? \u2013 Wohlbefinden nat\u00fcrlich f\u00f6rdern. <\/p>\n<p>Aromasprays sind die ideale M\u00f6glichkeit ein angenehmes Wohlf\u00fchlklima zu schaffen und gleichzeitig das Wohlbefinden zu f\u00f6rdern. Diese Aromasprays enthalten 100% naturreine \u00e4therische \u00d6le und sind frei von Konservierungsmitteln und Farbstoffen.<\/p>\n<p>Was ist drin&#8230;? Rezeptur mit Orange, Lavendel, Vanille, &#8230;.<\/p>\n<p>ANWENDUNG: Vor Gebrauch gut sch\u00fctteln und 3-4 Spr\u00fcher auf dem Kissen, im Raum oder der Umgebung verteilen. <\/p>\n<p>100ml Zerst\u00e4uber<\/p>\n<p>Hinweis: Zur Raumbeduftung. Keine Arznei, kein Biozid und nicht zur Einnahme. Kinder unter 6 Jahren nur unter Aufsicht, nicht in die Augen spr\u00fchen. Keinesfalls fordere ich dazu auf, eine \u00e4rztliche Behandlung oder Medikation abzubrechen oder sogar zu ersetzen. Heilversprechen gebe ich in keinster Weise ab und ich verspreche auch nichts Derartiges. Hinweise zu Wirkung und Anwendung lt. Literatur.<\/p>\n","protected":false},"excerpt":{"rendered":"<p>Kinder-Aroma-&#038; Kissenspray SANDM\u00c4NNCHEN Wenn das Sandm\u00e4nnchen kommt&#8230;! Aromaspray mit 100% naturreinen \u00e4therischen \u00d6len. Entspannt, vermittelt Geborgenheit und Kindernasen lieben diesen kuscheligen Duft. F\u00fcr mehr Ruhe, Entspannung und ruhigen Schlaf. Als Raum- oder Kissenspray vor dem Schlafengehen. Was sind Aromasprays&#8230;? \u2013 Wohlbefinden nat\u00fcrlich f\u00f6rdern. Aromasprays sind die ideale M\u00f6glichkeit ein angenehmes Wohlf\u00fchlklima zu schaffen und gleichzeitig &hellip; <a href=\"https:\/\/www.regionalis.shop\/kraeuterwerkstatt-natur-aromamanufaktur\/shop\/kinder-aromaspray-kissenspray-sandmaennchen\/\">Continued<\/a><\/p>\n","protected":false},"featured_media":1119,"template":"","meta":{"_acf_changed":false},"product_brand":[],"product_cat":[111,41],"product_tag":[],"class_list":{"0":"post-1118","1":"product","2":"type-product","3":"status-publish","4":"has-post-thumbnail","6":"product_cat-aromasprays-duftoele","7":"product_cat-freizeit-lifestyle","9":"first","10":"instock","11":"purchasable","12":"product-type-simple"},"acf":[],"_links":{"self":[{"href":"https:\/\/www.regionalis.shop\/kraeuterwerkstatt-natur-aromamanufaktur\/wp-json\/wp\/v2\/product\/1118","targetHints":{"allow":["GET"]}}],"collection":[{"href":"https:\/\/www.regionalis.shop\/kraeuterwerkstatt-natur-aromamanufaktur\/wp-json\/wp\/v2\/product"}],"about":[{"href":"https:\/\/www.regionalis.shop\/kraeuterwerkstatt-natur-aromamanufaktur\/wp-json\/wp\/v2\/types\/product"}],"wp:featuredmedia":[{"embeddable":true,"href":"https:\/\/www.regionalis.shop\/kraeuterwerkstatt-natur-aromamanufaktur\/wp-json\/wp\/v2\/media\/1119"}],"wp:attachment":[{"href":"https:\/\/www.regionalis.shop\/kraeuterwerkstatt-natur-aromamanufaktur\/wp-json\/wp\/v2\/media?parent=1118"}],"wp:term":[{"taxonomy":"product_brand","embeddable":true,"href":"https:\/\/www.regionalis.shop\/kraeuterwerkstatt-natur-aromamanufaktur\/wp-json\/wp\/v2\/product_brand?post=1118"},{"taxonomy":"product_cat","embeddable":true,"href":"https:\/\/www.regionalis.shop\/kraeuterwerkstatt-natur-aromamanufaktur\/wp-json\/wp\/v2\/product_cat?post=1118"},{"taxonomy":"product_tag","embeddable":true,"href":"https:\/\/www.regionalis.shop\/kraeuterwerkstatt-natur-aromamanufaktur\/wp-json\/wp\/v2\/product_tag?post=1118"}],"curies":[{"name":"wp","href":"https:\/\/api.w.org\/{rel}","templated":true}]}}