{"id":1127,"date":"2025-04-18T09:28:20","date_gmt":"2025-04-18T07:28:20","guid":{"rendered":"https:\/\/www.regionalis.shop\/kraeuterwerkstatt-natur-aromamanufaktur\/product\/naturseife-mohn-peeling-handgesiedet\/"},"modified":"2025-04-18T09:28:20","modified_gmt":"2025-04-18T07:28:20","slug":"naturseife-mohn-peeling-handgesiedet","status":"publish","type":"product","link":"https:\/\/www.regionalis.shop\/kraeuterwerkstatt-natur-aromamanufaktur\/shop\/naturseife-mohn-peeling-handgesiedet\/","title":{"rendered":"Naturseife MOHN-PEELING handgesiedet"},"content":{"rendered":"<p>Naturseife MOHN-PEELING handgesiedet<br \/>\nHergestellt in Handarbeit aus rein pflanzlichen und hochwertigen \u00d6len. Mit Oliven\u00f6l, Kokos\u00f6l, Rizinus\u00f6l, Mohnsamen und 100% naturreinem \u00e4therischem Rosmarin\u00f6l. <\/p>\n<p>Besonders milde, reichhaltige und belebende  Peelingseife f\u00fcr Gesicht und den ganzen K\u00f6rper. <\/p>\n<p>Diese milde Peeling-Seife ist f\u00fcr den ganzen K\u00f6rper geeignet und l\u00e4sst die Haut strahlen! Die eingearbeiteten Mohnsamen entfernen alte Hautschuppen und das \u00e4therische Rosmarin\u00f6l belebt die Haut und f\u00f6rdert die Durchblutung. Diese hochwertige Seife enth\u00e4lt rein pflanzliche \u00d6le und 100% naturreines \u00e4therisches Rosmarin\u00f6l. Die Mohnsamen werden bei der Herstellung eingearbeitet, dadurch wird diese Seife ein optischer Hingucker und es entsteht ein nat\u00fcrlicher Peeling-Effekt \u2013 f\u00fchl dich wohl! <\/p>\n<p>DER DUFT <\/p>\n<p>Rosmarin, frisch, belebend <\/p>\n<p>F\u00dcR WELCHEN HAUTTYP <\/p>\n<p>F\u00fcr alle Hauttypen bestens geeignet \u2013 auch f\u00fcr empfindliche Haut. <\/p>\n<p>DIE HERSTELLUNG <\/p>\n<p>Diese Seife enth\u00e4lt nur hochwertige Rohstoffe. Das nat\u00fcrliche Glyzerin \u2013 welches bei der Verseifung entsteht \u2013 bleibt bei der schonenden Herstellung erhalten und macht diese Seife besonders hautvertr\u00e4glich. Sie ist daher auch bestens f\u00fcr empfindliche Haut geeignet. <\/p>\n<p>DAS BESONDERE<\/p>\n<p>handgesiedet und nat\u00fcrlich<br \/>\nhat eine frischen, belebenden Duft<br \/>\nenth\u00e4lt pflegendes Oliven- und Kokos\u00f6l<br \/>\n100% naturreines \u00e4ther. Rosmarin\u00f6l<br \/>\nrein pflanzlich und vegan<br \/>\nhergestellt in \u00d6sterreich<br \/>\nvon Hand verpackt ohne Plastik<br \/>\nfrei von Konservierungsstoffen<br \/>\n120g Frischgewicht<\/p>\n<p>Inhaltsstoffe in Deutsch: Oliven\u00f6l, Kokos\u00f6l, nat\u00fcrliches Glycerin, Rizinus\u00f6l, \u00e4ther. \u00d6l Rosmarin, Mohnsamen. <\/p>\n<p>Ingredients:  SODIUM OLIVATE, SODIUM COCOATE, GLYCERIN, RICINUS COMMUNIS SEED OIL, ROSMARINUS OFFICINALIS LEAF OIL, PAPAVER SOMNIFERUM SEED, LIMONENE*, LINALOOL*.<\/p>\n<p>*nat\u00fcrlicher Bestandteil \u00e4therischer \u00d6le.<\/p>\n","protected":false},"excerpt":{"rendered":"<p>Naturseife MOHN-PEELING handgesiedet Hergestellt in Handarbeit aus rein pflanzlichen und hochwertigen \u00d6len. Mit Oliven\u00f6l, Kokos\u00f6l, Rizinus\u00f6l, Mohnsamen und 100% naturreinem \u00e4therischem Rosmarin\u00f6l. Besonders milde, reichhaltige und belebende Peelingseife f\u00fcr Gesicht und den ganzen K\u00f6rper. Diese milde Peeling-Seife ist f\u00fcr den ganzen K\u00f6rper geeignet und l\u00e4sst die Haut strahlen! Die eingearbeiteten Mohnsamen entfernen alte Hautschuppen und &hellip; <a href=\"https:\/\/www.regionalis.shop\/kraeuterwerkstatt-natur-aromamanufaktur\/shop\/naturseife-mohn-peeling-handgesiedet\/\">Continued<\/a><\/p>\n","protected":false},"featured_media":1128,"template":"","meta":{"_acf_changed":false},"product_brand":[],"product_cat":[52,76],"product_tag":[],"class_list":{"0":"post-1127","1":"product","2":"type-product","3":"status-publish","4":"has-post-thumbnail","6":"product_cat-kosmetika","7":"product_cat-seifen","9":"first","10":"instock","11":"purchasable","12":"product-type-simple"},"acf":[],"_links":{"self":[{"href":"https:\/\/www.regionalis.shop\/kraeuterwerkstatt-natur-aromamanufaktur\/wp-json\/wp\/v2\/product\/1127","targetHints":{"allow":["GET"]}}],"collection":[{"href":"https:\/\/www.regionalis.shop\/kraeuterwerkstatt-natur-aromamanufaktur\/wp-json\/wp\/v2\/product"}],"about":[{"href":"https:\/\/www.regionalis.shop\/kraeuterwerkstatt-natur-aromamanufaktur\/wp-json\/wp\/v2\/types\/product"}],"wp:featuredmedia":[{"embeddable":true,"href":"https:\/\/www.regionalis.shop\/kraeuterwerkstatt-natur-aromamanufaktur\/wp-json\/wp\/v2\/media\/1128"}],"wp:attachment":[{"href":"https:\/\/www.regionalis.shop\/kraeuterwerkstatt-natur-aromamanufaktur\/wp-json\/wp\/v2\/media?parent=1127"}],"wp:term":[{"taxonomy":"product_brand","embeddable":true,"href":"https:\/\/www.regionalis.shop\/kraeuterwerkstatt-natur-aromamanufaktur\/wp-json\/wp\/v2\/product_brand?post=1127"},{"taxonomy":"product_cat","embeddable":true,"href":"https:\/\/www.regionalis.shop\/kraeuterwerkstatt-natur-aromamanufaktur\/wp-json\/wp\/v2\/product_cat?post=1127"},{"taxonomy":"product_tag","embeddable":true,"href":"https:\/\/www.regionalis.shop\/kraeuterwerkstatt-natur-aromamanufaktur\/wp-json\/wp\/v2\/product_tag?post=1127"}],"curies":[{"name":"wp","href":"https:\/\/api.w.org\/{rel}","templated":true}]}}