{"id":1137,"date":"2025-04-18T09:28:20","date_gmt":"2025-04-18T07:28:20","guid":{"rendered":"https:\/\/www.regionalis.shop\/kraeuterwerkstatt-natur-aromamanufaktur\/product\/naturseife-lavendel-handgesiedet\/"},"modified":"2025-04-18T09:28:20","modified_gmt":"2025-04-18T07:28:20","slug":"naturseife-lavendel-handgesiedet","status":"publish","type":"product","link":"https:\/\/www.regionalis.shop\/kraeuterwerkstatt-natur-aromamanufaktur\/shop\/naturseife-lavendel-handgesiedet\/","title":{"rendered":"Naturseife LAVENDEL handgesiedet"},"content":{"rendered":"<p>Naturseife LAVENDELBL\u00dcTEN handgesiedet<br \/>\nHergestellt in Handarbeit aus rein pflanzlichen und hochwertigen \u00d6len. Mit Oliven\u00f6l, Kokos\u00f6l, Rizinus\u00f6l, Lavendelbl\u00fcten und 100% naturreinem \u00e4therischem Lavendel\u00f6l.<\/p>\n<p>Harmonie f\u00fcr K\u00f6rper und Geist. Besonders pflegende Naturseife. Lavendelduft entspannt und beruhigt K\u00f6rper und Geist.<\/p>\n<p>Mild reinigende Seife mit 100% naturreinem \u00e4ther. Lavendel\u00f6l und Lavendelbl\u00fcten. Der Duft von Lavendel entspannt, beruhigt K\u00f6rper und Geist und erinnert an sonnige Tage. Diese hochwertige Seife enth\u00e4lt Lavendel\u00f6l und Lavendelbl\u00fcten, diese werden bei der Herstellung eingearbeitet, dadurch wird diese Seife ein optischer Hingucker und es entsteht ein leichter Peeling-Effekt \u2013 f\u00fchl dich wohl! <\/p>\n<p>DER DUFT <\/p>\n<p>Lavendel, blumig, entspannend <\/p>\n<p>F\u00dcR WELCHEN HAUTTYP <\/p>\n<p>F\u00fcr alle Hauttypen bestens geeignet \u2013 auch f\u00fcr empfindliche Haut.<\/p>\n<p>DIE HERSTELLUNG <\/p>\n<p>Diese Seife enth\u00e4lt nur hochwertige Rohstoffe. Das nat\u00fcrliche Glyzerin \u2013 welches bei der Verseifung entsteht \u2013 bleibt bei der schonenden Herstellung erhalten und macht diese Seife besonders hautvertr\u00e4glich. Sie ist daher auch bestens f\u00fcr empfindliche Haut geeignet. <\/p>\n<p>DAS BESONDERE<\/p>\n<p>handgesiedet und nat\u00fcrlich<br \/>\nberuhigender und entspannender Duft<br \/>\nmit Oliven, Kokos\u00f6l- u. Rizinus\u00f6l<br \/>\nechten Lavendelbl\u00fcten<br \/>\n100% naturreinem \u00e4ther. Lavendel\u00f6l<br \/>\nrein pflanzlich und vegan<br \/>\nhergestellt in \u00d6sterreich<br \/>\nvon Hand verpackt ohne Plastik<br \/>\nfrei von Konservierungsstoffen<br \/>\n120g Frischgewicht<\/p>\n<p>Inhaltsstoffe in Deutsch: Oliven\u00f6l, Kokos\u00f6l, Ricinus\u00f6l, \u00e4ther. Lavandin\u00f6l, Lavendelbl\u00fcten, nat\u00fcrliches Farbpigment. <\/p>\n<p>Ingredients: SODIUM OLIVATE, SODIUM COCOATE, GLYCERIN, RICINUS COMMUNIS SEED OIL, LAVANDULA HYBRIDA OIL, LINALOOL, LAVANDULA HYBRIDA FLOWER, TITANIUM DIOXIDE, GERANIOL*, LIMONENE*, TIN OXIDE, MICA, CI 77491, CI 77742.<\/p>\n<p>*nat\u00fcrlicher Bestandteil \u00e4therischer \u00d6le.<\/p>\n","protected":false},"excerpt":{"rendered":"<p>Naturseife LAVENDELBL\u00dcTEN handgesiedet Hergestellt in Handarbeit aus rein pflanzlichen und hochwertigen \u00d6len. Mit Oliven\u00f6l, Kokos\u00f6l, Rizinus\u00f6l, Lavendelbl\u00fcten und 100% naturreinem \u00e4therischem Lavendel\u00f6l. Harmonie f\u00fcr K\u00f6rper und Geist. Besonders pflegende Naturseife. Lavendelduft entspannt und beruhigt K\u00f6rper und Geist. Mild reinigende Seife mit 100% naturreinem \u00e4ther. Lavendel\u00f6l und Lavendelbl\u00fcten. Der Duft von Lavendel entspannt, beruhigt K\u00f6rper und &hellip; <a href=\"https:\/\/www.regionalis.shop\/kraeuterwerkstatt-natur-aromamanufaktur\/shop\/naturseife-lavendel-handgesiedet\/\">Continued<\/a><\/p>\n","protected":false},"featured_media":1138,"template":"","meta":{"_acf_changed":false},"product_brand":[],"product_cat":[52,76],"product_tag":[],"class_list":{"0":"post-1137","1":"product","2":"type-product","3":"status-publish","4":"has-post-thumbnail","6":"product_cat-kosmetika","7":"product_cat-seifen","9":"first","10":"instock","11":"purchasable","12":"product-type-simple"},"acf":[],"_links":{"self":[{"href":"https:\/\/www.regionalis.shop\/kraeuterwerkstatt-natur-aromamanufaktur\/wp-json\/wp\/v2\/product\/1137","targetHints":{"allow":["GET"]}}],"collection":[{"href":"https:\/\/www.regionalis.shop\/kraeuterwerkstatt-natur-aromamanufaktur\/wp-json\/wp\/v2\/product"}],"about":[{"href":"https:\/\/www.regionalis.shop\/kraeuterwerkstatt-natur-aromamanufaktur\/wp-json\/wp\/v2\/types\/product"}],"wp:featuredmedia":[{"embeddable":true,"href":"https:\/\/www.regionalis.shop\/kraeuterwerkstatt-natur-aromamanufaktur\/wp-json\/wp\/v2\/media\/1138"}],"wp:attachment":[{"href":"https:\/\/www.regionalis.shop\/kraeuterwerkstatt-natur-aromamanufaktur\/wp-json\/wp\/v2\/media?parent=1137"}],"wp:term":[{"taxonomy":"product_brand","embeddable":true,"href":"https:\/\/www.regionalis.shop\/kraeuterwerkstatt-natur-aromamanufaktur\/wp-json\/wp\/v2\/product_brand?post=1137"},{"taxonomy":"product_cat","embeddable":true,"href":"https:\/\/www.regionalis.shop\/kraeuterwerkstatt-natur-aromamanufaktur\/wp-json\/wp\/v2\/product_cat?post=1137"},{"taxonomy":"product_tag","embeddable":true,"href":"https:\/\/www.regionalis.shop\/kraeuterwerkstatt-natur-aromamanufaktur\/wp-json\/wp\/v2\/product_tag?post=1137"}],"curies":[{"name":"wp","href":"https:\/\/api.w.org\/{rel}","templated":true}]}}