{"id":1142,"date":"2025-04-18T09:28:20","date_gmt":"2025-04-18T07:28:20","guid":{"rendered":"https:\/\/www.regionalis.shop\/kraeuterwerkstatt-natur-aromamanufaktur\/product\/naturseife-olivenoel-handgesiedet\/"},"modified":"2025-04-18T09:28:20","modified_gmt":"2025-04-18T07:28:20","slug":"naturseife-olivenoel-handgesiedet","status":"publish","type":"product","link":"https:\/\/www.regionalis.shop\/kraeuterwerkstatt-natur-aromamanufaktur\/shop\/naturseife-olivenoel-handgesiedet\/","title":{"rendered":"Naturseife OLIVEN\u00d6L handgesiedet"},"content":{"rendered":"<p>Naturseife OLIVEN\u00d6L handgesiedet<br \/>\nHergestellt in Handarbeit aus rein pflanzlichen und hochwertigen \u00d6len.  <\/p>\n<p>Mit Oliven\u00f6l, einem Hauch von Jojoba und 100% naturreinem \u00e4therischem Zypressen\u00f6l.<\/p>\n<p>Diese Naturseife hat eine Reifezeit von 12 Monaten hinter sich, bevor sie die Kr\u00e4uterwerkstatt verl\u00e4sst. Je mehr Zeit man einer Oliven\u00f6lseife zum reifen l\u00e4sst desto h\u00f6her ist die Qualit\u00e4t. Die Oliven\u00f6lseife ist f\u00fcr den ganzen K\u00f6rper geeignet und pflegt aufgrund ihrer \u201eMilde\u201c auf besonders schonende Weise. Der wunderbar mediterrane Duft wirkt ausgleichend, st\u00e4rkend und kl\u00e4rend auf den Geist. Das enthaltene 100% naturreine \u00e4therische Zypressen\u00f6l ist f\u00fcr seine desinfizierenden, entz\u00fcndungshemmenden, juckreizstillenden und antiallergischen Eigenschaften bekannt &#8211; f\u00fchl dich wohl! <\/p>\n<p>DER DUFT <\/p>\n<p>Zypresse \u2013 mediterran <\/p>\n<p>F\u00dcR WELCHEN HAUTTYP <\/p>\n<p>F\u00fcr alle Hauttypen bestens geeignet \u2013 auch f\u00fcr besonders empfindliche Haut. <\/p>\n<p>DIE HERSTELLUNG <\/p>\n<p>Diese Seife enth\u00e4lt nur hochwertige Rohstoffe. Das nat\u00fcrliche Glyzerin \u2013 welches bei der Verseifung entsteht \u2013 bleibt bei der schonenden Herstellung erhalten und macht diese Seife besonders hautvertr\u00e4glich. Sie ist daher auch bestens f\u00fcr empfindliche Haut geeignet. <\/p>\n<p>DAS BESONDERE<\/p>\n<p>handgesiedet und nat\u00fcrlich<br \/>\nhat einen mediterranen Duft<br \/>\nmit reinem Oliven\u00f6l und einem Hauch Jojoba<br \/>\n100% naturreines \u00e4ther. Zypressen\u00f6l<br \/>\nrein pflanzlich und vegan<br \/>\nhergestellt in \u00d6sterreich<br \/>\nvon Hand verpackt ohne Plastik<br \/>\nfrei von Konservierungsstoffen<br \/>\n120g Frischgewicht<\/p>\n<p>Inhaltsstoffe in Deutsch:  Oliven\u00f6l, Jojoba\u00f6l, \u00e4ther. \u00d6l Zypresse.<\/p>\n<p>Ingredients: SODIUM OLIVATE, GLYCERIN, SIMMONDSIA CHINENSIS SEED OIL, CUPRESSUS SEMPERVIRENS OIL, LIMONENE, CI 77019, CI 77891, CI 77492. <\/p>\n<p>*nat\u00fcrlicher Bestandteil \u00e4therischer \u00d6le.<\/p>\n","protected":false},"excerpt":{"rendered":"<p>Naturseife OLIVEN\u00d6L handgesiedet Hergestellt in Handarbeit aus rein pflanzlichen und hochwertigen \u00d6len. Mit Oliven\u00f6l, einem Hauch von Jojoba und 100% naturreinem \u00e4therischem Zypressen\u00f6l. Diese Naturseife hat eine Reifezeit von 12 Monaten hinter sich, bevor sie die Kr\u00e4uterwerkstatt verl\u00e4sst. Je mehr Zeit man einer Oliven\u00f6lseife zum reifen l\u00e4sst desto h\u00f6her ist die Qualit\u00e4t. Die Oliven\u00f6lseife ist &hellip; <a href=\"https:\/\/www.regionalis.shop\/kraeuterwerkstatt-natur-aromamanufaktur\/shop\/naturseife-olivenoel-handgesiedet\/\">Continued<\/a><\/p>\n","protected":false},"featured_media":1143,"template":"","meta":{"_acf_changed":false},"product_brand":[],"product_cat":[52,76],"product_tag":[],"class_list":{"0":"post-1142","1":"product","2":"type-product","3":"status-publish","4":"has-post-thumbnail","6":"product_cat-kosmetika","7":"product_cat-seifen","9":"first","10":"instock","11":"purchasable","12":"product-type-simple"},"acf":[],"_links":{"self":[{"href":"https:\/\/www.regionalis.shop\/kraeuterwerkstatt-natur-aromamanufaktur\/wp-json\/wp\/v2\/product\/1142","targetHints":{"allow":["GET"]}}],"collection":[{"href":"https:\/\/www.regionalis.shop\/kraeuterwerkstatt-natur-aromamanufaktur\/wp-json\/wp\/v2\/product"}],"about":[{"href":"https:\/\/www.regionalis.shop\/kraeuterwerkstatt-natur-aromamanufaktur\/wp-json\/wp\/v2\/types\/product"}],"wp:featuredmedia":[{"embeddable":true,"href":"https:\/\/www.regionalis.shop\/kraeuterwerkstatt-natur-aromamanufaktur\/wp-json\/wp\/v2\/media\/1143"}],"wp:attachment":[{"href":"https:\/\/www.regionalis.shop\/kraeuterwerkstatt-natur-aromamanufaktur\/wp-json\/wp\/v2\/media?parent=1142"}],"wp:term":[{"taxonomy":"product_brand","embeddable":true,"href":"https:\/\/www.regionalis.shop\/kraeuterwerkstatt-natur-aromamanufaktur\/wp-json\/wp\/v2\/product_brand?post=1142"},{"taxonomy":"product_cat","embeddable":true,"href":"https:\/\/www.regionalis.shop\/kraeuterwerkstatt-natur-aromamanufaktur\/wp-json\/wp\/v2\/product_cat?post=1142"},{"taxonomy":"product_tag","embeddable":true,"href":"https:\/\/www.regionalis.shop\/kraeuterwerkstatt-natur-aromamanufaktur\/wp-json\/wp\/v2\/product_tag?post=1142"}],"curies":[{"name":"wp","href":"https:\/\/api.w.org\/{rel}","templated":true}]}}