{"id":1147,"date":"2025-04-18T09:28:20","date_gmt":"2025-04-18T07:28:20","guid":{"rendered":"https:\/\/www.regionalis.shop\/kraeuterwerkstatt-natur-aromamanufaktur\/product\/naturseife-maennerseife-handgesiedet\/"},"modified":"2025-04-18T09:28:20","modified_gmt":"2025-04-18T07:28:20","slug":"naturseife-maennerseife-handgesiedet","status":"publish","type":"product","link":"https:\/\/www.regionalis.shop\/kraeuterwerkstatt-natur-aromamanufaktur\/shop\/naturseife-maennerseife-handgesiedet\/","title":{"rendered":"Naturseife M\u00c4NNERSEIFE handgesiedet"},"content":{"rendered":"<p>Naturseife M\u00c4NNERSEIFE HANF handgesiedet<br \/>\nHergestellt in Handarbeit aus rein pflanzlichen und hochwertigen \u00d6len. Mit Hanf\u00f6l, Oliven\u00f6l, Kokos\u00f6l, Sheabutter, Rizinus\u00f6l, Kr\u00e4utern, Zitronens\u00e4ure und 100% naturreinem \u00e4therischem \u00d6l. <\/p>\n<p>Besonders milde Naturseife mit toller Schaumbildung f\u00fcr die sensible M\u00e4nnerhaut. Rasieren, Duschen und Haare waschen \u2013 alles in einem. <\/p>\n<p>Diese besonders pflegende Seife mit Hanf\u00f6l, Kr\u00e4utern und reinem \u00e4therischen \u00d6l ersetzt gleich mehrere Produkte. Sie hat eine wunderbare Schaumbildung und belebt die Haut auf milde Weise. Die eingearbeiteten Kr\u00e4uter haben einen leichten Peeling-Effekt und machen diese Seife zu einem optischen Hingucker. Beduftet ist die M\u00e4nnerseife mit 100% naturreinem \u00e4ther. \u00d6l \u201eLitsea Cubeba\u201c \u2013 rundum Pflege f\u00fcr sensible M\u00e4nner! <\/p>\n<p>DER DUFT <\/p>\n<p>Litsea Cubeba, frisch, belebend <\/p>\n<p>F\u00dcR WELCHEN HAUTTYP <\/p>\n<p>F\u00fcr alle Hauttypen bestens geeignet \u2013 auch f\u00fcr empfindliche Haut. <\/p>\n<p>DIE HERSTELLUNG <\/p>\n<p>Diese Seife enth\u00e4lt nur hochwertige Rohstoffe. Das nat\u00fcrliche Glyzerin \u2013 welches bei der Verseifung entsteht \u2013 bleibt bei der schonenden Herstellung erhalten und macht diese Seife besonders hautvertr\u00e4glich. Sie ist daher auch bestens f\u00fcr empfindliche Haut geeignet. <\/p>\n<p>DAS BESONDERE<\/p>\n<p>handgesiedet und nat\u00fcrlich<br \/>\nhat einen frischen, belebenden Duft<br \/>\nmit Hanf\u00f6l, Sheabutter, Oliven\u00f6l, Kokos\u00f6l, Rizinus\u00f6l<br \/>\n100% naturreines \u00e4ther. \u00d6l<br \/>\nrein pflanzlich und vegan<br \/>\nhergestellt in \u00d6sterreich<br \/>\nvon Hand verpackt ohne Plastik<br \/>\nfrei von Konservierungsstoffen<br \/>\n120g Frischgewicht<\/p>\n<p>Inhaltsstoffe in Deutsch: Oliven\u00f6l, Kokos\u00f6l, Sheabutter, nat\u00fcrliches Glycerin, Hanf\u00f6l, \u00e4ther. \u00d6l Litsea Cubeba, Zitronens\u00e4ure, Brennnesselbl\u00e4tter. <\/p>\n<p>Ingredients: SODIUM OLIVATE, SODIUM COCOATE, SODIUM SHEA BUTTERATE, GLYCERIN, CANNABIS SATIVA SEED OIL, LITSEA CUBEBA FRUIT OIL, CITRIC ACID, LIMONENE*, URTICA DIOICA LEAF POWDER, LINALOOL*.<\/p>\n<p>*nat\u00fcrlicher Bestandteil \u00e4therischer \u00d6le.<\/p>\n","protected":false},"excerpt":{"rendered":"<p>Naturseife M\u00c4NNERSEIFE HANF handgesiedet Hergestellt in Handarbeit aus rein pflanzlichen und hochwertigen \u00d6len. Mit Hanf\u00f6l, Oliven\u00f6l, Kokos\u00f6l, Sheabutter, Rizinus\u00f6l, Kr\u00e4utern, Zitronens\u00e4ure und 100% naturreinem \u00e4therischem \u00d6l. Besonders milde Naturseife mit toller Schaumbildung f\u00fcr die sensible M\u00e4nnerhaut. Rasieren, Duschen und Haare waschen \u2013 alles in einem. Diese besonders pflegende Seife mit Hanf\u00f6l, Kr\u00e4utern und reinem \u00e4therischen &hellip; <a href=\"https:\/\/www.regionalis.shop\/kraeuterwerkstatt-natur-aromamanufaktur\/shop\/naturseife-maennerseife-handgesiedet\/\">Continued<\/a><\/p>\n","protected":false},"featured_media":1148,"template":"","meta":{"_acf_changed":false},"product_brand":[],"product_cat":[52,76],"product_tag":[],"class_list":{"0":"post-1147","1":"product","2":"type-product","3":"status-publish","4":"has-post-thumbnail","6":"product_cat-kosmetika","7":"product_cat-seifen","9":"first","10":"instock","11":"purchasable","12":"product-type-simple"},"acf":[],"_links":{"self":[{"href":"https:\/\/www.regionalis.shop\/kraeuterwerkstatt-natur-aromamanufaktur\/wp-json\/wp\/v2\/product\/1147","targetHints":{"allow":["GET"]}}],"collection":[{"href":"https:\/\/www.regionalis.shop\/kraeuterwerkstatt-natur-aromamanufaktur\/wp-json\/wp\/v2\/product"}],"about":[{"href":"https:\/\/www.regionalis.shop\/kraeuterwerkstatt-natur-aromamanufaktur\/wp-json\/wp\/v2\/types\/product"}],"wp:featuredmedia":[{"embeddable":true,"href":"https:\/\/www.regionalis.shop\/kraeuterwerkstatt-natur-aromamanufaktur\/wp-json\/wp\/v2\/media\/1148"}],"wp:attachment":[{"href":"https:\/\/www.regionalis.shop\/kraeuterwerkstatt-natur-aromamanufaktur\/wp-json\/wp\/v2\/media?parent=1147"}],"wp:term":[{"taxonomy":"product_brand","embeddable":true,"href":"https:\/\/www.regionalis.shop\/kraeuterwerkstatt-natur-aromamanufaktur\/wp-json\/wp\/v2\/product_brand?post=1147"},{"taxonomy":"product_cat","embeddable":true,"href":"https:\/\/www.regionalis.shop\/kraeuterwerkstatt-natur-aromamanufaktur\/wp-json\/wp\/v2\/product_cat?post=1147"},{"taxonomy":"product_tag","embeddable":true,"href":"https:\/\/www.regionalis.shop\/kraeuterwerkstatt-natur-aromamanufaktur\/wp-json\/wp\/v2\/product_tag?post=1147"}],"curies":[{"name":"wp","href":"https:\/\/api.w.org\/{rel}","templated":true}]}}