{"id":1152,"date":"2025-04-18T09:28:20","date_gmt":"2025-04-18T07:28:20","guid":{"rendered":"https:\/\/www.regionalis.shop\/kraeuterwerkstatt-natur-aromamanufaktur\/product\/naturseife-gaertnerseife-handgesiedet\/"},"modified":"2025-04-18T09:28:20","modified_gmt":"2025-04-18T07:28:20","slug":"naturseife-gaertnerseife-handgesiedet","status":"publish","type":"product","link":"https:\/\/www.regionalis.shop\/kraeuterwerkstatt-natur-aromamanufaktur\/shop\/naturseife-gaertnerseife-handgesiedet\/","title":{"rendered":"Naturseife G\u00c4RTNERSEIFE handgesiedet"},"content":{"rendered":"<p>Naturseife G\u00c4RTNERSEIFE handgesiedet<br \/>\nHergestellt in Handarbeit aus rein pflanzlichen und hochwertigen \u00d6len. Mit Oliven-, Kokos- und Rizinus\u00f6l, Pfefferminzbl\u00e4ttern und 100% naturreinem \u00e4therischem Pfefferminz\u00f6l.<\/p>\n<p>Diese erfrischende Naturseife pflegt und belebt m\u00fcde Haut und reinigt stark verschmutzte H\u00e4nde dank der eingearbeiteten Pfefferminze mit nat\u00fcrlichem Peeling-Effekt. <\/p>\n<p>Pfefferminze revitalisiert und belebt. Diese Naturseife ist pure Erfrischung f\u00fcr die Haut dank echtem Pfefferminz\u00f6l und Pfefferminzbl\u00e4ttern. Diese werden bei der Herstellung eingearbeitet, dadurch ist diese Seife ein optischer Hingucker und es entsteht ein leichter Peeling-Effekt. Diese Seife vitalisiert, belebt, pflegt m\u00fcde Haut und reinigt stark verschmutzte H\u00e4nde \u2013 f\u00fchl dich wohl! <\/p>\n<p>DER DUFT <\/p>\n<p>Pfefferminze, belebend, frisch, vitalisierend <\/p>\n<p>F\u00dcR WELCHEN HAUTTYP<br \/>\nF\u00fcr alle Hauttypen bestens geeignet \u2013 besonders bei m\u00fcder Haut oder stark verschmutzten H\u00e4nden.<\/p>\n<p>DIE HERSTELLUNG <\/p>\n<p>Diese Seife enth\u00e4lt nur hochwertige Rohstoffe. Das nat\u00fcrliche Glyzerin \u2013 welches bei der Verseifung entsteht \u2013 bleibt bei der schonenden Herstellung erhalten und macht diese Seife besonders hautvertr\u00e4glich. Sie ist daher auch bestens f\u00fcr empfindliche Haut geeignet. <\/p>\n<p>DAS BESONDERE<\/p>\n<p>handgesiedet und nat\u00fcrlich<br \/>\nfrischer, vitalisierender Duft<br \/>\nmit Oliven-, Kokos- und Rizinus\u00f6l<br \/>\nmit Pfefferminzbl\u00e4ttern<br \/>\n100% naturreines \u00e4ther. Pfefferminz\u00f6l<br \/>\nrein pflanzlich und vegan<br \/>\nhergestellt in \u00d6sterreich<br \/>\nvon Hand verpackt ohne Plastik<br \/>\nfrei von Konservierungsstoffen<br \/>\n120g Frischgewicht<\/p>\n<p>Inhaltsstoffe in Deutsch: Oliven\u00f6l, Kokos\u00f6l, nat\u00fcrliches Glycerin, Risinus\u00f6l, \u00e4ther. Pfefferminz\u00f6l, nat\u00fcrliches Farbpigment. <\/p>\n<p>Ingredients: SODIUM OLIVATE, SODIUM COCOATE, GLYCERIN, RICINUS COMMUNIS SEED OIL, MENTHA PIPERITA OIL, MENTHA PIPERITA LEAF, TITANIUM DIOXIDE, LIMONENE*, MICA, CI 77288.<\/p>\n<p>*nat\u00fcrlicher Bestandteil \u00e4therischer \u00d6le.<\/p>\n","protected":false},"excerpt":{"rendered":"<p>Naturseife G\u00c4RTNERSEIFE handgesiedet Hergestellt in Handarbeit aus rein pflanzlichen und hochwertigen \u00d6len. Mit Oliven-, Kokos- und Rizinus\u00f6l, Pfefferminzbl\u00e4ttern und 100% naturreinem \u00e4therischem Pfefferminz\u00f6l. Diese erfrischende Naturseife pflegt und belebt m\u00fcde Haut und reinigt stark verschmutzte H\u00e4nde dank der eingearbeiteten Pfefferminze mit nat\u00fcrlichem Peeling-Effekt. Pfefferminze revitalisiert und belebt. Diese Naturseife ist pure Erfrischung f\u00fcr die Haut &hellip; <a href=\"https:\/\/www.regionalis.shop\/kraeuterwerkstatt-natur-aromamanufaktur\/shop\/naturseife-gaertnerseife-handgesiedet\/\">Continued<\/a><\/p>\n","protected":false},"featured_media":1153,"template":"","meta":{"_acf_changed":false},"product_brand":[],"product_cat":[52,76],"product_tag":[],"class_list":{"0":"post-1152","1":"product","2":"type-product","3":"status-publish","4":"has-post-thumbnail","6":"product_cat-kosmetika","7":"product_cat-seifen","9":"first","10":"instock","11":"purchasable","12":"product-type-simple"},"acf":[],"_links":{"self":[{"href":"https:\/\/www.regionalis.shop\/kraeuterwerkstatt-natur-aromamanufaktur\/wp-json\/wp\/v2\/product\/1152","targetHints":{"allow":["GET"]}}],"collection":[{"href":"https:\/\/www.regionalis.shop\/kraeuterwerkstatt-natur-aromamanufaktur\/wp-json\/wp\/v2\/product"}],"about":[{"href":"https:\/\/www.regionalis.shop\/kraeuterwerkstatt-natur-aromamanufaktur\/wp-json\/wp\/v2\/types\/product"}],"wp:featuredmedia":[{"embeddable":true,"href":"https:\/\/www.regionalis.shop\/kraeuterwerkstatt-natur-aromamanufaktur\/wp-json\/wp\/v2\/media\/1153"}],"wp:attachment":[{"href":"https:\/\/www.regionalis.shop\/kraeuterwerkstatt-natur-aromamanufaktur\/wp-json\/wp\/v2\/media?parent=1152"}],"wp:term":[{"taxonomy":"product_brand","embeddable":true,"href":"https:\/\/www.regionalis.shop\/kraeuterwerkstatt-natur-aromamanufaktur\/wp-json\/wp\/v2\/product_brand?post=1152"},{"taxonomy":"product_cat","embeddable":true,"href":"https:\/\/www.regionalis.shop\/kraeuterwerkstatt-natur-aromamanufaktur\/wp-json\/wp\/v2\/product_cat?post=1152"},{"taxonomy":"product_tag","embeddable":true,"href":"https:\/\/www.regionalis.shop\/kraeuterwerkstatt-natur-aromamanufaktur\/wp-json\/wp\/v2\/product_tag?post=1152"}],"curies":[{"name":"wp","href":"https:\/\/api.w.org\/{rel}","templated":true}]}}