{"id":1169,"date":"2025-04-18T09:27:15","date_gmt":"2025-04-18T07:27:15","guid":{"rendered":"https:\/\/www.regionalis.shop\/kraeuterwerkstatt-natur-aromamanufaktur\/product\/naturseife-ringelblume-handgesiedet\/"},"modified":"2025-04-18T09:27:15","modified_gmt":"2025-04-18T07:27:15","slug":"naturseife-ringelblume-handgesiedet","status":"publish","type":"product","link":"https:\/\/www.regionalis.shop\/kraeuterwerkstatt-natur-aromamanufaktur\/shop\/naturseife-ringelblume-handgesiedet\/","title":{"rendered":"Naturseife RINGELBLUME handgesiedet"},"content":{"rendered":"<p>Naturseife RINGELBLUME handgesiedet<br \/>\nHergestellt in Handarbeit aus rein pflanzlichen und hochwertigen \u00d6len. Mit Oliven\u00f6l, Kokos\u00f6l, echtem Ringelblumen\u00f6l, Rizinus\u00f6l und 100% naturreinem \u00e4therischem Orangen\u00f6l.<\/p>\n<p>Besonders milde und reichhaltige Naturseife f\u00fcr empfindliche und sensible Haut.<\/p>\n<p>Diese handgesiedete Seife \u00fcberzeugt mit dem angenehmen Duft nach Orange und den besonders pflegenden Eigenschaften der Ringelblume. Als Heilpflanze ist die Ringelblume f\u00fcr ihre heilende und regenerierende Wirkung bekannt. Diese Naturseife belebt die Haut und sorgt f\u00fcr ein gepflegtes Hautgef\u00fchl. Die fr\u00f6hliche Farbe erhellt das Gem\u00fct und zaubert dir ein L\u00e4cheln ins Gesicht. Mit Ringelblumenkr\u00e4utern und Ringelblumen\u00f6l \u2013 f\u00fchl dich wohl! <\/p>\n<p>DER DUFT <\/p>\n<p>Orange, warm, belebend <\/p>\n<p>F\u00dcR WELCHEN HAUTTYP <\/p>\n<p>F\u00fcr alle Hauttypen, besonders f\u00fcr empfindliche und sensible Haut bestens geeignet. Zur Regeneration.<\/p>\n<p>DIE HERSTELLUNG <\/p>\n<p>Diese Seife enth\u00e4lt nur hochwertige Rohstoffe. Das nat\u00fcrliche Glyzerin \u2013 welches bei der Verseifung entsteht \u2013 bleibt bei der schonenden Herstellung erhalten und macht diese Seife besonders hautvertr\u00e4glich. Sie ist daher auch bestens f\u00fcr empfindliche Haut geeignet. <\/p>\n<p>DAS BESONDERE<\/p>\n<p>handgesiedet und nat\u00fcrlich<br \/>\nbelebender, warmer Duft<br \/>\nmit Oliven, Kokos\u00f6l, Rizinus- u. Ringelblumen\u00f6l<br \/>\n100% naturreinem \u00e4ther. Orangen\u00f6l<br \/>\nrein pflanzlich und vegan<br \/>\nhergestellt in \u00d6sterreich<br \/>\nvon Hand verpackt ohne Plastik<br \/>\nfrei von Konservierungsstoffen<br \/>\n120g Frischgewicht<\/p>\n<p>Inhaltsstoffe in Deutsch: Oliven\u00f6l, Kokos\u00f6l, Soja\u00f6l, Ricinus\u00f6l, \u00e4ther. Orangen\u00f6l, Ringelblume, Vitamin E, nat\u00fcrliches Farbpigment. <\/p>\n<p>Ingredients: SODIUM OLIVATE, SODIUM COCOATE, SODIUM SOYATE, GLYCERIN, RICINUS COMMUNIS SEED OIL, CITRUS AURANTIUM DULCIS PEEL OIL, LIMONENE, CALENDULA OFFICINALIS FLOWER WATER , CINNAMYL ALCOHOL, COUMARIN, GERANIOL*, LINALOOL*, TOCOPHEROL, TIN OXIDE, <\/p>\n<p>MICA, TITANIUM DIOXIDE, CI 77491.<br \/>\n*nat\u00fcrlicher Bestandteil \u00e4therischer \u00d6le.<\/p>\n","protected":false},"excerpt":{"rendered":"<p>Naturseife RINGELBLUME handgesiedet Hergestellt in Handarbeit aus rein pflanzlichen und hochwertigen \u00d6len. Mit Oliven\u00f6l, Kokos\u00f6l, echtem Ringelblumen\u00f6l, Rizinus\u00f6l und 100% naturreinem \u00e4therischem Orangen\u00f6l. Besonders milde und reichhaltige Naturseife f\u00fcr empfindliche und sensible Haut. Diese handgesiedete Seife \u00fcberzeugt mit dem angenehmen Duft nach Orange und den besonders pflegenden Eigenschaften der Ringelblume. Als Heilpflanze ist die Ringelblume &hellip; <a href=\"https:\/\/www.regionalis.shop\/kraeuterwerkstatt-natur-aromamanufaktur\/shop\/naturseife-ringelblume-handgesiedet\/\">Continued<\/a><\/p>\n","protected":false},"featured_media":1170,"template":"","meta":{"_acf_changed":false},"product_brand":[],"product_cat":[52,76],"product_tag":[],"class_list":{"0":"post-1169","1":"product","2":"type-product","3":"status-publish","4":"has-post-thumbnail","6":"product_cat-kosmetika","7":"product_cat-seifen","9":"first","10":"instock","11":"purchasable","12":"product-type-simple"},"acf":[],"_links":{"self":[{"href":"https:\/\/www.regionalis.shop\/kraeuterwerkstatt-natur-aromamanufaktur\/wp-json\/wp\/v2\/product\/1169","targetHints":{"allow":["GET"]}}],"collection":[{"href":"https:\/\/www.regionalis.shop\/kraeuterwerkstatt-natur-aromamanufaktur\/wp-json\/wp\/v2\/product"}],"about":[{"href":"https:\/\/www.regionalis.shop\/kraeuterwerkstatt-natur-aromamanufaktur\/wp-json\/wp\/v2\/types\/product"}],"wp:featuredmedia":[{"embeddable":true,"href":"https:\/\/www.regionalis.shop\/kraeuterwerkstatt-natur-aromamanufaktur\/wp-json\/wp\/v2\/media\/1170"}],"wp:attachment":[{"href":"https:\/\/www.regionalis.shop\/kraeuterwerkstatt-natur-aromamanufaktur\/wp-json\/wp\/v2\/media?parent=1169"}],"wp:term":[{"taxonomy":"product_brand","embeddable":true,"href":"https:\/\/www.regionalis.shop\/kraeuterwerkstatt-natur-aromamanufaktur\/wp-json\/wp\/v2\/product_brand?post=1169"},{"taxonomy":"product_cat","embeddable":true,"href":"https:\/\/www.regionalis.shop\/kraeuterwerkstatt-natur-aromamanufaktur\/wp-json\/wp\/v2\/product_cat?post=1169"},{"taxonomy":"product_tag","embeddable":true,"href":"https:\/\/www.regionalis.shop\/kraeuterwerkstatt-natur-aromamanufaktur\/wp-json\/wp\/v2\/product_tag?post=1169"}],"curies":[{"name":"wp","href":"https:\/\/api.w.org\/{rel}","templated":true}]}}