{"id":1174,"date":"2025-04-18T09:27:15","date_gmt":"2025-04-18T07:27:15","guid":{"rendered":"https:\/\/www.regionalis.shop\/kraeuterwerkstatt-natur-aromamanufaktur\/product\/naturseife-steirerseife-handgesiedet\/"},"modified":"2025-04-18T09:27:15","modified_gmt":"2025-04-18T07:27:15","slug":"naturseife-steirerseife-handgesiedet","status":"publish","type":"product","link":"https:\/\/www.regionalis.shop\/kraeuterwerkstatt-natur-aromamanufaktur\/shop\/naturseife-steirerseife-handgesiedet\/","title":{"rendered":"Naturseife STEIRERSEIFE handgesiedet"},"content":{"rendered":"<p>Naturseife STEIRERSEIFE handgesiedet<br \/>\nHergestellt in Handarbeit aus rein pflanzlichen und hochwertigen \u00d6len. Mit echtem steirischen K\u00fcrbiskern\u00f6l und 100% naturreinem \u00e4therischem Edeltannen\u00f6l. <\/p>\n<p>Diese Naturseife ist f\u00fcr den ganzen K\u00f6rper geeignet und Dank des hohen Vitamin-E-Gehaltes des enthaltenen K\u00fcrbiskern\u00f6ls besonders pflegend. Der wunderbare Tannenduft beruhigt die Nerven und vermittelt Geborgenheit \u2013 f\u00fchl dich wohl! <\/p>\n<p>DER DUFT <\/p>\n<p>Edeltanne &#8211; waldig <\/p>\n<p>F\u00dcR WELCHEN HAUTTYP <\/p>\n<p>F\u00fcr alle Hauttypen bestens geeignet \u2013 auch f\u00fcr empfindliche Haut. <\/p>\n<p>DIE HERSTELLUNG <\/p>\n<p>Diese Seife enth\u00e4lt nur hochwertige Rohstoffe. Das nat\u00fcrliche Glyzerin \u2013 welches bei der Verseifung entsteht \u2013 bleibt bei der schonenden Herstellung erhalten und macht diese Seife besonders hautvertr\u00e4glich. Sie ist daher auch bestens f\u00fcr empfindliche Haut geeignet. <\/p>\n<p>DAS BESONDERE<\/p>\n<p>handgesiedet und nat\u00fcrlich<br \/>\nhat einen beruhigenden, waldigen Duft<br \/>\nmit echtem steirischem K\u00fcrbiskern\u00f6l<br \/>\nnur 100% naturreines \u00e4ther. Edeltannen\u00f6l<br \/>\nrein pflanzlich und vegan<br \/>\nhergestellt in \u00d6sterreich<br \/>\nvon Hand verpackt ohne Plastik<br \/>\nfrei von Konservierungsstoffen<br \/>\n120g Frischgewicht<\/p>\n<p>Inhaltsstoffe in Deutsch: Oliven\u00f6l, Kokos\u00f6l, Raps\u00f6l, Kakaobutter, steirisches K\u00fcrbiskern\u00f6l, \u00e4ther. \u00d6l Edeltanne, nat\u00fcrliches Farbpigment.<\/p>\n<p>Ingredients: SODIUM OLIVATE, SODIUM COCOATE, SODIUM RAPESEEDATE, SODIUM COCOA BUTTERATE, GLYCERIN, CUCURBITA PEPO SEED OIL, ABIES ALBA LEAF OIL, LIMONENE*, TITANIUM DIOXIDE, CI 77019, CI 77491, CI 77492, CI 77288.<\/p>\n<p>*nat\u00fcrlicher Bestandteil \u00e4therischer \u00d6le.<\/p>\n","protected":false},"excerpt":{"rendered":"<p>Naturseife STEIRERSEIFE handgesiedet Hergestellt in Handarbeit aus rein pflanzlichen und hochwertigen \u00d6len. Mit echtem steirischen K\u00fcrbiskern\u00f6l und 100% naturreinem \u00e4therischem Edeltannen\u00f6l. Diese Naturseife ist f\u00fcr den ganzen K\u00f6rper geeignet und Dank des hohen Vitamin-E-Gehaltes des enthaltenen K\u00fcrbiskern\u00f6ls besonders pflegend. Der wunderbare Tannenduft beruhigt die Nerven und vermittelt Geborgenheit \u2013 f\u00fchl dich wohl! DER DUFT Edeltanne &hellip; <a href=\"https:\/\/www.regionalis.shop\/kraeuterwerkstatt-natur-aromamanufaktur\/shop\/naturseife-steirerseife-handgesiedet\/\">Continued<\/a><\/p>\n","protected":false},"featured_media":1175,"template":"","meta":{"_acf_changed":false},"product_brand":[],"product_cat":[52,76],"product_tag":[],"class_list":{"0":"post-1174","1":"product","2":"type-product","3":"status-publish","4":"has-post-thumbnail","6":"product_cat-kosmetika","7":"product_cat-seifen","9":"first","10":"instock","11":"purchasable","12":"product-type-simple"},"acf":[],"_links":{"self":[{"href":"https:\/\/www.regionalis.shop\/kraeuterwerkstatt-natur-aromamanufaktur\/wp-json\/wp\/v2\/product\/1174","targetHints":{"allow":["GET"]}}],"collection":[{"href":"https:\/\/www.regionalis.shop\/kraeuterwerkstatt-natur-aromamanufaktur\/wp-json\/wp\/v2\/product"}],"about":[{"href":"https:\/\/www.regionalis.shop\/kraeuterwerkstatt-natur-aromamanufaktur\/wp-json\/wp\/v2\/types\/product"}],"wp:featuredmedia":[{"embeddable":true,"href":"https:\/\/www.regionalis.shop\/kraeuterwerkstatt-natur-aromamanufaktur\/wp-json\/wp\/v2\/media\/1175"}],"wp:attachment":[{"href":"https:\/\/www.regionalis.shop\/kraeuterwerkstatt-natur-aromamanufaktur\/wp-json\/wp\/v2\/media?parent=1174"}],"wp:term":[{"taxonomy":"product_brand","embeddable":true,"href":"https:\/\/www.regionalis.shop\/kraeuterwerkstatt-natur-aromamanufaktur\/wp-json\/wp\/v2\/product_brand?post=1174"},{"taxonomy":"product_cat","embeddable":true,"href":"https:\/\/www.regionalis.shop\/kraeuterwerkstatt-natur-aromamanufaktur\/wp-json\/wp\/v2\/product_cat?post=1174"},{"taxonomy":"product_tag","embeddable":true,"href":"https:\/\/www.regionalis.shop\/kraeuterwerkstatt-natur-aromamanufaktur\/wp-json\/wp\/v2\/product_tag?post=1174"}],"curies":[{"name":"wp","href":"https:\/\/api.w.org\/{rel}","templated":true}]}}