{"id":1179,"date":"2025-04-18T06:50:34","date_gmt":"2025-04-18T04:50:34","guid":{"rendered":"https:\/\/www.regionalis.shop\/kraeuterwerkstatt-natur-aromamanufaktur\/product\/naturseife-rosenblueten-handgesiedet\/"},"modified":"2025-04-18T06:50:34","modified_gmt":"2025-04-18T04:50:34","slug":"naturseife-rosenblueten-handgesiedet","status":"publish","type":"product","link":"https:\/\/www.regionalis.shop\/kraeuterwerkstatt-natur-aromamanufaktur\/shop\/naturseife-rosenblueten-handgesiedet\/","title":{"rendered":"Naturseife ROSENBL\u00dcTEN handgesiedet"},"content":{"rendered":"<p>Naturseife ROSENBL\u00dcTEN handgesiedet<br \/>\nHergestellt in Handarbeit aus rein pflanzlichen und hochwertigen \u00d6len. Mit Oliven-, Kokos- und Rizinus\u00f6l, Rosenbl\u00fcten und 100% naturreinem \u00e4therischem Geranium\u00f6l.<\/p>\n<p>Milde Rosenseife mit leichtem Peeling-Effekt. Dank der tollen Schaumbildung auch bestens zum Duschen geeignet. <\/p>\n<p>Hervorragende Naturseife mit echten Rosenbl\u00fcten. Diese Seife \u00fcberzeugt mit ihrem herrlichen Rosenduft. Bei der Herstellung werden Rosenbl\u00fcten eingearbeitet, dadurch wird diese Seife ein optischer Hingucker und man hat einen leichten Peeling-Effekt. Diese Seife hat eine hervorragende Schaumbildung und ist auch die ideale Duschseife. Weiters ist die Rose ist f\u00fcr ihre pflegenden und harmonisierenden Eigenschaften bekannt &#8211; f\u00fchl dich wohl!<\/p>\n<p>DER DUFT <\/p>\n<p>Rosig, blumig, harmonisierend <\/p>\n<p>F\u00dcR WELCHEN HAUTTYP <\/p>\n<p>F\u00fcr alle Hauttypen bestens geeignet \u2013 auch f\u00fcr empfindliche Haut. Hervorragende Duschseife!<\/p>\n<p>DIE HERSTELLUNG <\/p>\n<p>Diese Seife enth\u00e4lt nur hochwertige Rohstoffe. Das nat\u00fcrliche Glyzerin \u2013 welches bei der Verseifung entsteht \u2013 bleibt bei der schonenden Herstellung erhalten und macht diese Seife besonders hautvertr\u00e4glich. Sie ist daher auch bestens f\u00fcr empfindliche Haut geeignet. <\/p>\n<p>DAS BESONDERE<\/p>\n<p>handgesiedet und nat\u00fcrlich<br \/>\nberuhigender, harmonisierender Duft<br \/>\nOliven-, Kokos\u00f6l- und Rizinus\u00f6l<br \/>\nechte Rosenbl\u00fcten<br \/>\n100% naturreines \u00e4ther. Geranium\u00f6l<br \/>\nrein pflanzlich und vegan<br \/>\nhergestellt in \u00d6sterreich<br \/>\nvon Hand verpackt ohne Plastik<br \/>\nfrei von Konservierungsstoffen<br \/>\n120g Frischgewicht<\/p>\n<p>Inhaltsstoffe in Deutsch: Oliven\u00f6l, Kokos\u00f6l, Ricinus\u00f6l, \u00e4ther. Geranien\u00f6l, Rosenbl\u00fcten, nat\u00fcrliches Farbpigment. <\/p>\n<p>Ingredients: SODIUM OLIVATE, SODIUM COCOATE, GLYCERIN, RICINUS COMMUNIS SEED OIL, CITRONELLOL, PELARGONIUM GRAVEOLENS FLOWER OIL, GERANIOL*, ROSA CENTIFOLIA FLOWER, MICA, TITANIUM DIOXIDE, LINALOOL*, CITRAL*, FARNESOL*, LIMONENE*,  SILICA,. CI 77491.<\/p>\n<p>*nat\u00fcrlicher Bestandteil \u00e4therischer \u00d6le.<\/p>\n","protected":false},"excerpt":{"rendered":"<p>Naturseife ROSENBL\u00dcTEN handgesiedet Hergestellt in Handarbeit aus rein pflanzlichen und hochwertigen \u00d6len. Mit Oliven-, Kokos- und Rizinus\u00f6l, Rosenbl\u00fcten und 100% naturreinem \u00e4therischem Geranium\u00f6l. Milde Rosenseife mit leichtem Peeling-Effekt. Dank der tollen Schaumbildung auch bestens zum Duschen geeignet. Hervorragende Naturseife mit echten Rosenbl\u00fcten. Diese Seife \u00fcberzeugt mit ihrem herrlichen Rosenduft. Bei der Herstellung werden Rosenbl\u00fcten eingearbeitet, &hellip; <a href=\"https:\/\/www.regionalis.shop\/kraeuterwerkstatt-natur-aromamanufaktur\/shop\/naturseife-rosenblueten-handgesiedet\/\">Continued<\/a><\/p>\n","protected":false},"featured_media":1180,"template":"","meta":{"_acf_changed":false},"product_brand":[],"product_cat":[52,76],"product_tag":[],"class_list":{"0":"post-1179","1":"product","2":"type-product","3":"status-publish","4":"has-post-thumbnail","6":"product_cat-kosmetika","7":"product_cat-seifen","9":"first","10":"instock","11":"purchasable","12":"product-type-simple"},"acf":[],"_links":{"self":[{"href":"https:\/\/www.regionalis.shop\/kraeuterwerkstatt-natur-aromamanufaktur\/wp-json\/wp\/v2\/product\/1179","targetHints":{"allow":["GET"]}}],"collection":[{"href":"https:\/\/www.regionalis.shop\/kraeuterwerkstatt-natur-aromamanufaktur\/wp-json\/wp\/v2\/product"}],"about":[{"href":"https:\/\/www.regionalis.shop\/kraeuterwerkstatt-natur-aromamanufaktur\/wp-json\/wp\/v2\/types\/product"}],"wp:featuredmedia":[{"embeddable":true,"href":"https:\/\/www.regionalis.shop\/kraeuterwerkstatt-natur-aromamanufaktur\/wp-json\/wp\/v2\/media\/1180"}],"wp:attachment":[{"href":"https:\/\/www.regionalis.shop\/kraeuterwerkstatt-natur-aromamanufaktur\/wp-json\/wp\/v2\/media?parent=1179"}],"wp:term":[{"taxonomy":"product_brand","embeddable":true,"href":"https:\/\/www.regionalis.shop\/kraeuterwerkstatt-natur-aromamanufaktur\/wp-json\/wp\/v2\/product_brand?post=1179"},{"taxonomy":"product_cat","embeddable":true,"href":"https:\/\/www.regionalis.shop\/kraeuterwerkstatt-natur-aromamanufaktur\/wp-json\/wp\/v2\/product_cat?post=1179"},{"taxonomy":"product_tag","embeddable":true,"href":"https:\/\/www.regionalis.shop\/kraeuterwerkstatt-natur-aromamanufaktur\/wp-json\/wp\/v2\/product_tag?post=1179"}],"curies":[{"name":"wp","href":"https:\/\/api.w.org\/{rel}","templated":true}]}}