{"id":1184,"date":"2025-04-18T06:50:34","date_gmt":"2025-04-18T04:50:34","guid":{"rendered":"https:\/\/www.regionalis.shop\/kraeuterwerkstatt-natur-aromamanufaktur\/product\/15-kraeuter-schlafkissen-mandala\/"},"modified":"2025-04-18T06:50:34","modified_gmt":"2025-04-18T04:50:34","slug":"15-kraeuter-schlafkissen-mandala","status":"publish","type":"product","link":"https:\/\/www.regionalis.shop\/kraeuterwerkstatt-natur-aromamanufaktur\/shop\/15-kraeuter-schlafkissen-mandala\/","title":{"rendered":"15-KR\u00c4UTER Schlafkissen MANDALA"},"content":{"rendered":"<p>-15-Kr\u00e4uter-Schlafkissen<br \/>\nJedes Kissen ist ein Unikat, denn es wurde liebevoll von Hand gen\u00e4ht und bef\u00fcllt mit naturbelassenen Kr\u00e4utern sowie Bio-Dinkelspelzen. <\/p>\n<p>Die enthaltenen Kr\u00e4uter sind f\u00fcr ihre positiven Eigenschaften in Bezug auf Entspannung und Beruhigung bekannt und finden seit jeher Verwendung als nat\u00fcrliche Unterst\u00fctzung bei Einschlaf- und Durchschlafproblemen. <\/p>\n<p>DAS BESONDERE <\/p>\n<p>enth\u00e4lt 15 ausgew\u00e4hlte Naturkr\u00e4uter und Bio-Dinkelspelz<br \/>\nnat\u00fcrliche  Unterst\u00fctzung bei Einschlaf- und Durchschlafproblemen<br \/>\nf\u00fcr Erwachsene und Kinder gleicherma\u00dfen geeignet<br \/>\nvon Hand gen\u00e4ht und bef\u00fcllt<br \/>\nBezug aus 100% Baumwolle<br \/>\nhergestellt in \u00d6sterreich<br \/>\nverpackt ohne Plastik<\/p>\n<p>15-KR\u00c4UTER-MISCHUNG <\/p>\n<p>Die Kr\u00e4uter sind 1A-Lebensmittelqualit\u00e4t bzw. Bio-Qualit\u00e4t. Enthalten sind&#8230; <\/p>\n<p>&#8230;Lavendelbl\u00fcten, Kamillenbl\u00fcten, Melissenbl\u00e4tter, Dillsaat, Johanniskraut, Eukalyptus, Lindenbl\u00fcten, Schafgarbe, Pfefferminze, M\u00e4des\u00fc\u00dfkraut, Holunderbl\u00fcten, Rosmarin, Steinkleekraut, Thymian. <\/p>\n<p>DER DINKELSPELZ <\/p>\n<p>Es handelt sich um gereinigte, entkeimte, entstaubte und in einem speziellen Verfahren w\u00e4rmebehandelte Dinkelspelzen aus kontrolliert biologischem Anbau. Dinkelspelzen eignen sich aufgrund Ihrer optimalen Anpassung an Nacken und Kopf hervorragend als F\u00fcllung f\u00fcr Schlafkissen. Dar\u00fcber hinaus sind Dinkelkissen wegen Ihrem hervorragenden Feuchtigkeitsaustausch gegen\u00fcber Federn, Daunen und synthetischen F\u00fcllungen sehr beliebt. <\/p>\n<p>F\u00dcR WEN IST DIESES KISSEN GEEIGNET?<\/p>\n<p>Dieses Kissen ist geeignet auch als Dauerschlaf-Kissen f\u00fcr Erwachsene und Kinder gleicherma\u00dfen. Erst durch die K\u00f6rperw\u00e4rme werden die \u00e4therischen \u00d6le der Kr\u00e4uter aktiviert und k\u00f6nnen ihre Wirkung wunderbar entfalten. Was soll ich sagen &#8211; dieses Kissen duftet fantastisch! <\/p>\n<p>WIE WIRD DAS KR\u00c4UTERKISSEN ANGEWENDET&#8230;? <\/p>\n<p>Erwachsene und Kids ab 3 Jahren nehmen das Kr\u00e4uterkissen mit ins Bett. Durch die K\u00f6rperw\u00e4rme werden die \u00e4therischen \u00d6le der Kr\u00e4uter aktiviert und entfalten ihre positive Wirkung. F\u00fcr Kids unter 3 Jahren wird das Kr\u00e4uterkissen im Zimmer in der N\u00e4he des Bettchens platziert. Das Kissen kann etwas erw\u00e4rmt werden, um die Wirkung zu beschleunigen. Kurz in den Backofen oder in der kalten Jahreszeit einfach vor dem Schlafengehen auf den Heizk\u00f6rper legen. <\/p>\n<p>20x30cm<\/p>\n<p>Hinweis: Dekoartikel, keine Arznei, nicht zum Verzehr und nicht zur Einnahme geeignet. Kinder unter 3 Jahren nur unter Aufsicht.<\/p>\n","protected":false},"excerpt":{"rendered":"<p>-15-Kr\u00e4uter-Schlafkissen Jedes Kissen ist ein Unikat, denn es wurde liebevoll von Hand gen\u00e4ht und bef\u00fcllt mit naturbelassenen Kr\u00e4utern sowie Bio-Dinkelspelzen. Die enthaltenen Kr\u00e4uter sind f\u00fcr ihre positiven Eigenschaften in Bezug auf Entspannung und Beruhigung bekannt und finden seit jeher Verwendung als nat\u00fcrliche Unterst\u00fctzung bei Einschlaf- und Durchschlafproblemen. DAS BESONDERE enth\u00e4lt 15 ausgew\u00e4hlte Naturkr\u00e4uter und Bio-Dinkelspelz &hellip; <a href=\"https:\/\/www.regionalis.shop\/kraeuterwerkstatt-natur-aromamanufaktur\/shop\/15-kraeuter-schlafkissen-mandala\/\">Continued<\/a><\/p>\n","protected":false},"featured_media":1185,"template":"","meta":{"_acf_changed":false},"product_brand":[],"product_cat":[41,53],"product_tag":[],"class_list":{"0":"post-1184","1":"product","2":"type-product","3":"status-publish","4":"has-post-thumbnail","6":"product_cat-freizeit-lifestyle","7":"product_cat-kraeuterkissen","9":"first","10":"instock","11":"purchasable","12":"product-type-simple"},"acf":[],"_links":{"self":[{"href":"https:\/\/www.regionalis.shop\/kraeuterwerkstatt-natur-aromamanufaktur\/wp-json\/wp\/v2\/product\/1184","targetHints":{"allow":["GET"]}}],"collection":[{"href":"https:\/\/www.regionalis.shop\/kraeuterwerkstatt-natur-aromamanufaktur\/wp-json\/wp\/v2\/product"}],"about":[{"href":"https:\/\/www.regionalis.shop\/kraeuterwerkstatt-natur-aromamanufaktur\/wp-json\/wp\/v2\/types\/product"}],"wp:featuredmedia":[{"embeddable":true,"href":"https:\/\/www.regionalis.shop\/kraeuterwerkstatt-natur-aromamanufaktur\/wp-json\/wp\/v2\/media\/1185"}],"wp:attachment":[{"href":"https:\/\/www.regionalis.shop\/kraeuterwerkstatt-natur-aromamanufaktur\/wp-json\/wp\/v2\/media?parent=1184"}],"wp:term":[{"taxonomy":"product_brand","embeddable":true,"href":"https:\/\/www.regionalis.shop\/kraeuterwerkstatt-natur-aromamanufaktur\/wp-json\/wp\/v2\/product_brand?post=1184"},{"taxonomy":"product_cat","embeddable":true,"href":"https:\/\/www.regionalis.shop\/kraeuterwerkstatt-natur-aromamanufaktur\/wp-json\/wp\/v2\/product_cat?post=1184"},{"taxonomy":"product_tag","embeddable":true,"href":"https:\/\/www.regionalis.shop\/kraeuterwerkstatt-natur-aromamanufaktur\/wp-json\/wp\/v2\/product_tag?post=1184"}],"curies":[{"name":"wp","href":"https:\/\/api.w.org\/{rel}","templated":true}]}}