{"id":1187,"date":"2025-04-18T06:50:34","date_gmt":"2025-04-18T04:50:34","guid":{"rendered":"https:\/\/www.regionalis.shop\/kraeuterwerkstatt-natur-aromamanufaktur\/product\/heilkraeuterkerze-staerke\/"},"modified":"2025-04-18T06:50:34","modified_gmt":"2025-04-18T04:50:34","slug":"heilkraeuterkerze-staerke","status":"publish","type":"product","link":"https:\/\/www.regionalis.shop\/kraeuterwerkstatt-natur-aromamanufaktur\/shop\/heilkraeuterkerze-staerke\/","title":{"rendered":"Heilkr\u00e4uterkerze ST\u00c4RKE"},"content":{"rendered":"<p>Handgemachte Heilkr\u00e4uterkerze ST\u00c4RKE<br \/>\nDiese Heilkr\u00e4uterkerze ist keine Duftkerzen im klassischen Sinn. Sie besteht aus reinem Pflanzenwachs, \u00e4therischen \u00d6len, Kr\u00e4uterausz\u00fcgen, Tinkturen, Kr\u00e4utern und Bl\u00fcten.<br \/>\nWas sind Heilkr\u00e4uterkerzen&#8230;? &#8211; Wie eine ganz feine, sanfte R\u00e4ucherung.<br \/>\nDie Kr\u00e4uter und Bl\u00fcten stammen aus eigenem oder biologischem Anbau &#8211; die \u00e4therischen \u00d6le sind 100% naturrein. Der Duft wird beim Abrennen nicht intensiver, durch das Feuer wird die Information der \u00e4therischen \u00d6le, Ausz\u00fcge und Tinkturen freigesetzt \u2013 es ist wie eine ganz feine, sanfte R\u00e4ucherung.<\/p>\n<p>DER DUFT<br \/>\nHo Holz &#038; Lorbeer &#8211; mit 100% naturreinen \u00e4therischen \u00d6len.<\/p>\n<p>Lorbeer und Ho Holz. Diese D\u00fcfte unterst\u00fctzen die Atmung und das Immunsystem, wecken innere geistige Energien und schaffen Klarheit. Der frisch-aromatische Duft, schenkt uns Kraft, vertreibt Verwirrung und Unklarheit, beruhigt und erdet. F\u00fcr mehr geistige Beweglichkeit, St\u00e4rke und Selbstvertrauen.<\/p>\n<p>TINKTUR<br \/>\nLorbeer-M\u00e4des\u00fc\u00df-Tinktur.<\/p>\n<p>EINSTREUUNG<br \/>\nM\u00e4des\u00fc\u00dfkraut.<\/p>\n<p>DIE BRENNDAUER<br \/>\nDank einer eigenen Mischung pflanzlicher Wachse mit Ausz\u00fcgen und Tinkturen hat diese Kerze eine besonders lange Brenndauer von bis zu 50 Stunden. <\/p>\n<p>255ml Drahtb\u00fcgelglas<\/p>\n<p>Hinweis: Dekoartikel, keine Arznei, nicht verzehren und nicht einnehmen \u2013 Kerze nie unbeaufsichtigt brennen lassen. Glas kann hei\u00df werden, Untersetzer verwenden. nicht ganz ausbrennen lassen.<\/p>\n","protected":false},"excerpt":{"rendered":"<p>Handgemachte Heilkr\u00e4uterkerze ST\u00c4RKE Diese Heilkr\u00e4uterkerze ist keine Duftkerzen im klassischen Sinn. Sie besteht aus reinem Pflanzenwachs, \u00e4therischen \u00d6len, Kr\u00e4uterausz\u00fcgen, Tinkturen, Kr\u00e4utern und Bl\u00fcten. Was sind Heilkr\u00e4uterkerzen&#8230;? &#8211; Wie eine ganz feine, sanfte R\u00e4ucherung. Die Kr\u00e4uter und Bl\u00fcten stammen aus eigenem oder biologischem Anbau &#8211; die \u00e4therischen \u00d6le sind 100% naturrein. Der Duft wird beim Abrennen &hellip; <a href=\"https:\/\/www.regionalis.shop\/kraeuterwerkstatt-natur-aromamanufaktur\/shop\/heilkraeuterkerze-staerke\/\">Continued<\/a><\/p>\n","protected":false},"featured_media":1188,"template":"","meta":{"_acf_changed":false},"product_brand":[],"product_cat":[151,103],"product_tag":[],"class_list":{"0":"post-1187","1":"product","2":"type-product","3":"status-publish","4":"has-post-thumbnail","6":"product_cat-kerzen-kerzenstaender","7":"product_cat-wohnen-deko","9":"first","10":"instock","11":"purchasable","12":"product-type-simple"},"acf":[],"_links":{"self":[{"href":"https:\/\/www.regionalis.shop\/kraeuterwerkstatt-natur-aromamanufaktur\/wp-json\/wp\/v2\/product\/1187","targetHints":{"allow":["GET"]}}],"collection":[{"href":"https:\/\/www.regionalis.shop\/kraeuterwerkstatt-natur-aromamanufaktur\/wp-json\/wp\/v2\/product"}],"about":[{"href":"https:\/\/www.regionalis.shop\/kraeuterwerkstatt-natur-aromamanufaktur\/wp-json\/wp\/v2\/types\/product"}],"wp:featuredmedia":[{"embeddable":true,"href":"https:\/\/www.regionalis.shop\/kraeuterwerkstatt-natur-aromamanufaktur\/wp-json\/wp\/v2\/media\/1188"}],"wp:attachment":[{"href":"https:\/\/www.regionalis.shop\/kraeuterwerkstatt-natur-aromamanufaktur\/wp-json\/wp\/v2\/media?parent=1187"}],"wp:term":[{"taxonomy":"product_brand","embeddable":true,"href":"https:\/\/www.regionalis.shop\/kraeuterwerkstatt-natur-aromamanufaktur\/wp-json\/wp\/v2\/product_brand?post=1187"},{"taxonomy":"product_cat","embeddable":true,"href":"https:\/\/www.regionalis.shop\/kraeuterwerkstatt-natur-aromamanufaktur\/wp-json\/wp\/v2\/product_cat?post=1187"},{"taxonomy":"product_tag","embeddable":true,"href":"https:\/\/www.regionalis.shop\/kraeuterwerkstatt-natur-aromamanufaktur\/wp-json\/wp\/v2\/product_tag?post=1187"}],"curies":[{"name":"wp","href":"https:\/\/api.w.org\/{rel}","templated":true}]}}