{"id":1191,"date":"2025-04-18T06:50:34","date_gmt":"2025-04-18T04:50:34","guid":{"rendered":"https:\/\/www.regionalis.shop\/kraeuterwerkstatt-natur-aromamanufaktur\/product\/aromaspray-4-diebe-schutz\/"},"modified":"2025-04-18T06:50:34","modified_gmt":"2025-04-18T04:50:34","slug":"aromaspray-4-diebe-schutz","status":"publish","type":"product","link":"https:\/\/www.regionalis.shop\/kraeuterwerkstatt-natur-aromamanufaktur\/shop\/aromaspray-4-diebe-schutz\/","title":{"rendered":"Aromaspray 4-DIEBE SCHUTZ"},"content":{"rendered":"<p>-Aromaspray 4-Diebe Schutz<br \/>\nNat\u00fcrliche Reinigung der Raumluft&#8230;! 4-Diebe Schutz ist eine Mischung aromatischer Kr\u00e4uter, welche f\u00fcr ihre antibakteriellen, antiseptischen und antiviralen Eigenschaften bekannt sind. Mit 100% naturreinen \u00e4therischen \u00d6len zur Unterst\u00fctzung der Raumluftreinigung. <\/p>\n<p>Was sind Aromasprays&#8230;? \u2013 Wohlbefinden nat\u00fcrlich f\u00f6rdern. <\/p>\n<p>Aromasprays sind die ideale M\u00f6glichkeit ein angenehmes Wohlf\u00fchlklima zu schaffen und gleichzeitig das Wohlbefinden zu f\u00f6rdern. Diese Aromasprays enthalten 100% naturreine \u00e4therische \u00d6le und sind frei von Konservierungsmitteln und Farbstoffen.<\/p>\n<p>Die Legende der 4 Diebe <\/p>\n<p>Die Legende der \u201e4 Diebe\u201c-Mischung. Die Rezeptur dieser Mischung \u00e4therischer \u00d6le basiert auf einer franz\u00f6sischen Legende aus dem 15. Jahrhundert. Im Mittelalter wurde diese au\u00dfergew\u00f6hnliche Mischung von 4 Dieben verwendet, um sich w\u00e4hrend ihrer Raubz\u00fcge in den R\u00e4umlichkeiten von Erkrankten vor der Pest zu sch\u00fctzen. Der Legende nach sollen die Diebe trotz hochgradiger Infektionskrankheiten, durch das Einreiben mit dieser \u00d6l-Mischung und Kr\u00e4utern von der Pest verschont geblieben sein. Erst als sie festgenommen wurden, offenbarten die 4 Diebe die geheime Mischung ihres Wundermittels, denn das Gericht milderte das Urteil nur gegen die Herausgabe des Geheimrezeptes. Die antivirale, antiseptische &#038; antibakterielle Wirkung wurde in wissenschaftlichen Studien best\u00e4tigt. Die 4-Diebe-Mischung ist f\u00fcr ihre positiven Eigenschaften in Erk\u00e4ltungs- und Grippezeiten bekannt. Dies liegt vor allem an den enthaltenen \u00e4therischen \u00d6len.  <\/p>\n<p>Was ist drin&#8230;? Rezeptur mit Nelke, Zitrone, Zimt, Eukalyptus, Rosmarin, &#8230;.<\/p>\n<p>ANWENDUNG: Vor Gebrauch gut sch\u00fctteln und 3-4 Spr\u00fcher im Raum oder Umgebung verteilen. <\/p>\n<p>100ml Zerst\u00e4uber<\/p>\n<p>Hinweis: Zur Raumbeduftung. Keine Arznei, kein Biozid und nicht zur Einnahme. Kinder unter 6 Jahren nur unter Aufsicht, nicht in die Augen spr\u00fchen. Keinesfalls fordere ich dazu auf, eine \u00e4rztliche Behandlung oder Medikation abzubrechen oder sogar zu ersetzen. Heilversprechen gebe ich in keinster Weise ab und ich verspreche auch nichts Derartiges. Hinweise zu Wirkung und Anwendung lt. Literatur.<\/p>\n","protected":false},"excerpt":{"rendered":"<p>-Aromaspray 4-Diebe Schutz Nat\u00fcrliche Reinigung der Raumluft&#8230;! 4-Diebe Schutz ist eine Mischung aromatischer Kr\u00e4uter, welche f\u00fcr ihre antibakteriellen, antiseptischen und antiviralen Eigenschaften bekannt sind. Mit 100% naturreinen \u00e4therischen \u00d6len zur Unterst\u00fctzung der Raumluftreinigung. Was sind Aromasprays&#8230;? \u2013 Wohlbefinden nat\u00fcrlich f\u00f6rdern. Aromasprays sind die ideale M\u00f6glichkeit ein angenehmes Wohlf\u00fchlklima zu schaffen und gleichzeitig das Wohlbefinden zu &hellip; <a href=\"https:\/\/www.regionalis.shop\/kraeuterwerkstatt-natur-aromamanufaktur\/shop\/aromaspray-4-diebe-schutz\/\">Continued<\/a><\/p>\n","protected":false},"featured_media":1192,"template":"","meta":{"_acf_changed":false},"product_brand":[],"product_cat":[111,41],"product_tag":[],"class_list":{"0":"post-1191","1":"product","2":"type-product","3":"status-publish","4":"has-post-thumbnail","6":"product_cat-aromasprays-duftoele","7":"product_cat-freizeit-lifestyle","9":"first","10":"instock","11":"purchasable","12":"product-type-simple"},"acf":[],"_links":{"self":[{"href":"https:\/\/www.regionalis.shop\/kraeuterwerkstatt-natur-aromamanufaktur\/wp-json\/wp\/v2\/product\/1191","targetHints":{"allow":["GET"]}}],"collection":[{"href":"https:\/\/www.regionalis.shop\/kraeuterwerkstatt-natur-aromamanufaktur\/wp-json\/wp\/v2\/product"}],"about":[{"href":"https:\/\/www.regionalis.shop\/kraeuterwerkstatt-natur-aromamanufaktur\/wp-json\/wp\/v2\/types\/product"}],"wp:featuredmedia":[{"embeddable":true,"href":"https:\/\/www.regionalis.shop\/kraeuterwerkstatt-natur-aromamanufaktur\/wp-json\/wp\/v2\/media\/1192"}],"wp:attachment":[{"href":"https:\/\/www.regionalis.shop\/kraeuterwerkstatt-natur-aromamanufaktur\/wp-json\/wp\/v2\/media?parent=1191"}],"wp:term":[{"taxonomy":"product_brand","embeddable":true,"href":"https:\/\/www.regionalis.shop\/kraeuterwerkstatt-natur-aromamanufaktur\/wp-json\/wp\/v2\/product_brand?post=1191"},{"taxonomy":"product_cat","embeddable":true,"href":"https:\/\/www.regionalis.shop\/kraeuterwerkstatt-natur-aromamanufaktur\/wp-json\/wp\/v2\/product_cat?post=1191"},{"taxonomy":"product_tag","embeddable":true,"href":"https:\/\/www.regionalis.shop\/kraeuterwerkstatt-natur-aromamanufaktur\/wp-json\/wp\/v2\/product_tag?post=1191"}],"curies":[{"name":"wp","href":"https:\/\/api.w.org\/{rel}","templated":true}]}}