{"id":1194,"date":"2025-04-18T06:50:34","date_gmt":"2025-04-18T04:50:34","guid":{"rendered":"https:\/\/www.regionalis.shop\/kraeuterwerkstatt-natur-aromamanufaktur\/product\/deocreme-blumig-sanft\/"},"modified":"2025-04-18T06:50:34","modified_gmt":"2025-04-18T04:50:34","slug":"deocreme-blumig-sanft","status":"publish","type":"product","link":"https:\/\/www.regionalis.shop\/kraeuterwerkstatt-natur-aromamanufaktur\/shop\/deocreme-blumig-sanft\/","title":{"rendered":"Deocreme blumig-SANFT"},"content":{"rendered":"<p>Deocreme blumig-SANFT \u2013 eine Fingerspitze reicht f\u00fcr einen ganzen Tag Frische!<br \/>\nDiese Deocreme ist ein Highlight in Sachen Frische und Pflege. Ideal f\u00fcr alle, die es gerne blumig-sanft m\u00f6gen.<br \/>\nMit Sheabutter, Maisst\u00e4rke, Speisesoda, Kokos\u00f6l, Kakaobutter, Zink und Mandel\u00f6l.<\/p>\n<p>Zuverl\u00e4ssiger Schutz vor Ger\u00fcchen mit der Kraft der Natur! Diese Deocreme verhindert zuverl\u00e4ssig unangenehme Ger\u00fcche, verstopft dabei aber nicht die Poren und wirkt antiseptisch. Als zus\u00e4tzliches Plus spendet sie Feuchtigkeit und wirkt beruhigend auf empfindliche Haut. Sanft zur Haut und sehr ergiebig zieht sie schnell ein und hinterl\u00e4sst keine Spuren an der Kleidung.<\/p>\n<p>In der praktischen, handlichen Dose mit zus\u00e4tzlicher Hygieneabdeckung. Frei von Aluminiumsalzen, Konservierungsmittel, Palm\u00f6l und Alkohol. &#8211; *VEGAN*. Diese Deocreme wird aus hochwertigen sowie nat\u00fcrlichen Zutaten hergestellt. <\/p>\n<p>Das Besondere&#8230;<br \/>\naluminium- und alkoholfrei!<br \/>\nauf Basis von Sheabutter, Kokos\u00f6l, Kakaobutter, Speisesoda<br \/>\nhemmt zuverl\u00e4ssig die Geruchsentwicklung<br \/>\nblumig-dezenter Duft<br \/>\nhinterl\u00e4sst keine Spuren an der Kleidung<br \/>\nnat\u00fcrliche Pflege<br \/>\nf\u00fcr empfindliche Haut<br \/>\npflanzlich, vegan<br \/>\nAnwendung<br \/>\nEine Fingerspitze Deocreme zwischen den Fingersptizen verreiben und die gereinigte Achsel damit eincremen. Frisches T-Shirt, Top oder Oberteil dar\u00fcber und fertig! Hinterl\u00e4sst keine Spuren an der Kleidung. Eine Fingerspitze reicht f\u00fcr einen ganzen Tag Frische. TIPP: Diese Deocreme ist sehr ergiebig. So reicht schon eine kleine Menge f\u00fcr einen ganzen Tag Frische<\/p>\n<p>der Duft<br \/>\nblumig-dezent I beruhigend<\/p>\n<p>40ml<br \/>\nIngredients: Butyrospermum Parkii Butter, Zea Mays Starch, Sodium Bicarbonate, Cocos Nucifera Oil, Theobroma Cacao Seed Butter, Zinc Oxide, Parfum, Prunus Amygdalus Dulcis Oil.<\/p>\n","protected":false},"excerpt":{"rendered":"<p>Deocreme blumig-SANFT \u2013 eine Fingerspitze reicht f\u00fcr einen ganzen Tag Frische! Diese Deocreme ist ein Highlight in Sachen Frische und Pflege. Ideal f\u00fcr alle, die es gerne blumig-sanft m\u00f6gen. Mit Sheabutter, Maisst\u00e4rke, Speisesoda, Kokos\u00f6l, Kakaobutter, Zink und Mandel\u00f6l. Zuverl\u00e4ssiger Schutz vor Ger\u00fcchen mit der Kraft der Natur! Diese Deocreme verhindert zuverl\u00e4ssig unangenehme Ger\u00fcche, verstopft dabei &hellip; <a href=\"https:\/\/www.regionalis.shop\/kraeuterwerkstatt-natur-aromamanufaktur\/shop\/deocreme-blumig-sanft\/\">Continued<\/a><\/p>\n","protected":false},"featured_media":1195,"template":"","meta":{"_acf_changed":false},"product_brand":[],"product_cat":[123,52],"product_tag":[],"class_list":{"0":"post-1194","1":"product","2":"type-product","3":"status-publish","4":"has-post-thumbnail","6":"product_cat-deos","7":"product_cat-kosmetika","9":"first","10":"instock","11":"purchasable","12":"product-type-simple"},"acf":[],"_links":{"self":[{"href":"https:\/\/www.regionalis.shop\/kraeuterwerkstatt-natur-aromamanufaktur\/wp-json\/wp\/v2\/product\/1194","targetHints":{"allow":["GET"]}}],"collection":[{"href":"https:\/\/www.regionalis.shop\/kraeuterwerkstatt-natur-aromamanufaktur\/wp-json\/wp\/v2\/product"}],"about":[{"href":"https:\/\/www.regionalis.shop\/kraeuterwerkstatt-natur-aromamanufaktur\/wp-json\/wp\/v2\/types\/product"}],"wp:featuredmedia":[{"embeddable":true,"href":"https:\/\/www.regionalis.shop\/kraeuterwerkstatt-natur-aromamanufaktur\/wp-json\/wp\/v2\/media\/1195"}],"wp:attachment":[{"href":"https:\/\/www.regionalis.shop\/kraeuterwerkstatt-natur-aromamanufaktur\/wp-json\/wp\/v2\/media?parent=1194"}],"wp:term":[{"taxonomy":"product_brand","embeddable":true,"href":"https:\/\/www.regionalis.shop\/kraeuterwerkstatt-natur-aromamanufaktur\/wp-json\/wp\/v2\/product_brand?post=1194"},{"taxonomy":"product_cat","embeddable":true,"href":"https:\/\/www.regionalis.shop\/kraeuterwerkstatt-natur-aromamanufaktur\/wp-json\/wp\/v2\/product_cat?post=1194"},{"taxonomy":"product_tag","embeddable":true,"href":"https:\/\/www.regionalis.shop\/kraeuterwerkstatt-natur-aromamanufaktur\/wp-json\/wp\/v2\/product_tag?post=1194"}],"curies":[{"name":"wp","href":"https:\/\/api.w.org\/{rel}","templated":true}]}}