{"id":1198,"date":"2025-04-18T06:50:34","date_gmt":"2025-04-18T04:50:34","guid":{"rendered":"https:\/\/www.regionalis.shop\/kraeuterwerkstatt-natur-aromamanufaktur\/product\/lippen-pflegebalsam\/"},"modified":"2025-04-18T06:50:34","modified_gmt":"2025-04-18T04:50:34","slug":"lippen-pflegebalsam","status":"publish","type":"product","link":"https:\/\/www.regionalis.shop\/kraeuterwerkstatt-natur-aromamanufaktur\/shop\/lippen-pflegebalsam\/","title":{"rendered":"LIPPEN-Pflegebalsam"},"content":{"rendered":"<p>Besonders pflegender LIPPEN-Balsam<br \/>\nDieser besonders pflegende Lippenbalsam sch\u00fctzt raue und rissige Lippen vor dem Austrocknen im Sommer so wie im Winter.<br \/>\nMit Jojoba\u00f6l, Sheabutter, Bienenwachs, Vitamin E und 100% naturreinen \u00e4therischen \u00d6len.<\/p>\n<p>Dieser Lippenbalsam pflegt spr\u00f6de und raue Lippen und macht diese angenehm geschmeidig. Zus\u00e4tzlich schafft er eine schnelle Erleichterung bei spannendem Hautgef\u00fchl und st\u00e4rkt die Hautoberfl\u00e4che sp\u00fcrbar. Hochwertiges Jojoba\u00f6l, Sheabutter, Bienenwachs und Vitamin E pflegen die Lippen intensiv und spenden lang anhaltende Feuchtigkeit. <\/p>\n<p>Das Besondere&#8230;<br \/>\nnat\u00fcrliche Lippenpflege<br \/>\nspendet Feuchtigkeit<br \/>\nmacht die Lippen geschmeidig und weich<br \/>\nmit Jojoba\u00f6l, Sheabutter, Bienenwachs, Vitamin E und 100% naturreinen \u00e4ther. \u00d6len<br \/>\nduftet wunderbar<br \/>\nauch f\u00fcr empfindliche Lippen<br \/>\nAnwendung<br \/>\nZur t\u00e4glichen Pflege der Lippen eine kleine Menge mit der Fingerspitze oder einem Spatel entnehmen und gleichm\u00e4\u00dfig auf die Lippen auftragen.<\/p>\n<p>der Duft<br \/>\nganz zart <\/p>\n<p>14g Glastiegel<br \/>\nINGREDIENTS: BUTYROSPERMUM PARKII BUTTER, SIMMONDSIA CHINENSIS SEED OIL, CERA ALBA, CITRUS AURANTIUM DULCIS PEEL OIL, LIMONENE*, CYMBOPOGON MARTINI OIL, GERANIOL*, STYRAX TONKINENSIS RESIN EXTRACT, TOCOPHEROL, BENZOIC ACID*, LINALOOL*, BENZYL BENZOATE*, FARNESOL*, CITRAL*, CINNAMYL ALCOHOL*, COUMARIN*, ALCOHOL. *nat\u00fcrlicher Bestandteil \u00e4therischer \u00d6le.<\/p>\n<p>Inhaltsstoffe auf Deutsch: Sheabutter, Jojoba\u00f6l, Bienenwachs, \u00e4therische \u00d6le Orange, Palmarosa u. Benzoe, Vitamin E.<\/p>\n","protected":false},"excerpt":{"rendered":"<p>Besonders pflegender LIPPEN-Balsam Dieser besonders pflegende Lippenbalsam sch\u00fctzt raue und rissige Lippen vor dem Austrocknen im Sommer so wie im Winter. Mit Jojoba\u00f6l, Sheabutter, Bienenwachs, Vitamin E und 100% naturreinen \u00e4therischen \u00d6len. Dieser Lippenbalsam pflegt spr\u00f6de und raue Lippen und macht diese angenehm geschmeidig. Zus\u00e4tzlich schafft er eine schnelle Erleichterung bei spannendem Hautgef\u00fchl und st\u00e4rkt &hellip; <a href=\"https:\/\/www.regionalis.shop\/kraeuterwerkstatt-natur-aromamanufaktur\/shop\/lippen-pflegebalsam\/\">Continued<\/a><\/p>\n","protected":false},"featured_media":1199,"template":"","meta":{"_acf_changed":false},"product_brand":[],"product_cat":[52,56],"product_tag":[],"class_list":{"0":"post-1198","1":"product","2":"type-product","3":"status-publish","4":"has-post-thumbnail","6":"product_cat-kosmetika","7":"product_cat-lippenpflege","9":"first","10":"instock","11":"purchasable","12":"product-type-simple"},"acf":[],"_links":{"self":[{"href":"https:\/\/www.regionalis.shop\/kraeuterwerkstatt-natur-aromamanufaktur\/wp-json\/wp\/v2\/product\/1198","targetHints":{"allow":["GET"]}}],"collection":[{"href":"https:\/\/www.regionalis.shop\/kraeuterwerkstatt-natur-aromamanufaktur\/wp-json\/wp\/v2\/product"}],"about":[{"href":"https:\/\/www.regionalis.shop\/kraeuterwerkstatt-natur-aromamanufaktur\/wp-json\/wp\/v2\/types\/product"}],"wp:featuredmedia":[{"embeddable":true,"href":"https:\/\/www.regionalis.shop\/kraeuterwerkstatt-natur-aromamanufaktur\/wp-json\/wp\/v2\/media\/1199"}],"wp:attachment":[{"href":"https:\/\/www.regionalis.shop\/kraeuterwerkstatt-natur-aromamanufaktur\/wp-json\/wp\/v2\/media?parent=1198"}],"wp:term":[{"taxonomy":"product_brand","embeddable":true,"href":"https:\/\/www.regionalis.shop\/kraeuterwerkstatt-natur-aromamanufaktur\/wp-json\/wp\/v2\/product_brand?post=1198"},{"taxonomy":"product_cat","embeddable":true,"href":"https:\/\/www.regionalis.shop\/kraeuterwerkstatt-natur-aromamanufaktur\/wp-json\/wp\/v2\/product_cat?post=1198"},{"taxonomy":"product_tag","embeddable":true,"href":"https:\/\/www.regionalis.shop\/kraeuterwerkstatt-natur-aromamanufaktur\/wp-json\/wp\/v2\/product_tag?post=1198"}],"curies":[{"name":"wp","href":"https:\/\/api.w.org\/{rel}","templated":true}]}}