{"id":110,"date":"2024-03-04T10:57:55","date_gmt":"2024-03-04T10:57:55","guid":{"rendered":"https:\/\/stage.shop-it.at\/?page_id=110"},"modified":"2025-12-12T20:47:31","modified_gmt":"2025-12-12T19:47:31","slug":"kontakt","status":"publish","type":"page","link":"https:\/\/www.regionalis.shop\/kreativlaser\/kontakt\/","title":{"rendered":"Kontakt"},"content":{"rendered":"\n<p>Du hast Fragen zu unseren Produkten, m\u00f6chtest eine individuelle Anfertigung besprechen oder ben\u00f6tigst Unterst\u00fctzung zu deiner Bestellung?<br>Wir helfen dir gerne weiter!<\/p>\n\n\n\n<h5 class=\"wp-block-heading\">Kreativlaser <\/h5>\n\n\n\n<p>Martin Morri<\/p>\n\n\n\n<p>Spitzackergasse 4, Stiege 2 T\u00fcr 10,<\/p>\n\n\n\n<p>1170 Wien<br><br>Unternehmensgegenstand: Kunsthandwerker <\/p>\n\n\n\n<p><\/p>\n\n\n\n<p><\/p>\n","protected":false},"excerpt":{"rendered":"<p>Du hast Fragen zu unseren Produkten, m\u00f6chtest eine individuelle Anfertigung besprechen oder ben\u00f6tigst Unterst\u00fctzung zu deiner Bestellung?Wir helfen dir gerne weiter! Kreativlaser Martin Morri Spitzackergasse 4, Stiege 2 T\u00fcr 10, 1170 Wien Unternehmensgegenstand: Kunsthandwerker<\/p>\n","protected":false},"author":1,"featured_media":0,"parent":0,"menu_order":0,"comment_status":"closed","ping_status":"closed","template":"template-contact.blade.php","meta":{"_acf_changed":false,"footnotes":""},"class_list":["post-110","page","type-page","status-publish","hentry"],"acf":[],"_links":{"self":[{"href":"https:\/\/www.regionalis.shop\/kreativlaser\/wp-json\/wp\/v2\/pages\/110","targetHints":{"allow":["GET"]}}],"collection":[{"href":"https:\/\/www.regionalis.shop\/kreativlaser\/wp-json\/wp\/v2\/pages"}],"about":[{"href":"https:\/\/www.regionalis.shop\/kreativlaser\/wp-json\/wp\/v2\/types\/page"}],"author":[{"embeddable":true,"href":"https:\/\/www.regionalis.shop\/kreativlaser\/wp-json\/wp\/v2\/users\/1"}],"replies":[{"embeddable":true,"href":"https:\/\/www.regionalis.shop\/kreativlaser\/wp-json\/wp\/v2\/comments?post=110"}],"version-history":[{"count":17,"href":"https:\/\/www.regionalis.shop\/kreativlaser\/wp-json\/wp\/v2\/pages\/110\/revisions"}],"predecessor-version":[{"id":1110,"href":"https:\/\/www.regionalis.shop\/kreativlaser\/wp-json\/wp\/v2\/pages\/110\/revisions\/1110"}],"wp:attachment":[{"href":"https:\/\/www.regionalis.shop\/kreativlaser\/wp-json\/wp\/v2\/media?parent=110"}],"curies":[{"name":"wp","href":"https:\/\/api.w.org\/{rel}","templated":true}]}}