{"id":3,"date":"2023-10-31T09:02:46","date_gmt":"2023-10-31T09:02:46","guid":{"rendered":"https:\/\/stage.shop-it.at\/?page_id=3"},"modified":"2025-10-23T16:29:26","modified_gmt":"2025-10-23T14:29:26","slug":"datenschutzerklarung","status":"publish","type":"page","link":"https:\/\/www.regionalis.shop\/kreativlaser\/datenschutzerklarung\/","title":{"rendered":"Datenschutzerkl\u00e4rung"},"content":{"rendered":"<section>\n            <h2 data-start=\"220\" data-end=\"312\"><strong data-start=\"223\" data-end=\"312\">Wo finde ich individuelle Geschenke und funktionale Upcycling-Produkte? \u2013 Genau hier!<\/strong><\/h2>\n<p data-start=\"314\" data-end=\"655\">Willkommen in unserem Onlineshop!<br data-start=\"347\" data-end=\"350\" \/>Bei uns findest du eine besondere Auswahl an handgefertigten Unikaten, kreativen Geschenkideen und funktionalen Upcycling-Produkten. Jedes St\u00fcck wird mit viel Liebe zum Detail gestaltet und aus nachhaltigen Materialien gefertigt \u2013 f\u00fcr alle, die Wert auf Originalit\u00e4t, Qualit\u00e4t und Umweltbewusstsein legen.<\/p>\n<p data-start=\"657\" data-end=\"909\">Ob personalisierte Lasergravuren, dekorative Einzelst\u00fccke oder praktische Alltagshelfer aus recycelten Materialien:<br data-start=\"772\" data-end=\"775\" \/>Unsere Produkte erz\u00e4hlen Geschichten, verbinden Kreativit\u00e4t mit Nachhaltigkeit und sind echte Hingucker f\u00fcr Zuhause oder als Geschenk.<\/p>\n<p data-start=\"911\" data-end=\"1157\">St\u00f6bere durch unsere Kollektionen, entdecke inspirierende DIY-Ideen und lass dich von einzigartigem Kunsthandwerk begeistern. Wenn du etwas ganz Besonderes suchst oder eine individuelle Anfertigung w\u00fcnschst, sind wir gerne pers\u00f6nlich f\u00fcr dich da.<\/p>\n<p data-start=\"1159\" data-end=\"1217\"><strong data-start=\"1159\" data-end=\"1217\">Sch\u00f6n, dass du hier bist \u2013 und viel Freude beim Entdecken!<\/strong><\/p>\n<p data-start=\"1159\" data-end=\"1217\">Team Kreativlaser &#8222;Wien &amp; K\u00e4rnten&#8220;<\/p>\n\n    <\/section>","protected":false},"excerpt":{"rendered":"","protected":false},"author":1,"featured_media":0,"parent":0,"menu_order":0,"comment_status":"closed","ping_status":"closed","template":"","meta":{"_acf_changed":false,"footnotes":""},"class_list":["post-3","page","type-page","status-publish","hentry"],"acf":[],"_links":{"self":[{"href":"https:\/\/www.regionalis.shop\/kreativlaser\/wp-json\/wp\/v2\/pages\/3","targetHints":{"allow":["GET"]}}],"collection":[{"href":"https:\/\/www.regionalis.shop\/kreativlaser\/wp-json\/wp\/v2\/pages"}],"about":[{"href":"https:\/\/www.regionalis.shop\/kreativlaser\/wp-json\/wp\/v2\/types\/page"}],"author":[{"embeddable":true,"href":"https:\/\/www.regionalis.shop\/kreativlaser\/wp-json\/wp\/v2\/users\/1"}],"replies":[{"embeddable":true,"href":"https:\/\/www.regionalis.shop\/kreativlaser\/wp-json\/wp\/v2\/comments?post=3"}],"version-history":[{"count":4,"href":"https:\/\/www.regionalis.shop\/kreativlaser\/wp-json\/wp\/v2\/pages\/3\/revisions"}],"predecessor-version":[{"id":1047,"href":"https:\/\/www.regionalis.shop\/kreativlaser\/wp-json\/wp\/v2\/pages\/3\/revisions\/1047"}],"wp:attachment":[{"href":"https:\/\/www.regionalis.shop\/kreativlaser\/wp-json\/wp\/v2\/media?parent=3"}],"curies":[{"name":"wp","href":"https:\/\/api.w.org\/{rel}","templated":true}]}}