{"id":862,"date":"2025-05-24T13:44:06","date_gmt":"2025-05-24T11:44:06","guid":{"rendered":"https:\/\/starter.stage.shop-it.at\/?page_id=862"},"modified":"2025-10-23T15:21:37","modified_gmt":"2025-10-23T13:21:37","slug":"startseite","status":"publish","type":"page","link":"https:\/\/www.regionalis.shop\/kreativlaser\/","title":{"rendered":"Startseite"},"content":{"rendered":"<section>\n        <div class=\"header-image\">\n            <img decoding=\"async\" src=\"https:\/\/www.regionalis.shop\/app\/uploads\/sites\/316\/Banner2_.jpg\" alt=\"\">\n        <\/div>\n    \n    <\/section>\n    <section>\n    <div class=\"header-title\">\n        <h1 class=\"h2\">Willkommen bei Kreativlaser<\/h1>\n    <\/div>\n            <h2 class=\"h3\">Handgemacht in Wien<\/h2>\n                <h2 data-start=\"220\" data-end=\"312\"><strong data-start=\"223\" data-end=\"312\">Wo finde ich individuelle Geschenke und funktionale Upcycling-Produkte? \u2013 Genau hier!<\/strong><\/h2>\n<p data-start=\"314\" data-end=\"655\">Willkommen in unserem Onlineshop!<br data-start=\"347\" data-end=\"350\" \/>Bei uns findest du eine besondere Auswahl an handgefertigten Unikaten, kreativen Geschenkideen und funktionalen Upcycling-Produkten. Jedes St\u00fcck wird mit viel Liebe zum Detail gestaltet und aus nachhaltigen Materialien gefertigt \u2013 f\u00fcr alle, die Wert auf Originalit\u00e4t, Qualit\u00e4t und Umweltbewusstsein legen.<\/p>\n<p data-start=\"657\" data-end=\"909\">Ob personalisierte Lasergravuren, dekorative Einzelst\u00fccke oder praktische Alltagshelfer aus recycelten Materialien:<br data-start=\"772\" data-end=\"775\" \/>Unsere Produkte erz\u00e4hlen Geschichten, verbinden Kreativit\u00e4t mit Nachhaltigkeit und sind echte Hingucker f\u00fcr Zuhause oder als Geschenk.<\/p>\n<p data-start=\"911\" data-end=\"1157\">St\u00f6bere durch unsere Kollektionen, entdecke inspirierende DIY-Ideen und lass dich von einzigartigem Kunsthandwerk begeistern. Wenn du etwas ganz Besonderes suchst oder eine individuelle Anfertigung w\u00fcnschst, sind wir gerne pers\u00f6nlich f\u00fcr dich da.<\/p>\n<p data-start=\"1159\" data-end=\"1217\"><strong data-start=\"1159\" data-end=\"1217\">Sch\u00f6n, dass du hier bist \u2013 und viel Freude beim Entdecken!<\/strong><\/p>\n<p data-start=\"1159\" data-end=\"1217\">Team Kreativlaser &#8222;Wien &amp; K\u00e4rnten&#8220;<\/p>\n\n    \n    <h3>Produkte<\/h3>\n\n    <div class=\"woocommerce columns-3 \"><ul class=\"products columns-3\">\n<li class=\"product type-product post-1185 status-publish first instock product_cat-accessoires-baby-kinder product_cat-accessoires product_cat-baby-kinder product_cat-halsketten product_cat-schmuck product_cat-sonstiges-accessoires product_tag-halskette product_tag-kinderzeichnung product_tag-lasergravur product_tag-schmuck has-post-thumbnail purchasable product-type-simple\">\n\t<a href=\"https:\/\/www.regionalis.shop\/kreativlaser\/shop\/kindermotiv-anhaenger-aus-edelstahl-mit-kette-durchmesser-30mm\/\" class=\"woocommerce-LoopProduct-link woocommerce-loop-product__link\"><div class=\"wc-block-grid__product-image\"><img loading=\"lazy\" decoding=\"async\" width=\"975\" height=\"1024\" src=\"https:\/\/www.regionalis.shop\/app\/uploads\/sites\/316\/Anhaenger_Rose-975x1024.jpg\" class=\"attachment-large size-large\" alt=\"Kindermotiv Anh\u00e4nger aus Edelstahl mit Kette. Durchmesser: 30mm\" srcset=\"https:\/\/www.regionalis.shop\/app\/uploads\/sites\/316\/Anhaenger_Rose-975x1024.jpg 975w, https:\/\/www.regionalis.shop\/app\/uploads\/sites\/316\/Anhaenger_Rose-286x300.jpg 286w, https:\/\/www.regionalis.shop\/app\/uploads\/sites\/316\/Anhaenger_Rose-768x807.jpg 768w, https:\/\/www.regionalis.shop\/app\/uploads\/sites\/316\/Anhaenger_Rose-1462x1536.jpg 1462w, https:\/\/www.regionalis.shop\/app\/uploads\/sites\/316\/Anhaenger_Rose-1950x2048.jpg 1950w, https:\/\/www.regionalis.shop\/app\/uploads\/sites\/316\/Anhaenger_Rose-600x630.jpg 600w\" sizes=\"auto, (max-width: 975px) 100vw, 975px\" \/><\/div><h2 class=\"woocommerce-loop-product__title\">Kindermotiv Anh\u00e4nger aus Edelstahl mit Kette. Durchmesser: 30mm<\/h2>\n\t<span class=\"price\"><span class=\"woocommerce-Price-amount amount\"><bdi>24,90&nbsp;<span class=\"woocommerce-Price-currencySymbol\">&euro;<\/span><\/bdi><\/span><\/span>\n<\/a><\/li>\n<li class=\"product type-product post-1172 status-publish instock product_cat-garten-terrasse product_cat-illustrationen product_cat-sonstiges-wohnen-deko product_cat-wohndekoration product_tag-gartenmoebel product_tag-grillen product_tag-holztisch product_tag-stehtisch product_tag-tisch has-post-thumbnail purchasable product-type-simple\">\n\t<a href=\"https:\/\/www.regionalis.shop\/kreativlaser\/shop\/stehtisch-aus-holz-mit-individuellem-laser-motiv\/\" class=\"woocommerce-LoopProduct-link woocommerce-loop-product__link\"><div class=\"wc-block-grid__product-image\"><img loading=\"lazy\" decoding=\"async\" width=\"683\" height=\"1024\" src=\"https:\/\/www.regionalis.shop\/app\/uploads\/sites\/316\/ChatGPT-Image-18.-Jan.-2026-16_28_15-683x1024.png\" class=\"attachment-large size-large\" alt=\"Stehtisch aus Holz \u2013 mit individuellem Laser-Motiv\" srcset=\"https:\/\/www.regionalis.shop\/app\/uploads\/sites\/316\/ChatGPT-Image-18.-Jan.-2026-16_28_15-683x1024.png 683w, https:\/\/www.regionalis.shop\/app\/uploads\/sites\/316\/ChatGPT-Image-18.-Jan.-2026-16_28_15-200x300.png 200w, https:\/\/www.regionalis.shop\/app\/uploads\/sites\/316\/ChatGPT-Image-18.-Jan.-2026-16_28_15-768x1152.png 768w, https:\/\/www.regionalis.shop\/app\/uploads\/sites\/316\/ChatGPT-Image-18.-Jan.-2026-16_28_15-600x900.png 600w, https:\/\/www.regionalis.shop\/app\/uploads\/sites\/316\/ChatGPT-Image-18.-Jan.-2026-16_28_15.png 1024w\" sizes=\"auto, (max-width: 683px) 100vw, 683px\" \/><\/div><h2 class=\"woocommerce-loop-product__title\">Stehtisch aus Holz \u2013 mit individuellem Laser-Motiv<\/h2>\n\t<span class=\"price\"><span class=\"woocommerce-Price-amount amount\"><bdi>870,00&nbsp;<span class=\"woocommerce-Price-currencySymbol\">&euro;<\/span><\/bdi><\/span><\/span>\n<\/a><\/li>\n<li class=\"product type-product post-1161 status-publish last instock product_cat-lampen-beleuchtung product_cat-sonstiges-accessoires product_tag-glaslampe product_tag-schnapslampe product_tag-tischlampe has-post-thumbnail purchasable product-type-variable\">\n\t<a href=\"https:\/\/www.regionalis.shop\/kreativlaser\/shop\/tischlampen-markenflaschen-mit-retro-lampe-edisson-warmlicht-kopie\/\" class=\"woocommerce-LoopProduct-link woocommerce-loop-product__link\"><div class=\"wc-block-grid__product-image\"><img loading=\"lazy\" decoding=\"async\" width=\"683\" height=\"1024\" src=\"https:\/\/www.regionalis.shop\/app\/uploads\/sites\/316\/J_Meister4-683x1024.png\" class=\"attachment-large size-large\" alt=\"Glaslampe\" srcset=\"https:\/\/www.regionalis.shop\/app\/uploads\/sites\/316\/J_Meister4-683x1024.png 683w, https:\/\/www.regionalis.shop\/app\/uploads\/sites\/316\/J_Meister4-200x300.png 200w, https:\/\/www.regionalis.shop\/app\/uploads\/sites\/316\/J_Meister4-768x1152.png 768w, https:\/\/www.regionalis.shop\/app\/uploads\/sites\/316\/J_Meister4-600x900.png 600w, https:\/\/www.regionalis.shop\/app\/uploads\/sites\/316\/J_Meister4.png 1024w\" sizes=\"auto, (max-width: 683px) 100vw, 683px\" \/><\/div><h2 class=\"woocommerce-loop-product__title\">Tischlampen &#8211; Markenflaschen mit Retro-Lampe Edisson Warmlicht<\/h2>\n\t<span class=\"price\"><span class=\"woocommerce-Price-amount amount\"><bdi>75,00&nbsp;<span class=\"woocommerce-Price-currencySymbol\">&euro;<\/span><\/bdi><\/span><\/span>\n<\/a><\/li>\n<\/ul>\n<\/div>\n    <p>\n        <a href=\"https:\/\/www.regionalis.shop\/kreativlaser\/shop\/\" class=\"btn btn-primary btn-icon-right\">\n            Alle Produkte <i class=\"bi bi-arrow-right-short\"><\/i>\n        <\/a>\n    <\/p>\n<\/section>\n\n<div data-block-name=\"woocommerce\/store-notices\" class=\"wc-block-store-notices woocommerce alignwide alignwide wp-block-woocommerce-store-notices\"><div class=\"woocommerce-notices-wrapper\"><\/div><\/div>","protected":false},"excerpt":{"rendered":"","protected":false},"author":1,"featured_media":0,"parent":0,"menu_order":0,"comment_status":"closed","ping_status":"closed","template":"template-home.blade.php","meta":{"_acf_changed":false,"footnotes":""},"class_list":["post-862","page","type-page","status-publish","hentry"],"acf":[],"_links":{"self":[{"href":"https:\/\/www.regionalis.shop\/kreativlaser\/wp-json\/wp\/v2\/pages\/862","targetHints":{"allow":["GET"]}}],"collection":[{"href":"https:\/\/www.regionalis.shop\/kreativlaser\/wp-json\/wp\/v2\/pages"}],"about":[{"href":"https:\/\/www.regionalis.shop\/kreativlaser\/wp-json\/wp\/v2\/types\/page"}],"author":[{"embeddable":true,"href":"https:\/\/www.regionalis.shop\/kreativlaser\/wp-json\/wp\/v2\/users\/1"}],"replies":[{"embeddable":true,"href":"https:\/\/www.regionalis.shop\/kreativlaser\/wp-json\/wp\/v2\/comments?post=862"}],"version-history":[{"count":28,"href":"https:\/\/www.regionalis.shop\/kreativlaser\/wp-json\/wp\/v2\/pages\/862\/revisions"}],"predecessor-version":[{"id":1041,"href":"https:\/\/www.regionalis.shop\/kreativlaser\/wp-json\/wp\/v2\/pages\/862\/revisions\/1041"}],"wp:attachment":[{"href":"https:\/\/www.regionalis.shop\/kreativlaser\/wp-json\/wp\/v2\/media?parent=862"}],"curies":[{"name":"wp","href":"https:\/\/api.w.org\/{rel}","templated":true}]}}