{"id":1058,"date":"2025-12-10T20:24:23","date_gmt":"2025-12-10T19:24:23","guid":{"rendered":"https:\/\/www.regionalis.shop\/kreativlaser\/?post_type=product&#038;p=1058"},"modified":"2025-12-12T22:07:02","modified_gmt":"2025-12-12T21:07:02","slug":"sonnenuhr-schieferplatte-personalisiert-mit-texten-motiv-und-geodaten-groesse-30cm-x-20cm","status":"publish","type":"product","link":"https:\/\/www.regionalis.shop\/kreativlaser\/shop\/sonnenuhr-schieferplatte-personalisiert-mit-texten-motiv-und-geodaten-groesse-30cm-x-20cm\/","title":{"rendered":"Sonnenuhr &#8211; Schieferplatte personalisiert mit &#8222;Texten, Motiv und Geodaten&#8220;.   Gr\u00f6sse: 30cm x 20cm"},"content":{"rendered":"<p>Schiefer-Sonnenuhr mit gelasertem Namen \/ Logo \/ Positionsdaten.<\/p>\n<p>Die Gewindestange dient als Sonnenzeiger. Auf der R\u00fcckseite der Stange wird die &#8222;Schraube&#8220; vormontiert, um den genauen &#8222;Grad&#8220; der GPS-Koordinaten zu haben.<br \/>\nZUM BEISPIEL: GPS Koordinaten von Wien: 48\u00b0 12&#8242; 29.88 N 16\u00b0 22&#8242; 23.16 E. \/ Grad w\u00e4re: 48\u00b0 \/ In diesem Winkel muss die Sonnenuhr aufgestellt werden um die Zeit genau anzuzeigen.<br \/>\nDie Schraube an der R\u00fcckseite wird von uns schon voreingestellt, damit der Winkel stimmt.<\/p>\n<p>Aufstellung: Uhr solange drehen bis diese mit Ihrer &#8222;Uhrzeit&#8220; \u00fcbereinstimmt.<\/p>\n<ol>\n<li>Bitte geben Sie bei der Bestellung an, wo die &#8222;Sonnenuhr&#8220; aufgestellt werden soll.\u00a0 Der &#8222;Ort&#8220; ist ausreichend.<\/li>\n<li>Namen oder Spruch auf der Linken Seite<\/li>\n<li>Motiv &#8211; Standard ( N-S-O-W Motiv) oder eigenes Motiv \/ Logo.Die Schieferplatte ist f\u00fcr bessere Witterungsbest\u00e4ndigkeit ge\u00f6lt.<\/li>\n<\/ol>\n<p>Die &#8222;Gewindestange&#8220; ist aus NIRO.<br \/>\nNaturmaterialien k\u00f6nnen in ihrer Oberfl\u00e4che unterschiedlich sein, da sie aus nat\u00fcrlichen Materialien bestehen und jedes St\u00fcck einzigartig ist.<br \/>\nDies kann auf Unterschiede in der Maserung, Farbe und Textur zur\u00fcckzuf\u00fchren sein.<br \/>\nEbenfalls k\u00f6nnen minimale Schmauchspuren an der Gravur entstehen, beides stellt keinen Mangel dar.<\/p>\n<p>Wir gestalten alles nach deinen W\u00fcnschen, nimm Kontakt mit uns auf und teile uns deine Ideen mit \ud83d\ude42<\/p>\n<p>&nbsp;<\/p>\n<h2>EIGENES MOTIV oder LOGO senden!<\/h2>\n<p>Nach der Bestellung sende uns deine Datei an: <a href=\"mailto:office@kreativlaser.at\">office@kreativlaser.at<\/a><\/p>\n<ul>\n<li>Es k\u00f6nnen auch mehrere Daten gesendet werden.<\/li>\n<li>Vor der Produktion, wird eine &#8222;Freigabedatei&#8220; zur Genehmigung gesendet.<\/li>\n<\/ul>\n","protected":false},"excerpt":{"rendered":"<p>Sonnenuhr &#8211; Schieferplatte personalisiert mit &#8222;Texten, Motiv und Geodaten&#8220;. Gr\u00f6sse: 30cm x 20cm<\/p>\n","protected":false},"featured_media":1059,"template":"","meta":{"_acf_changed":false},"product_brand":[],"product_cat":[132],"product_tag":[175],"class_list":{"0":"post-1058","1":"product","2":"type-product","3":"status-publish","4":"has-post-thumbnail","6":"product_cat-garten-terrasse","7":"product_tag-sonnenuhr","9":"first","10":"instock","11":"purchasable","12":"product-type-simple"},"acf":[],"_links":{"self":[{"href":"https:\/\/www.regionalis.shop\/kreativlaser\/wp-json\/wp\/v2\/product\/1058","targetHints":{"allow":["GET"]}}],"collection":[{"href":"https:\/\/www.regionalis.shop\/kreativlaser\/wp-json\/wp\/v2\/product"}],"about":[{"href":"https:\/\/www.regionalis.shop\/kreativlaser\/wp-json\/wp\/v2\/types\/product"}],"wp:featuredmedia":[{"embeddable":true,"href":"https:\/\/www.regionalis.shop\/kreativlaser\/wp-json\/wp\/v2\/media\/1059"}],"wp:attachment":[{"href":"https:\/\/www.regionalis.shop\/kreativlaser\/wp-json\/wp\/v2\/media?parent=1058"}],"wp:term":[{"taxonomy":"product_brand","embeddable":true,"href":"https:\/\/www.regionalis.shop\/kreativlaser\/wp-json\/wp\/v2\/product_brand?post=1058"},{"taxonomy":"product_cat","embeddable":true,"href":"https:\/\/www.regionalis.shop\/kreativlaser\/wp-json\/wp\/v2\/product_cat?post=1058"},{"taxonomy":"product_tag","embeddable":true,"href":"https:\/\/www.regionalis.shop\/kreativlaser\/wp-json\/wp\/v2\/product_tag?post=1058"}],"curies":[{"name":"wp","href":"https:\/\/api.w.org\/{rel}","templated":true}]}}