{"id":1060,"date":"2025-12-10T20:24:45","date_gmt":"2025-12-10T19:24:45","guid":{"rendered":"https:\/\/www.regionalis.shop\/kreativlaser\/?post_type=product&#038;p=1060"},"modified":"2025-12-12T22:09:29","modified_gmt":"2025-12-12T21:09:29","slug":"bieroeffner-patronenhuelse-mit-holzspitze-und-personalisierter-gravur-7cm-x-12cm","status":"publish","type":"product","link":"https:\/\/www.regionalis.shop\/kreativlaser\/shop\/bieroeffner-patronenhuelse-mit-holzspitze-und-personalisierter-gravur-7cm-x-12cm\/","title":{"rendered":"Bier\u00f6ffner \/ Patronenh\u00fclse mit Holzspitze und personalisierter Gravur. 7cm x 1,2cm"},"content":{"rendered":"<p>Eine Patronenh\u00fclse mit Holzspitze und pers\u00f6nlicher Gravur ist ein individuell gestaltetes Accessoire, das oft als Geschenk oder Erinnerungsst\u00fcck verwendet wird.<br \/>\nDie H\u00fclse besteht aus Metall und ist in eine typische Patrone.<\/p>\n<p>An einem Ende befindet sich eine Spitze aus Holz.<br \/>\nDie Gravur auf der H\u00fclse ist personalisiert und kann den Namen des Empf\u00e4ngers, ein besonderes Datum oder ein Motiv enthalten.<\/p>\n<ul>\n<li>Seitlich der Patrone ist ein Flaschen\u00f6ffner eingeschnitten.<\/li>\n<li>Insgesamt ist die Patronenh\u00fclse mit Holzspitze und Gravur eine einzigartige und personalisierte Geschenkidee f\u00fcr J\u00e4ger, Biertrinker, Grillmeister, Sportsch\u00fctzen oder Outdoor-Enthusiasten.<\/li>\n<li>Schriftart 1 oder 2 sind in der Fotogalerie zu sehen.<\/li>\n<\/ul>\n<h1 data-start=\"747\" data-end=\"868\"><strong>TEXTVORLAGE<\/strong><\/h1>\n<p data-start=\"747\" data-end=\"868\">Nach der Bestellung sende uns deinen TEXT an: <a href=\"mailto:office@kreativlaser.at\">office@kreativlaser.at<\/a><\/p>\n<p>&nbsp;<\/p>\n<p>&nbsp;<\/p>\n","protected":false},"excerpt":{"rendered":"<p>Flaschen\u00f6ffner &#8211; Patronenh\u00fclse mit Holzspitze und pers\u00f6nlicher Gravur<\/p>\n","protected":false},"featured_media":1069,"template":"","meta":{"_acf_changed":false},"product_brand":[],"product_cat":[82],"product_tag":[179,176,177,178],"class_list":{"0":"post-1060","1":"product","2":"type-product","3":"status-publish","4":"has-post-thumbnail","6":"product_cat-sonstiges-accessoires","7":"product_tag-bier","8":"product_tag-flaschenoeffner","9":"product_tag-grillen","10":"product_tag-kueche","12":"first","13":"instock","14":"purchasable","15":"product-type-variable","16":"has-default-attributes"},"acf":[],"_links":{"self":[{"href":"https:\/\/www.regionalis.shop\/kreativlaser\/wp-json\/wp\/v2\/product\/1060","targetHints":{"allow":["GET"]}}],"collection":[{"href":"https:\/\/www.regionalis.shop\/kreativlaser\/wp-json\/wp\/v2\/product"}],"about":[{"href":"https:\/\/www.regionalis.shop\/kreativlaser\/wp-json\/wp\/v2\/types\/product"}],"wp:featuredmedia":[{"embeddable":true,"href":"https:\/\/www.regionalis.shop\/kreativlaser\/wp-json\/wp\/v2\/media\/1069"}],"wp:attachment":[{"href":"https:\/\/www.regionalis.shop\/kreativlaser\/wp-json\/wp\/v2\/media?parent=1060"}],"wp:term":[{"taxonomy":"product_brand","embeddable":true,"href":"https:\/\/www.regionalis.shop\/kreativlaser\/wp-json\/wp\/v2\/product_brand?post=1060"},{"taxonomy":"product_cat","embeddable":true,"href":"https:\/\/www.regionalis.shop\/kreativlaser\/wp-json\/wp\/v2\/product_cat?post=1060"},{"taxonomy":"product_tag","embeddable":true,"href":"https:\/\/www.regionalis.shop\/kreativlaser\/wp-json\/wp\/v2\/product_tag?post=1060"}],"curies":[{"name":"wp","href":"https:\/\/api.w.org\/{rel}","templated":true}]}}