{"id":1114,"date":"2025-12-12T21:00:13","date_gmt":"2025-12-12T20:00:13","guid":{"rendered":"https:\/\/www.regionalis.shop\/kreativlaser\/?post_type=product&#038;p=1114"},"modified":"2025-12-12T22:05:01","modified_gmt":"2025-12-12T21:05:01","slug":"deine-handzeichnung-gelasert-in-eine-baumscheibe","status":"publish","type":"product","link":"https:\/\/www.regionalis.shop\/kreativlaser\/shop\/deine-handzeichnung-gelasert-in-eine-baumscheibe\/","title":{"rendered":"Deine Handzeichnung gelasert in eine Baumscheibe."},"content":{"rendered":"<p data-start=\"99\" data-end=\"487\"><strong data-start=\"99\" data-end=\"213\">Schick uns deine \u201eZeichnung\u201c \u2013 wir verwandeln sie in ein einzigartiges Kunstwerk auf einer echten Baumscheibe.<\/strong><br data-start=\"213\" data-end=\"216\" \/>Ob Kinderzeichnung, Handskizze, pers\u00f6nliche Widmung oder ein besonderes Symbol \u2013 wir gravieren dein Motiv pr\u00e4zise und langlebig in hochwertiges Naturholz. Jede Baumscheibe ist ein Unikat mit eigener Maserung und verleiht deiner Gravur einen warmen, nat\u00fcrlichen Charakter.<\/p>\n<p data-start=\"489\" data-end=\"745\">Perfekt als <strong data-start=\"501\" data-end=\"546\">Geschenk zur Geburt, Hochzeit, Geburtstag<\/strong>, als <strong data-start=\"552\" data-end=\"587\">Erinnerung an besondere Momente<\/strong> oder als liebevolle <strong data-start=\"608\" data-end=\"634\">Dekoration f\u00fcr Zuhause<\/strong>.<br data-start=\"635\" data-end=\"638\" \/>Du erh\u00e4ltst ein personalisiertes St\u00fcck Natur, das Emotionen festh\u00e4lt und garantiert f\u00fcr Begeisterung sorgt.<\/p>\n<p data-start=\"747\" data-end=\"868\"><strong data-start=\"747\" data-end=\"805\">Einfach Motiv hochladen \u2013 wir k\u00fcmmern uns um den Rest.<\/strong><br data-start=\"805\" data-end=\"808\" \/>Schnell, pers\u00f6nlich und mit viel Liebe zum Detail gefertigt.<\/p>\n<hr \/>\n<p data-start=\"747\" data-end=\"868\">\n<h1 data-start=\"747\" data-end=\"868\">EIGENES MOTIV oder LOGO<\/h1>\n<p data-start=\"747\" data-end=\"868\">\nNach der Bestellung sende uns deine Datei an: <a href=\"mailto:office@kreativlaser.at\"><strong>office@kreativlaser.at<\/strong><\/a><\/p>\n<ul>\n<li>Es k\u00f6nnen auch mehrere Daten gesendet werden.<\/li>\n<li>Vor der Produktion, wird eine &#8222;Freigabedatei&#8220; gesendet.<\/li>\n<\/ul>\n<p>&nbsp;<\/p>\n<p>&nbsp;<\/p>\n<p>&nbsp;<\/p>\n","protected":false},"excerpt":{"rendered":"<p>Handzeichnung gelasert in eine Baumscheibe.<\/p>\n","protected":false},"featured_media":1121,"template":"","meta":{"_acf_changed":false},"product_brand":[],"product_cat":[107,147,50,82,169,174],"product_tag":[185,187,178,186],"class_list":{"0":"post-1114","1":"product","2":"type-product","3":"status-publish","4":"has-post-thumbnail","6":"product_cat-accessoires-baby-kinder","7":"product_cat-illustrationen","8":"product_cat-kinderzimmer","9":"product_cat-sonstiges-accessoires","10":"product_cat-sonstiges-wohnen-deko","11":"product_cat-wohndekoration","12":"product_tag-baumscheibe","13":"product_tag-kinderzeichnung","14":"product_tag-kueche","15":"product_tag-lasergravur","17":"first","18":"instock","19":"purchasable","20":"product-type-variable","21":"has-default-attributes"},"acf":[],"_links":{"self":[{"href":"https:\/\/www.regionalis.shop\/kreativlaser\/wp-json\/wp\/v2\/product\/1114","targetHints":{"allow":["GET"]}}],"collection":[{"href":"https:\/\/www.regionalis.shop\/kreativlaser\/wp-json\/wp\/v2\/product"}],"about":[{"href":"https:\/\/www.regionalis.shop\/kreativlaser\/wp-json\/wp\/v2\/types\/product"}],"wp:featuredmedia":[{"embeddable":true,"href":"https:\/\/www.regionalis.shop\/kreativlaser\/wp-json\/wp\/v2\/media\/1121"}],"wp:attachment":[{"href":"https:\/\/www.regionalis.shop\/kreativlaser\/wp-json\/wp\/v2\/media?parent=1114"}],"wp:term":[{"taxonomy":"product_brand","embeddable":true,"href":"https:\/\/www.regionalis.shop\/kreativlaser\/wp-json\/wp\/v2\/product_brand?post=1114"},{"taxonomy":"product_cat","embeddable":true,"href":"https:\/\/www.regionalis.shop\/kreativlaser\/wp-json\/wp\/v2\/product_cat?post=1114"},{"taxonomy":"product_tag","embeddable":true,"href":"https:\/\/www.regionalis.shop\/kreativlaser\/wp-json\/wp\/v2\/product_tag?post=1114"}],"curies":[{"name":"wp","href":"https:\/\/api.w.org\/{rel}","templated":true}]}}