{"id":1138,"date":"2025-12-12T21:24:22","date_gmt":"2025-12-12T20:24:22","guid":{"rendered":"https:\/\/www.regionalis.shop\/kreativlaser\/?post_type=product&#038;p=1138"},"modified":"2025-12-12T22:05:46","modified_gmt":"2025-12-12T21:05:46","slug":"dein-text-gelasert-in-eine-baumscheibe","status":"publish","type":"product","link":"https:\/\/www.regionalis.shop\/kreativlaser\/shop\/dein-text-gelasert-in-eine-baumscheibe\/","title":{"rendered":"Dein TEXT gelasert in eine Baumscheibe."},"content":{"rendered":"<p data-start=\"99\" data-end=\"487\"><strong data-start=\"99\" data-end=\"213\">Schick uns deinen \u201eWunschtext\u201c \u2013 wir verwandeln sie in ein einzigartiges Kunstwerk auf einer echten Baumscheibe.<\/strong><br data-start=\"213\" data-end=\"216\" \/>Ob Spruch, Gedicht, pers\u00f6nliche Widmung \u2013 wir gravieren deinen Text pr\u00e4zise und langlebig in hochwertiges Naturholz. Jede Baumscheibe ist ein Unikat mit eigener Maserung und verleiht deiner Gravur einen nat\u00fcrlichen Charakter.<\/p>\n<p data-start=\"489\" data-end=\"745\">Perfekt als <strong data-start=\"501\" data-end=\"546\">Geschenk zur Geburt, Hochzeit, Geburtstag<\/strong>, als <strong data-start=\"552\" data-end=\"587\">Erinnerung an besondere Momente<\/strong> oder als liebevolle <strong data-start=\"608\" data-end=\"634\">Dekoration f\u00fcr Zuhause<\/strong>.<br data-start=\"635\" data-end=\"638\" \/>Du erh\u00e4ltst ein personalisiertes St\u00fcck Natur, das Emotionen festh\u00e4lt und garantiert f\u00fcr Begeisterung sorgt.<\/p>\n<p data-start=\"747\" data-end=\"868\"><strong data-start=\"747\" data-end=\"805\">Einfach &#8222;Schriftart&#8220; ausw\u00e4hlen \u2013 wir k\u00fcmmern uns um den Rest.<\/strong><br data-start=\"805\" data-end=\"808\" \/>Schnell, pers\u00f6nlich und mit viel Liebe zum Detail gefertigt.<\/p>\n<h1 data-start=\"747\" data-end=\"868\"><strong>TEXTVORLAGE<\/strong><\/h1>\n<p data-start=\"747\" data-end=\"868\">Nach der Bestellung sende uns deinen TEXT an: <a href=\"mailto:office@kreativlaser.at\">office@kreativlaser.at<\/a><\/p>\n<ul>\n<li>Es k\u00f6nnen auch mehrere Daten gesendet werden.<\/li>\n<li>Vor der Produktion, wird eine &#8222;Freigabedatei&#8220; gesendet.<\/li>\n<\/ul>\n<p>&nbsp;<\/p>\n<p>&nbsp;<\/p>\n<p>&nbsp;<\/p>\n","protected":false},"excerpt":{"rendered":"<p>TEXT gelasert in eine Baumscheibe.<\/p>\n","protected":false},"featured_media":1142,"template":"","meta":{"_acf_changed":false},"product_brand":[],"product_cat":[107,132,147,81,82,87,169,174],"product_tag":[185,189,178,186,188],"class_list":{"0":"post-1138","1":"product","2":"type-product","3":"status-publish","4":"has-post-thumbnail","6":"product_cat-accessoires-baby-kinder","7":"product_cat-garten-terrasse","8":"product_cat-illustrationen","9":"product_cat-sonstiges-kunst-fotografie","10":"product_cat-sonstiges-accessoires","11":"product_cat-sonstiges-papeterie-schreibwaren","12":"product_cat-sonstiges-wohnen-deko","13":"product_cat-wohndekoration","14":"product_tag-baumscheibe","15":"product_tag-gedicht","16":"product_tag-kueche","17":"product_tag-lasergravur","18":"product_tag-spruch","20":"first","21":"instock","22":"purchasable","23":"product-type-variable","24":"has-default-attributes"},"acf":[],"_links":{"self":[{"href":"https:\/\/www.regionalis.shop\/kreativlaser\/wp-json\/wp\/v2\/product\/1138","targetHints":{"allow":["GET"]}}],"collection":[{"href":"https:\/\/www.regionalis.shop\/kreativlaser\/wp-json\/wp\/v2\/product"}],"about":[{"href":"https:\/\/www.regionalis.shop\/kreativlaser\/wp-json\/wp\/v2\/types\/product"}],"wp:featuredmedia":[{"embeddable":true,"href":"https:\/\/www.regionalis.shop\/kreativlaser\/wp-json\/wp\/v2\/media\/1142"}],"wp:attachment":[{"href":"https:\/\/www.regionalis.shop\/kreativlaser\/wp-json\/wp\/v2\/media?parent=1138"}],"wp:term":[{"taxonomy":"product_brand","embeddable":true,"href":"https:\/\/www.regionalis.shop\/kreativlaser\/wp-json\/wp\/v2\/product_brand?post=1138"},{"taxonomy":"product_cat","embeddable":true,"href":"https:\/\/www.regionalis.shop\/kreativlaser\/wp-json\/wp\/v2\/product_cat?post=1138"},{"taxonomy":"product_tag","embeddable":true,"href":"https:\/\/www.regionalis.shop\/kreativlaser\/wp-json\/wp\/v2\/product_tag?post=1138"}],"curies":[{"name":"wp","href":"https:\/\/api.w.org\/{rel}","templated":true}]}}