{"id":1161,"date":"2026-01-05T18:28:21","date_gmt":"2026-01-05T17:28:21","guid":{"rendered":"https:\/\/www.regionalis.shop\/kreativlaser\/?post_type=product&#038;p=1161"},"modified":"2026-01-05T19:22:21","modified_gmt":"2026-01-05T18:22:21","slug":"tischlampen-markenflaschen-mit-retro-lampe-edisson-warmlicht-kopie","status":"publish","type":"product","link":"https:\/\/www.regionalis.shop\/kreativlaser\/shop\/tischlampen-markenflaschen-mit-retro-lampe-edisson-warmlicht-kopie\/","title":{"rendered":"Tischlampen &#8211; Markenflaschen mit Retro-Lampe Edisson Warmlicht"},"content":{"rendered":"<p>Glasflasche mit Lampenaufsatz.<br \/>\nDekoratives Hanfseil\/ Kabel im Inneren.<br \/>\nEin \/ Aus mit Radschalter an der Fassung.<\/p>\n<p>Merkmale:<br \/>\nGlasflasche mit Messingfassung.<br \/>\nWarmwei\u00dfes Licht: Perfekt f\u00fcr eine gem\u00fctliche Atmosph\u00e4re in Wohn-, Schlaf- oder Arbeitsr\u00e4umen.<br \/>\nVielseitig einsetzbar: Ideal als Tischlampe, Nachttischlampe oder dekoratives Highlight.<\/p>\n<p>Technische Details:<br \/>\n\ud83d\udccc Stromversorgung: 230V, E14-Fassung (Leuchtmittel enthalten)<br \/>\n\ud83d\udccc Ma\u00dfe: H\u00f6he 33 cm, Breite 8 cm<br \/>\n\ud83d\udccc Kabell\u00e4nge: 80cm Meter mit Kippschalter<br \/>\n\ud83d\udccc Die Lampe ist nur f\u00fcr den Innenraum gedacht !<\/p>\n<p>&nbsp;<\/p>\n<p>&nbsp;<\/p>\n<p>&nbsp;<\/p>\n","protected":false},"excerpt":{"rendered":"<p>Tischlampe &#8211; Markenflasche mit Retro-Lampe Edisson Warmlicht, H\u00f6he\u00a0 33cm Breite 9cm<\/p>\n","protected":false},"featured_media":1166,"template":"","meta":{"_acf_changed":false},"product_brand":[],"product_cat":[156,82],"product_tag":[181,190,180],"class_list":{"0":"post-1161","1":"product","2":"type-product","3":"status-publish","4":"has-post-thumbnail","6":"product_cat-lampen-beleuchtung","7":"product_cat-sonstiges-accessoires","8":"product_tag-glaslampe","9":"product_tag-schnapslampe","10":"product_tag-tischlampe","12":"first","13":"instock","14":"purchasable","15":"product-type-variable"},"acf":[],"_links":{"self":[{"href":"https:\/\/www.regionalis.shop\/kreativlaser\/wp-json\/wp\/v2\/product\/1161","targetHints":{"allow":["GET"]}}],"collection":[{"href":"https:\/\/www.regionalis.shop\/kreativlaser\/wp-json\/wp\/v2\/product"}],"about":[{"href":"https:\/\/www.regionalis.shop\/kreativlaser\/wp-json\/wp\/v2\/types\/product"}],"wp:featuredmedia":[{"embeddable":true,"href":"https:\/\/www.regionalis.shop\/kreativlaser\/wp-json\/wp\/v2\/media\/1166"}],"wp:attachment":[{"href":"https:\/\/www.regionalis.shop\/kreativlaser\/wp-json\/wp\/v2\/media?parent=1161"}],"wp:term":[{"taxonomy":"product_brand","embeddable":true,"href":"https:\/\/www.regionalis.shop\/kreativlaser\/wp-json\/wp\/v2\/product_brand?post=1161"},{"taxonomy":"product_cat","embeddable":true,"href":"https:\/\/www.regionalis.shop\/kreativlaser\/wp-json\/wp\/v2\/product_cat?post=1161"},{"taxonomy":"product_tag","embeddable":true,"href":"https:\/\/www.regionalis.shop\/kreativlaser\/wp-json\/wp\/v2\/product_tag?post=1161"}],"curies":[{"name":"wp","href":"https:\/\/api.w.org\/{rel}","templated":true}]}}