{"id":1042,"date":"2025-10-23T16:14:07","date_gmt":"2025-10-23T14:14:07","guid":{"rendered":"https:\/\/www.regionalis.shop\/krismar-seewinkler-naturkosmetik\/?page_id=1042"},"modified":"2025-10-23T16:16:34","modified_gmt":"2025-10-23T14:16:34","slug":"impressum","status":"publish","type":"page","link":"https:\/\/www.regionalis.shop\/krismar-seewinkler-naturkosmetik\/impressum\/","title":{"rendered":"Impressum"},"content":{"rendered":"<section>\n            <p>&#8211;KrisMar \u2013 Mit Liebe gemacht \u2013 von Hand, im Burgenland&#8211;<\/p>\n<div class=\"fusion-title title fusion-title-1 fusion-sep-none fusion-title-text fusion-title-size-one\">\n<p class=\"fusion-title-heading title-heading-left\">\n<\/div>\n<div class=\"fusion-title title fusion-title-2 fusion-sep-none fusion-title-text fusion-title-size-two\">\n<p class=\"fusion-title-heading title-heading-left\">Entdecke die Sch\u00f6nheit der Natur mit Seewinkler Naturkosmetik. Weil deine Haut das Beste aus der Natur verdient.<\/p>\n<\/div>\n<p>Wir sind zwei naturverbundene, diplomierte Kosmetik Herstellerinnen, die ihr Wissen und Leidenschaft in Herstellung von Naturkosmetik entfalten.<\/p>\n<p>Unsere Begeisterung f\u00fcr die Sch\u00e4tze der Natur wollen wir als pflegende Kreationen an unsere Kunden weitergeben.<\/p>\n<p>100% Handarbeit, 100% Naturkosmetik, 100% mit Liebe handger\u00fchrt<\/p>\n<p>Bei der Auswahl unserer\u00a0Rohstoffe\u00a0gehen wir mit gr\u00f6\u00dfter Sorgfalt vor.<br \/>\nWir verwenden nur hochwertige, gepr\u00fcfte und m\u00f6glichst nachhaltig gewonnene Zutaten \u2013 aus \u00dcberzeugung und mit einem tiefen Verantwortungsgef\u00fchl. F\u00fcr uns z\u00e4hlt die\u00a0Balance zwischen Wirksamkeit, Hautvertr\u00e4glichkeit und ehrlicher Herstellung\u00a0\u2013 ohne Kompromisse bei Qualit\u00e4t oder Sicherheit.<br \/>\nDabei setzen wir auf das Beste, was die Natur uns schenkt:<br \/>\nduftende Hydrolate,\u00a0kaltgepresste Pflanzen\u00f6le,\u00a0reine \u00e4therische \u00d6le\u00a0und\u00a0hochwirksame Pflanzenextrakte\u00a0\u2013 sorgf\u00e4ltig kombiniert f\u00fcr nat\u00fcrliche Pflege, die wirkt und verw\u00f6hnt.<\/p>\n<p>ab 60,- Bestellwert versenden wir innerhalb \u00d6sterreichs kostenlos .<\/p>\n\n    <\/section>","protected":false},"excerpt":{"rendered":"","protected":false},"author":1,"featured_media":0,"parent":0,"menu_order":0,"comment_status":"closed","ping_status":"closed","template":"","meta":{"_acf_changed":false,"footnotes":""},"class_list":["post-1042","page","type-page","status-publish","hentry"],"acf":[],"_links":{"self":[{"href":"https:\/\/www.regionalis.shop\/krismar-seewinkler-naturkosmetik\/wp-json\/wp\/v2\/pages\/1042","targetHints":{"allow":["GET"]}}],"collection":[{"href":"https:\/\/www.regionalis.shop\/krismar-seewinkler-naturkosmetik\/wp-json\/wp\/v2\/pages"}],"about":[{"href":"https:\/\/www.regionalis.shop\/krismar-seewinkler-naturkosmetik\/wp-json\/wp\/v2\/types\/page"}],"author":[{"embeddable":true,"href":"https:\/\/www.regionalis.shop\/krismar-seewinkler-naturkosmetik\/wp-json\/wp\/v2\/users\/1"}],"replies":[{"embeddable":true,"href":"https:\/\/www.regionalis.shop\/krismar-seewinkler-naturkosmetik\/wp-json\/wp\/v2\/comments?post=1042"}],"version-history":[{"count":2,"href":"https:\/\/www.regionalis.shop\/krismar-seewinkler-naturkosmetik\/wp-json\/wp\/v2\/pages\/1042\/revisions"}],"predecessor-version":[{"id":1044,"href":"https:\/\/www.regionalis.shop\/krismar-seewinkler-naturkosmetik\/wp-json\/wp\/v2\/pages\/1042\/revisions\/1044"}],"wp:attachment":[{"href":"https:\/\/www.regionalis.shop\/krismar-seewinkler-naturkosmetik\/wp-json\/wp\/v2\/media?parent=1042"}],"curies":[{"name":"wp","href":"https:\/\/api.w.org\/{rel}","templated":true}]}}