{"id":1054,"date":"2025-04-28T04:01:44","date_gmt":"2025-04-28T02:01:44","guid":{"rendered":"https:\/\/www.regionalis.shop\/krismar-seewinkler-naturkosmetik\/product\/handcreme-wiesenkraeuter\/"},"modified":"2025-11-06T11:54:40","modified_gmt":"2025-11-06T10:54:40","slug":"handcreme-wiesenkraeuter","status":"publish","type":"product","link":"https:\/\/www.regionalis.shop\/krismar-seewinkler-naturkosmetik\/shop\/handcreme-wiesenkraeuter\/","title":{"rendered":"Handcreme Wiesenkr\u00e4uter"},"content":{"rendered":"<div class=\"fusion-title title fusion-title-1 fusion-sep-none fusion-title-text fusion-title-size-two\">\n<h2 class=\"fusion-title-heading title-heading-left\">Handcreme Wiesenkr\u00e4uter 50ml<\/h2>\n<\/div>\n<div class=\"fusion-text fusion-text-1\">\n<p>Unsere Handcreme Wiesenkr\u00e4uter verw\u00f6hnt deine Haut mit einer reichhaltigen Pflegeformel aus hochwertigen, nat\u00fcrlichen \u00d6len wie kaltgepresstem Kokos\u00f6l, Kamillen\u00f6l, Ringelblumen\u00f6l, Jojoba- und Mandel\u00f6l. Sie zieht schnell ein und hinterl\u00e4sst einen erdenden Duft nach Wiesenkr\u00e4utern und beruhigendem Weihrauch.<\/p>\n<p>\u2714\u00a0<strong>Geschmeidige H\u00e4nde:<\/strong>\u00a0intensive Pflege, ohne fettige R\u00fcckst\u00e4nde<br \/>\n\u2714\u00a0<strong>Starke N\u00e4gel:<\/strong>\u00a0f\u00f6rdert gesunde und kr\u00e4ftige N\u00e4gel<br \/>\n\u2714\u00a0<strong>Sehr ergiebig:<\/strong>\u00a0nur eine kleine Menge reicht aus<\/p>\n<p><strong>Praktischer Airless-Spender:<\/strong>\u00a0Dank des innovativen Doppelbodens wird der Inhalt bis zum letzten Tropfen aufgebraucht \u2013 f\u00fcr eine nachhaltige Nutzung ohne Produktverlust.<\/p>\n<p><strong>Erlebe nat\u00fcrliche Pflege in ihrer besten Form!<\/strong><\/p>\n<\/div>\n","protected":false},"excerpt":{"rendered":"<p>Handcreme Wiesenkr\u00e4uter 50ml Unsere Handcreme Wiesenkr\u00e4uter verw\u00f6hnt deine Haut mit einer reichhaltigen Pflegeformel aus hochwertigen, nat\u00fcrlichen \u00d6len wie kaltgepresstem Kokos\u00f6l, Kamillen\u00f6l, Ringelblumen\u00f6l, Jojoba- und Mandel\u00f6l. Sie zieht schnell ein und hinterl\u00e4sst einen erdenden Duft nach Wiesenkr\u00e4utern und beruhigendem Weihrauch. \u2714\u00a0Geschmeidige H\u00e4nde:\u00a0intensive Pflege, ohne fettige R\u00fcckst\u00e4nde \u2714\u00a0Starke N\u00e4gel:\u00a0f\u00f6rdert gesunde und kr\u00e4ftige N\u00e4gel \u2714\u00a0Sehr ergiebig:\u00a0nur eine kleine &hellip; <a href=\"https:\/\/www.regionalis.shop\/krismar-seewinkler-naturkosmetik\/shop\/handcreme-wiesenkraeuter\/\">Continued<\/a><\/p>\n","protected":false},"featured_media":1170,"template":"","meta":{"_acf_changed":false},"product_brand":[],"product_cat":[122,52],"product_tag":[],"class_list":{"0":"post-1054","1":"product","2":"type-product","3":"status-publish","4":"has-post-thumbnail","6":"product_cat-cremen-salben","7":"product_cat-kosmetika","9":"first","10":"instock","11":"purchasable","12":"product-type-simple"},"acf":[],"_links":{"self":[{"href":"https:\/\/www.regionalis.shop\/krismar-seewinkler-naturkosmetik\/wp-json\/wp\/v2\/product\/1054","targetHints":{"allow":["GET"]}}],"collection":[{"href":"https:\/\/www.regionalis.shop\/krismar-seewinkler-naturkosmetik\/wp-json\/wp\/v2\/product"}],"about":[{"href":"https:\/\/www.regionalis.shop\/krismar-seewinkler-naturkosmetik\/wp-json\/wp\/v2\/types\/product"}],"wp:featuredmedia":[{"embeddable":true,"href":"https:\/\/www.regionalis.shop\/krismar-seewinkler-naturkosmetik\/wp-json\/wp\/v2\/media\/1170"}],"wp:attachment":[{"href":"https:\/\/www.regionalis.shop\/krismar-seewinkler-naturkosmetik\/wp-json\/wp\/v2\/media?parent=1054"}],"wp:term":[{"taxonomy":"product_brand","embeddable":true,"href":"https:\/\/www.regionalis.shop\/krismar-seewinkler-naturkosmetik\/wp-json\/wp\/v2\/product_brand?post=1054"},{"taxonomy":"product_cat","embeddable":true,"href":"https:\/\/www.regionalis.shop\/krismar-seewinkler-naturkosmetik\/wp-json\/wp\/v2\/product_cat?post=1054"},{"taxonomy":"product_tag","embeddable":true,"href":"https:\/\/www.regionalis.shop\/krismar-seewinkler-naturkosmetik\/wp-json\/wp\/v2\/product_tag?post=1054"}],"curies":[{"name":"wp","href":"https:\/\/api.w.org\/{rel}","templated":true}]}}