{"id":1056,"date":"2025-04-28T04:01:44","date_gmt":"2025-04-28T02:01:44","guid":{"rendered":"https:\/\/www.regionalis.shop\/krismar-seewinkler-naturkosmetik\/product\/hundeseife\/"},"modified":"2025-11-06T11:54:18","modified_gmt":"2025-11-06T10:54:18","slug":"hundeseife","status":"publish","type":"product","link":"https:\/\/www.regionalis.shop\/krismar-seewinkler-naturkosmetik\/shop\/hundeseife\/","title":{"rendered":"Hundeseife"},"content":{"rendered":"<div class=\"fusion-title title fusion-title-1 fusion-sep-none fusion-title-text fusion-title-size-two\">\n<h2 class=\"fusion-title-heading title-heading-left\">Hunde Seife 90g<\/h2>\n<\/div>\n<div class=\"fusion-title title fusion-title-2 fusion-sep-none fusion-title-text fusion-title-size-three\">\n<h3 class=\"fusion-title-heading title-heading-left\">Sanfte Pflege f\u00fcr weiches, gl\u00e4nzendes Fell<\/h3>\n<\/div>\n<div class=\"fusion-text fusion-text-1\">\n<p>Unsere\u00a0<strong>Hunde Seife<\/strong>\u00a0ist die ideale Wahl f\u00fcr die nat\u00fcrliche Reinigung und Pflege deines vierbeinigen Lieblings. Handgemacht und frei von scharfen Tensiden, reinigt sie sanft, wirkt r\u00fcckfettend und sorgt f\u00fcr ein gesundes, geschmeidiges Fell.<\/p>\n<\/div>\n<div class=\"fusion-title title fusion-title-3 fusion-sep-none fusion-title-text fusion-title-size-three\">\n<h3 class=\"fusion-title-heading title-heading-left\">Eigenschaften und Vorteile:<\/h3>\n<\/div>\n<div class=\"fusion-text fusion-text-2\">\n<ul>\n<li><strong>Sanfte Reinigung:<\/strong>\u00a0Nat\u00fcrliche Inhaltsstoffe reinigen gr\u00fcndlich, ohne die Haut deines Hundes auszutrocknen.<\/li>\n<li><strong>R\u00fcckfettende Wirkung:<\/strong>\u00a0Oliven\u00f6l und Rizinus\u00f6l unterst\u00fctzen die Hautbarriere und pflegen das Fell, damit es weich und gl\u00e4nzend bleibt.<\/li>\n<li><strong>Dezente Desinfektion:<\/strong>\u00a0Dank des Teebaum\u00f6ls hat die Seife eine milde, desinfizierende Wirkung \u2013 perfekt f\u00fcr eine hygienische Pflege.<\/li>\n<li><strong>Nat\u00fcrliche Pflege:<\/strong>\u00a0Ohne scharfe Tenside oder chemische Zus\u00e4tze, ideal auch f\u00fcr empfindliche Hundehaut.<\/li>\n<\/ul>\n<\/div>\n<div class=\"fusion-title title fusion-title-4 fusion-sep-none fusion-title-text fusion-title-size-three\">\n<h3 class=\"fusion-title-heading title-heading-left\">Anwendung:<\/h3>\n<\/div>\n<div class=\"fusion-text fusion-text-3\">\n<p>Das Fell deines Hundes mit warmem Wasser anfeuchten, die Seife aufsch\u00e4umen und sanft einmassieren. Anschlie\u00dfend gr\u00fcndlich aussp\u00fclen und das Fell trocken reiben. Auch nach dem Spaziergang f\u00fcr die schnelle Pfotenw\u00e4sche geeignet.<\/p>\n<\/div>\n<div class=\"fusion-title title fusion-title-5 fusion-sep-none fusion-title-text fusion-title-size-three\">\n<h3 class=\"fusion-title-heading title-heading-left\">Besonderheiten:<\/h3>\n<\/div>\n<div class=\"fusion-text fusion-text-4\">\n<ul>\n<li>Handgemacht mit Liebe und Sorgfalt.<\/li>\n<li>Frei von k\u00fcnstlichen Zus\u00e4tzen \u2013 sanft zur Haut und umweltfreundlich.<\/li>\n<\/ul>\n<p><strong>Verw\u00f6hne deinen Vierbeiner mit einer nat\u00fcrlichen Pflege, die Fell und Haut in Bestform bringt \u2013 mit unserer Hundeseife<\/strong><\/p>\n<\/div>\n","protected":false},"excerpt":{"rendered":"<p>Hunde Seife 90g Sanfte Pflege f\u00fcr weiches, gl\u00e4nzendes Fell Unsere\u00a0Hunde Seife\u00a0ist die ideale Wahl f\u00fcr die nat\u00fcrliche Reinigung und Pflege deines vierbeinigen Lieblings. Handgemacht und frei von scharfen Tensiden, reinigt sie sanft, wirkt r\u00fcckfettend und sorgt f\u00fcr ein gesundes, geschmeidiges Fell. Eigenschaften und Vorteile: Sanfte Reinigung:\u00a0Nat\u00fcrliche Inhaltsstoffe reinigen gr\u00fcndlich, ohne die Haut deines Hundes auszutrocknen. &hellip; <a href=\"https:\/\/www.regionalis.shop\/krismar-seewinkler-naturkosmetik\/shop\/hundeseife\/\">Continued<\/a><\/p>\n","protected":false},"featured_media":1144,"template":"","meta":{"_acf_changed":false},"product_brand":[],"product_cat":[162,83],"product_tag":[],"class_list":{"0":"post-1056","1":"product","2":"type-product","3":"status-publish","4":"has-post-thumbnail","6":"product_cat-null","7":"product_cat-sonstiges","9":"first","10":"instock","11":"purchasable","12":"product-type-simple"},"acf":[],"_links":{"self":[{"href":"https:\/\/www.regionalis.shop\/krismar-seewinkler-naturkosmetik\/wp-json\/wp\/v2\/product\/1056","targetHints":{"allow":["GET"]}}],"collection":[{"href":"https:\/\/www.regionalis.shop\/krismar-seewinkler-naturkosmetik\/wp-json\/wp\/v2\/product"}],"about":[{"href":"https:\/\/www.regionalis.shop\/krismar-seewinkler-naturkosmetik\/wp-json\/wp\/v2\/types\/product"}],"wp:featuredmedia":[{"embeddable":true,"href":"https:\/\/www.regionalis.shop\/krismar-seewinkler-naturkosmetik\/wp-json\/wp\/v2\/media\/1144"}],"wp:attachment":[{"href":"https:\/\/www.regionalis.shop\/krismar-seewinkler-naturkosmetik\/wp-json\/wp\/v2\/media?parent=1056"}],"wp:term":[{"taxonomy":"product_brand","embeddable":true,"href":"https:\/\/www.regionalis.shop\/krismar-seewinkler-naturkosmetik\/wp-json\/wp\/v2\/product_brand?post=1056"},{"taxonomy":"product_cat","embeddable":true,"href":"https:\/\/www.regionalis.shop\/krismar-seewinkler-naturkosmetik\/wp-json\/wp\/v2\/product_cat?post=1056"},{"taxonomy":"product_tag","embeddable":true,"href":"https:\/\/www.regionalis.shop\/krismar-seewinkler-naturkosmetik\/wp-json\/wp\/v2\/product_tag?post=1056"}],"curies":[{"name":"wp","href":"https:\/\/api.w.org\/{rel}","templated":true}]}}