{"id":1058,"date":"2025-04-28T04:01:44","date_gmt":"2025-04-28T02:01:44","guid":{"rendered":"https:\/\/www.regionalis.shop\/krismar-seewinkler-naturkosmetik\/product\/pfotensalbe\/"},"modified":"2025-11-06T11:52:49","modified_gmt":"2025-11-06T10:52:49","slug":"pfotensalbe","status":"publish","type":"product","link":"https:\/\/www.regionalis.shop\/krismar-seewinkler-naturkosmetik\/shop\/pfotensalbe\/","title":{"rendered":"Pfotensalbe"},"content":{"rendered":"<div class=\"fusion-title title fusion-title-1 fusion-sep-none fusion-title-text fusion-title-size-two\">\n<h2 class=\"fusion-title-heading title-heading-left\">Pfoten Salbe 50ml<\/h2>\n<\/div>\n<div class=\"fusion-title title fusion-title-2 fusion-sep-none fusion-title-text fusion-title-size-three\">\n<h3 class=\"fusion-title-heading title-heading-left\">Intensive Pflege f\u00fcr geschmeidige Pfoten (ohne Duftstoffe)<\/h3>\n<\/div>\n<div class=\"fusion-text fusion-text-1\">\n<p><strong>Nat\u00fcrliche Pflege f\u00fcr empfindliche Pfoten<\/strong>\u00a0\u2013 Unsere handger\u00fchrte Pfoten Salbe bietet Schutz und intensive Pflege f\u00fcr strapazierte Hundepfoten bei jedem Wetter. Ob eisige K\u00e4lte, salzgestreute Wege oder einfach trockene Haut \u2013 diese Salbe ist der ideale Begleiter f\u00fcr gesunde und geschmeidige Pfoten.<\/p>\n<\/div>\n<div class=\"fusion-title title fusion-title-3 fusion-sep-none fusion-title-text fusion-title-size-three\">\n<h3 class=\"fusion-title-heading title-heading-left\">Besonderheiten der Pfoten Salbe:<\/h3>\n<\/div>\n<div class=\"fusion-text fusion-text-2\">\n<ul>\n<li><strong>Sanft und nat\u00fcrlich:<\/strong>\u00a0Enth\u00e4lt einen pflegenden Ringelblumen\u00f6lauszug, der rissige und trockene Haut beruhigt und regeneriert.<\/li>\n<li><strong>Ohne Duftstoffe:<\/strong>\u00a0Frei von \u00e4therischen \u00d6len, mit einem dezenten, nat\u00fcrlichen Duft nach kaltgepresstem Raps\u00f6l \u2013 perfekt f\u00fcr empfindliche Nasen.<\/li>\n<li><strong>Schutz bei jedem Wetter:<\/strong>\u00a0Ideal f\u00fcr kalte Wintertage, sch\u00fctzt vor Streusalz, K\u00e4lte und rauen Oberfl\u00e4chen.<\/li>\n<\/ul>\n<\/div>\n<div class=\"fusion-title title fusion-title-4 fusion-sep-none fusion-title-text fusion-title-size-three\">\n<h3 class=\"fusion-title-heading title-heading-left\">Vorteile:<\/h3>\n<\/div>\n<div class=\"fusion-text fusion-text-3\">\n<ul>\n<li>Handger\u00fchrt und sorgf\u00e4ltig hergestellt aus nat\u00fcrlichen Zutaten.<\/li>\n<li>Einfach aufzutragen und zieht schnell ein, ohne klebrige R\u00fcckst\u00e4nde zu hinterlassen.<\/li>\n<li>F\u00fcr empfindliche Tiere geeignet, da sie komplett auf unn\u00f6tige Zusatzstoffe verzichtet.<\/li>\n<\/ul>\n<\/div>\n<div class=\"fusion-title title fusion-title-5 fusion-sep-none fusion-title-text fusion-title-size-three\">\n<h3 class=\"fusion-title-heading title-heading-left\">Anwendung:<\/h3>\n<\/div>\n<div class=\"fusion-text fusion-text-4\">\n<p>Trage eine kleine Menge der Salbe vor dem Spaziergang oder nach Bedarf auf die Pfoten auf. Besser noch nach dem Spaziergang. Besonders geeignet nach Kontakt mit Streusalz oder bei rauer Haut.<\/p>\n<p>Sch\u00fctze deinen Vierbeiner\u00a0 \u2013 mit unserer naturreinen und reichhaltigen\u00a0<strong>Pfoten Salbe<\/strong>\u00a0f\u00fcr geschmeidige, gesunde Pfoten!<\/p>\n<\/div>\n","protected":false},"excerpt":{"rendered":"<p>Pfoten Salbe 50ml Intensive Pflege f\u00fcr geschmeidige Pfoten (ohne Duftstoffe) Nat\u00fcrliche Pflege f\u00fcr empfindliche Pfoten\u00a0\u2013 Unsere handger\u00fchrte Pfoten Salbe bietet Schutz und intensive Pflege f\u00fcr strapazierte Hundepfoten bei jedem Wetter. Ob eisige K\u00e4lte, salzgestreute Wege oder einfach trockene Haut \u2013 diese Salbe ist der ideale Begleiter f\u00fcr gesunde und geschmeidige Pfoten. Besonderheiten der Pfoten Salbe: &hellip; <a href=\"https:\/\/www.regionalis.shop\/krismar-seewinkler-naturkosmetik\/shop\/pfotensalbe\/\">Continued<\/a><\/p>\n","protected":false},"featured_media":1158,"template":"","meta":{"_acf_changed":false},"product_brand":[],"product_cat":[162,83],"product_tag":[],"class_list":{"0":"post-1058","1":"product","2":"type-product","3":"status-publish","4":"has-post-thumbnail","6":"product_cat-null","7":"product_cat-sonstiges","9":"first","10":"instock","11":"purchasable","12":"product-type-simple"},"acf":[],"_links":{"self":[{"href":"https:\/\/www.regionalis.shop\/krismar-seewinkler-naturkosmetik\/wp-json\/wp\/v2\/product\/1058","targetHints":{"allow":["GET"]}}],"collection":[{"href":"https:\/\/www.regionalis.shop\/krismar-seewinkler-naturkosmetik\/wp-json\/wp\/v2\/product"}],"about":[{"href":"https:\/\/www.regionalis.shop\/krismar-seewinkler-naturkosmetik\/wp-json\/wp\/v2\/types\/product"}],"wp:featuredmedia":[{"embeddable":true,"href":"https:\/\/www.regionalis.shop\/krismar-seewinkler-naturkosmetik\/wp-json\/wp\/v2\/media\/1158"}],"wp:attachment":[{"href":"https:\/\/www.regionalis.shop\/krismar-seewinkler-naturkosmetik\/wp-json\/wp\/v2\/media?parent=1058"}],"wp:term":[{"taxonomy":"product_brand","embeddable":true,"href":"https:\/\/www.regionalis.shop\/krismar-seewinkler-naturkosmetik\/wp-json\/wp\/v2\/product_brand?post=1058"},{"taxonomy":"product_cat","embeddable":true,"href":"https:\/\/www.regionalis.shop\/krismar-seewinkler-naturkosmetik\/wp-json\/wp\/v2\/product_cat?post=1058"},{"taxonomy":"product_tag","embeddable":true,"href":"https:\/\/www.regionalis.shop\/krismar-seewinkler-naturkosmetik\/wp-json\/wp\/v2\/product_tag?post=1058"}],"curies":[{"name":"wp","href":"https:\/\/api.w.org\/{rel}","templated":true}]}}