{"id":1066,"date":"2025-04-28T03:40:18","date_gmt":"2025-04-28T01:40:18","guid":{"rendered":"https:\/\/www.regionalis.shop\/krismar-seewinkler-naturkosmetik\/product\/rosen-seife\/"},"modified":"2026-01-29T10:18:30","modified_gmt":"2026-01-29T09:18:30","slug":"rosen-seife","status":"publish","type":"product","link":"https:\/\/www.regionalis.shop\/krismar-seewinkler-naturkosmetik\/shop\/rosen-seife\/","title":{"rendered":"Rosen Seife"},"content":{"rendered":"<div class=\"fusion-title title fusion-title-1 fusion-sep-none fusion-title-text fusion-title-size-two\">\n<h2 class=\"fusion-title-heading title-heading-left\">Rosenseife 85g<\/h2>\n<\/div>\n<div class=\"fusion-title title fusion-title-2 fusion-sep-none fusion-title-text fusion-title-size-three\">\n<h3 class=\"fusion-title-heading title-heading-left\">Himmlische Pflege und sinnlicher Rosenduft \u2013 Luxusseife mit echtem \u00e4therischem Damascena-Rosen\u00f6l &amp; Rosenwasser.<\/h3>\n<\/div>\n<div class=\"fusion-text fusion-text-1\">\n<p>Unsere\u00a0<strong>Luxusseife Rose<\/strong>\u00a0ist ein wahres Schmuckst\u00fcck f\u00fcr deine Hautpflege. Mit ihrem verf\u00fchrerischen Duft aus echtem Damascena-Rosen\u00f6l, Rosengeranien\u00f6l, Rosenwasser, Wildrosen\u00f6l und zarten Rosenknospen ist sie der Inbegriff von luxuri\u00f6ser Verw\u00f6hnkunst.<\/p>\n<\/div>\n<div class=\"fusion-title title fusion-title-3 fusion-sep-none fusion-title-text fusion-title-size-three\">\n<h3 class=\"fusion-title-heading title-heading-left\">Eigenschaften und Vorteile:<\/h3>\n<\/div>\n<div class=\"fusion-text fusion-text-2\">\n<ul>\n<li><strong>erf\u00fchrerischer Rosenduft:<\/strong>\u00a0Der edle Duft echter Rosen umh\u00fcllt die Sinne und sorgt f\u00fcr ein unvergleichliches Pflegeerlebnis.<\/li>\n<li><strong>Pflege f\u00fcr jeden Hauttyp:<\/strong>\u00a0Die reichhaltige Formel reinigt sanft und ist ideal f\u00fcr anspruchsvolle Haut.<\/li>\n<li><strong>Vielseitig:<\/strong>\u00a0Perfekt zum\u00a0<strong>H\u00e4ndewaschen<\/strong>,\u00a0<strong>Duschen<\/strong>\u00a0und f\u00fcr kleine Verw\u00f6hnmomente zwischendurch.<\/li>\n<\/ul>\n<\/div>\n<div class=\"fusion-title title fusion-title-4 fusion-sep-none fusion-title-text fusion-title-size-three\">\n<h3 class=\"fusion-title-heading title-heading-left\">Besonderheiten:<\/h3>\n<\/div>\n<div class=\"fusion-text fusion-text-3\">\n<ul>\n<li>Mit hochwertigen Inhaltsstoffen wie Wildrosen\u00f6l und Rosenwasser f\u00fcr intensive Pflege und Feuchtigkeit.<\/li>\n<li>Geschm\u00fcck mit zarter Rosenknospe \u2013 ein echter Hingucker.<\/li>\n<li>Sanft zur Haut und f\u00fcr die t\u00e4gliche Anwendung geeignet.<\/li>\n<\/ul>\n<p><strong>Erlebe die sinnliche Magie der Rose \u2013 mit unserer Luxusseife Rose, die K\u00f6rper und Seele gleicherma\u00dfen verw\u00f6hnt.\u00a0<\/strong><\/p>\n<\/div>\n","protected":false},"excerpt":{"rendered":"<p>Rosenseife 85g Himmlische Pflege und sinnlicher Rosenduft \u2013 Luxusseife mit echtem \u00e4therischem Damascena-Rosen\u00f6l &amp; Rosenwasser. Unsere\u00a0Luxusseife Rose\u00a0ist ein wahres Schmuckst\u00fcck f\u00fcr deine Hautpflege. Mit ihrem verf\u00fchrerischen Duft aus echtem Damascena-Rosen\u00f6l, Rosengeranien\u00f6l, Rosenwasser, Wildrosen\u00f6l und zarten Rosenknospen ist sie der Inbegriff von luxuri\u00f6ser Verw\u00f6hnkunst. Eigenschaften und Vorteile: erf\u00fchrerischer Rosenduft:\u00a0Der edle Duft echter Rosen umh\u00fcllt die Sinne &hellip; <a href=\"https:\/\/www.regionalis.shop\/krismar-seewinkler-naturkosmetik\/shop\/rosen-seife\/\">Continued<\/a><\/p>\n","protected":false},"featured_media":1162,"template":"","meta":{"_acf_changed":false},"product_brand":[],"product_cat":[52,76],"product_tag":[],"class_list":{"0":"post-1066","1":"product","2":"type-product","3":"status-publish","4":"has-post-thumbnail","6":"product_cat-kosmetika","7":"product_cat-seifen","9":"first","10":"instock","11":"purchasable","12":"product-type-simple"},"acf":[],"_links":{"self":[{"href":"https:\/\/www.regionalis.shop\/krismar-seewinkler-naturkosmetik\/wp-json\/wp\/v2\/product\/1066","targetHints":{"allow":["GET"]}}],"collection":[{"href":"https:\/\/www.regionalis.shop\/krismar-seewinkler-naturkosmetik\/wp-json\/wp\/v2\/product"}],"about":[{"href":"https:\/\/www.regionalis.shop\/krismar-seewinkler-naturkosmetik\/wp-json\/wp\/v2\/types\/product"}],"wp:featuredmedia":[{"embeddable":true,"href":"https:\/\/www.regionalis.shop\/krismar-seewinkler-naturkosmetik\/wp-json\/wp\/v2\/media\/1162"}],"wp:attachment":[{"href":"https:\/\/www.regionalis.shop\/krismar-seewinkler-naturkosmetik\/wp-json\/wp\/v2\/media?parent=1066"}],"wp:term":[{"taxonomy":"product_brand","embeddable":true,"href":"https:\/\/www.regionalis.shop\/krismar-seewinkler-naturkosmetik\/wp-json\/wp\/v2\/product_brand?post=1066"},{"taxonomy":"product_cat","embeddable":true,"href":"https:\/\/www.regionalis.shop\/krismar-seewinkler-naturkosmetik\/wp-json\/wp\/v2\/product_cat?post=1066"},{"taxonomy":"product_tag","embeddable":true,"href":"https:\/\/www.regionalis.shop\/krismar-seewinkler-naturkosmetik\/wp-json\/wp\/v2\/product_tag?post=1066"}],"curies":[{"name":"wp","href":"https:\/\/api.w.org\/{rel}","templated":true}]}}