{"id":1070,"date":"2025-04-28T03:32:00","date_gmt":"2025-04-28T01:32:00","guid":{"rendered":"https:\/\/www.regionalis.shop\/krismar-seewinkler-naturkosmetik\/product\/ringelblumen-seife\/"},"modified":"2025-11-06T12:57:33","modified_gmt":"2025-11-06T11:57:33","slug":"ringelblumen-seife","status":"publish","type":"product","link":"https:\/\/www.regionalis.shop\/krismar-seewinkler-naturkosmetik\/shop\/ringelblumen-seife\/","title":{"rendered":"Ringelblumen Seife"},"content":{"rendered":"<div class=\"fusion-title title fusion-title-1 fusion-sep-none fusion-title-text fusion-title-size-two\">\n<h2 class=\"fusion-title-heading title-heading-left\">Ringelblumen Seife<\/h2>\n<\/div>\n<div class=\"fusion-title title fusion-title-2 fusion-sep-none fusion-title-text fusion-title-size-three\">\n<h3 class=\"fusion-title-heading title-heading-left\">Sanfte Pflege mit blumigem Duft<\/h3>\n<h3 class=\"fusion-title-heading title-heading-left\">90g<\/h3>\n<\/div>\n<div class=\"fusion-text fusion-text-1\">\n<p>Unsere\u00a0<strong>Ringelblumen Seife<\/strong>\u00a0verw\u00f6hnt deine Haut mit einem s\u00fc\u00df-blumigen Duft nach Geranie und einer besonders milden Reinigung. Sie vereint hochwertige Inhaltsstoffe mit den pflegenden Eigenschaften der Ringelblume f\u00fcr ein wohltuendes Pflegeerlebnis.<\/p>\n<\/div>\n<div class=\"fusion-title title fusion-title-3 fusion-sep-none fusion-title-text fusion-title-size-three\">\n<h3 class=\"fusion-title-heading title-heading-left\">Pflegende Eigenschaften:<\/h3>\n<\/div>\n<div class=\"fusion-text fusion-text-2\">\n<ul>\n<li><strong>Zarte Ringelblumenbl\u00fcten:<\/strong>\u00a0Beruhigen die Haut und f\u00f6rdern ihre Regeneration.<\/li>\n<li><strong>Kakaobutter und Sonnenblumen\u00f6l:<\/strong>\u00a0Spenden Feuchtigkeit und machen die Haut streichelzart.<\/li>\n<li><strong>Bienenwachs:<\/strong>\u00a0Sch\u00fctzt die Haut und sorgt f\u00fcr eine geschmeidige Textur.<\/li>\n<\/ul>\n<\/div>\n<div class=\"fusion-title title fusion-title-4 fusion-sep-none fusion-title-text fusion-title-size-three\">\n<h3 class=\"fusion-title-heading title-heading-left\">Besonderheiten:<\/h3>\n<\/div>\n<div class=\"fusion-text fusion-text-3\">\n<ul>\n<li><strong>Mild und sanft:<\/strong>\u00a0Ideal f\u00fcr die t\u00e4gliche Pflege von empfindlicher und normaler Haut.<\/li>\n<li><strong>Blumiger Duft:<\/strong>\u00a0Der s\u00fc\u00df-blumige Geranienduft verzaubert die Sinne und sorgt f\u00fcr ein angenehmes Pflegegef\u00fchl.<\/li>\n<li><strong>Handgesiedet:<\/strong>\u00a0Mit Sorgfalt und Liebe hergestellt.<\/li>\n<\/ul>\n<\/div>\n<div class=\"fusion-title title fusion-title-5 fusion-sep-none fusion-title-text fusion-title-size-three\">\n<h3 class=\"fusion-title-heading title-heading-left\">Anwendung:<\/h3>\n<\/div>\n<div class=\"fusion-text fusion-text-4\">\n<p>Perfekt geeignet zum H\u00e4ndewaschen, Duschen oder f\u00fcr eine sanfte K\u00f6rperpflege.<\/p>\n<p><strong>G\u00f6nne deiner Haut eine verw\u00f6hnende Reinigung und genie\u00dfe die wohltuende Wirkung der Ringelblume \u2013 mit unserer Ringelblumenseife.<\/strong><\/p>\n<\/div>\n","protected":false},"excerpt":{"rendered":"<p>Ringelblumen Seife Sanfte Pflege mit blumigem Duft 90g Unsere\u00a0Ringelblumen Seife\u00a0verw\u00f6hnt deine Haut mit einem s\u00fc\u00df-blumigen Duft nach Geranie und einer besonders milden Reinigung. Sie vereint hochwertige Inhaltsstoffe mit den pflegenden Eigenschaften der Ringelblume f\u00fcr ein wohltuendes Pflegeerlebnis. Pflegende Eigenschaften: Zarte Ringelblumenbl\u00fcten:\u00a0Beruhigen die Haut und f\u00f6rdern ihre Regeneration. Kakaobutter und Sonnenblumen\u00f6l:\u00a0Spenden Feuchtigkeit und machen die Haut &hellip; <a href=\"https:\/\/www.regionalis.shop\/krismar-seewinkler-naturkosmetik\/shop\/ringelblumen-seife\/\">Continued<\/a><\/p>\n","protected":false},"featured_media":1161,"template":"","meta":{"_acf_changed":false},"product_brand":[],"product_cat":[52,76],"product_tag":[],"class_list":{"0":"post-1070","1":"product","2":"type-product","3":"status-publish","4":"has-post-thumbnail","6":"product_cat-kosmetika","7":"product_cat-seifen","9":"first","10":"instock","11":"purchasable","12":"product-type-simple"},"acf":[],"_links":{"self":[{"href":"https:\/\/www.regionalis.shop\/krismar-seewinkler-naturkosmetik\/wp-json\/wp\/v2\/product\/1070","targetHints":{"allow":["GET"]}}],"collection":[{"href":"https:\/\/www.regionalis.shop\/krismar-seewinkler-naturkosmetik\/wp-json\/wp\/v2\/product"}],"about":[{"href":"https:\/\/www.regionalis.shop\/krismar-seewinkler-naturkosmetik\/wp-json\/wp\/v2\/types\/product"}],"wp:featuredmedia":[{"embeddable":true,"href":"https:\/\/www.regionalis.shop\/krismar-seewinkler-naturkosmetik\/wp-json\/wp\/v2\/media\/1161"}],"wp:attachment":[{"href":"https:\/\/www.regionalis.shop\/krismar-seewinkler-naturkosmetik\/wp-json\/wp\/v2\/media?parent=1070"}],"wp:term":[{"taxonomy":"product_brand","embeddable":true,"href":"https:\/\/www.regionalis.shop\/krismar-seewinkler-naturkosmetik\/wp-json\/wp\/v2\/product_brand?post=1070"},{"taxonomy":"product_cat","embeddable":true,"href":"https:\/\/www.regionalis.shop\/krismar-seewinkler-naturkosmetik\/wp-json\/wp\/v2\/product_cat?post=1070"},{"taxonomy":"product_tag","embeddable":true,"href":"https:\/\/www.regionalis.shop\/krismar-seewinkler-naturkosmetik\/wp-json\/wp\/v2\/product_tag?post=1070"}],"curies":[{"name":"wp","href":"https:\/\/api.w.org\/{rel}","templated":true}]}}