{"id":1074,"date":"2025-04-28T03:31:02","date_gmt":"2025-04-28T01:31:02","guid":{"rendered":"https:\/\/www.regionalis.shop\/krismar-seewinkler-naturkosmetik\/product\/lavendel-seife\/"},"modified":"2025-11-06T13:03:47","modified_gmt":"2025-11-06T12:03:47","slug":"lavendel-seife","status":"publish","type":"product","link":"https:\/\/www.regionalis.shop\/krismar-seewinkler-naturkosmetik\/shop\/lavendel-seife\/","title":{"rendered":"Lavendel Seife"},"content":{"rendered":"<div class=\"fusion-title title fusion-title-1 fusion-sep-none fusion-title-text fusion-title-size-two\">\n<h2 class=\"fusion-title-heading title-heading-left\">Lavendel Seife<\/h2>\n<p>90g<\/p>\n<\/div>\n<div class=\"fusion-title title fusion-title-2 fusion-sep-none fusion-title-text fusion-title-size-three\">\n<h3 class=\"fusion-title-heading title-heading-left\">Ein Hauch von Provence f\u00fcr deine Haut<\/h3>\n<\/div>\n<div class=\"fusion-text fusion-text-1\">\n<p>Unsere\u00a0<strong>Lavendel Seife<\/strong>\u00a0vereint nat\u00fcrliche Pflege mit einem zarten, beruhigenden Duft nach bl\u00fchenden Lavendelfeldern. Perfekt f\u00fcr normale bis trockene Haut, bietet sie mit jeder Anwendung ein wohltuendes Erlebnis f\u00fcr K\u00f6rper und Geist.<\/p>\n<\/div>\n<div class=\"fusion-title title fusion-title-3 fusion-sep-none fusion-title-text fusion-title-size-three\">\n<h3 class=\"fusion-title-heading title-heading-left\">Eigenschaften und Vorteile:<\/h3>\n<\/div>\n<div class=\"fusion-text fusion-text-2\">\n<ul>\n<li><strong>Pflegende Inhaltsstoffe:<\/strong>\u00a0Angereichert mit Kokos\u00f6l, Oliven\u00f6l, Distel\u00f6l, Rizinus\u00f6l und Bienenwachs, sorgt die Seife f\u00fcr eine reichhaltige Pflege und bewahrt die Feuchtigkeit der Haut.<\/li>\n<li><strong>Reines Lavendel\u00f6l aus Frankreich:<\/strong>\u00a0Mit seinem beruhigenden und entspannenden Aroma verwandelt es jeden Waschgang in einen Moment der Gelassenheit und Entspannung.<\/li>\n<li><strong>Vielseitig:<\/strong>\u00a0Ideal zum\u00a0<strong>Duschen<\/strong>,\u00a0<strong>H\u00e4ndewaschen<\/strong>\u00a0und sogar f\u00fcr die\u00a0<strong>Rasur<\/strong>\u00a0\u2013 f\u00fcr ein pures Duft- und Pflegeerlebnis.<\/li>\n<\/ul>\n<\/div>\n<div class=\"fusion-title title fusion-title-4 fusion-sep-none fusion-title-text fusion-title-size-three\">\n<h3 class=\"fusion-title-heading title-heading-left\">Besonderheiten:<\/h3>\n<\/div>\n<div class=\"fusion-text fusion-text-3\">\n<ul>\n<li><strong>5 % \u00dcberfettung:<\/strong>\u00a0Pflegt die Haut intensiv und sch\u00fctzt sie vor dem Austrocknen.<\/li>\n<li><strong>Ohne Palm\u00f6l:<\/strong>\u00a0Umweltfreundlich und nachhaltig.<\/li>\n<li><strong>Handgesiedet:<\/strong>\u00a0Mit Liebe und Sorgfalt hergestellt, um h\u00f6chste Qualit\u00e4t zu gew\u00e4hrleisten.<\/li>\n<\/ul>\n<\/div>\n<div class=\"fusion-title title fusion-title-5 fusion-sep-none fusion-title-text fusion-title-size-three\">\n<h3 class=\"fusion-title-heading title-heading-left\">Anwendung:<\/h3>\n<\/div>\n<div class=\"fusion-text fusion-text-4\">\n<p>Geeignet f\u00fcr die t\u00e4gliche Pflege \u2013 einfach aufsch\u00e4umen, genie\u00dfen und absp\u00fclen.<\/p>\n<p><strong>G\u00f6nn dir ein St\u00fcck Entspannung und lass dich von unserer Lavendelseife f\u00fcr einen kurzen Moment in die Provence entf\u00fchren.<\/strong><br \/>\n<strong>Ein echter Bestseller!<\/strong><\/p>\n<\/div>\n","protected":false},"excerpt":{"rendered":"<p>Lavendel Seife 90g Ein Hauch von Provence f\u00fcr deine Haut Unsere\u00a0Lavendel Seife\u00a0vereint nat\u00fcrliche Pflege mit einem zarten, beruhigenden Duft nach bl\u00fchenden Lavendelfeldern. Perfekt f\u00fcr normale bis trockene Haut, bietet sie mit jeder Anwendung ein wohltuendes Erlebnis f\u00fcr K\u00f6rper und Geist. Eigenschaften und Vorteile: Pflegende Inhaltsstoffe:\u00a0Angereichert mit Kokos\u00f6l, Oliven\u00f6l, Distel\u00f6l, Rizinus\u00f6l und Bienenwachs, sorgt die Seife &hellip; <a href=\"https:\/\/www.regionalis.shop\/krismar-seewinkler-naturkosmetik\/shop\/lavendel-seife\/\">Continued<\/a><\/p>\n","protected":false},"featured_media":1149,"template":"","meta":{"_acf_changed":false},"product_brand":[],"product_cat":[52,76],"product_tag":[],"class_list":{"0":"post-1074","1":"product","2":"type-product","3":"status-publish","4":"has-post-thumbnail","6":"product_cat-kosmetika","7":"product_cat-seifen","9":"first","10":"instock","11":"purchasable","12":"product-type-simple"},"acf":[],"_links":{"self":[{"href":"https:\/\/www.regionalis.shop\/krismar-seewinkler-naturkosmetik\/wp-json\/wp\/v2\/product\/1074","targetHints":{"allow":["GET"]}}],"collection":[{"href":"https:\/\/www.regionalis.shop\/krismar-seewinkler-naturkosmetik\/wp-json\/wp\/v2\/product"}],"about":[{"href":"https:\/\/www.regionalis.shop\/krismar-seewinkler-naturkosmetik\/wp-json\/wp\/v2\/types\/product"}],"wp:featuredmedia":[{"embeddable":true,"href":"https:\/\/www.regionalis.shop\/krismar-seewinkler-naturkosmetik\/wp-json\/wp\/v2\/media\/1149"}],"wp:attachment":[{"href":"https:\/\/www.regionalis.shop\/krismar-seewinkler-naturkosmetik\/wp-json\/wp\/v2\/media?parent=1074"}],"wp:term":[{"taxonomy":"product_brand","embeddable":true,"href":"https:\/\/www.regionalis.shop\/krismar-seewinkler-naturkosmetik\/wp-json\/wp\/v2\/product_brand?post=1074"},{"taxonomy":"product_cat","embeddable":true,"href":"https:\/\/www.regionalis.shop\/krismar-seewinkler-naturkosmetik\/wp-json\/wp\/v2\/product_cat?post=1074"},{"taxonomy":"product_tag","embeddable":true,"href":"https:\/\/www.regionalis.shop\/krismar-seewinkler-naturkosmetik\/wp-json\/wp\/v2\/product_tag?post=1074"}],"curies":[{"name":"wp","href":"https:\/\/api.w.org\/{rel}","templated":true}]}}