{"id":1076,"date":"2025-04-28T03:31:02","date_gmt":"2025-04-28T01:31:02","guid":{"rendered":"https:\/\/www.regionalis.shop\/krismar-seewinkler-naturkosmetik\/product\/rasier-seife\/"},"modified":"2025-11-06T13:02:28","modified_gmt":"2025-11-06T12:02:28","slug":"rasier-seife","status":"publish","type":"product","link":"https:\/\/www.regionalis.shop\/krismar-seewinkler-naturkosmetik\/shop\/rasier-seife\/","title":{"rendered":"Rasier Seife"},"content":{"rendered":"<div class=\"fusion-title title fusion-title-1 fusion-sep-none fusion-title-text fusion-title-size-two\">\n<h2 class=\"fusion-title-heading title-heading-left\">Rasier Seife mit Dose<\/h2>\n<p>90g<\/p>\n<\/div>\n<div class=\"fusion-title title fusion-title-2 fusion-sep-none fusion-title-text fusion-title-size-three\">\n<h3 class=\"fusion-title-heading title-heading-left\">Nat\u00fcrlich, sanft und effektiv<\/h3>\n<\/div>\n<div class=\"fusion-text fusion-text-1\">\n<p>Unsere handgemachte\u00a0<strong>Rasierseife<\/strong>\u00a0bietet die perfekte Kombination aus Hautschutz und Pflege f\u00fcr eine gr\u00fcndliche und schonende Rasur. Frei von sch\u00e4dlichen chemischen Zus\u00e4tzen, Stabilisatoren oder Schaumbildnern, sorgt sie f\u00fcr ein nat\u00fcrliches Rasurerlebnis.<\/p>\n<\/div>\n<div class=\"fusion-title title fusion-title-3 fusion-sep-none fusion-title-text fusion-title-size-three\">\n<h3 class=\"fusion-title-heading title-heading-left\">Eigenschaften der Rasierseife:<\/h3>\n<\/div>\n<div class=\"fusion-text fusion-text-2\">\n<ul>\n<li><strong>Sanfter Schutz:<\/strong>\u00a0Reduziert Reizungen und Trockenheit, sch\u00fctzt die Haut vor der Rasur.<\/li>\n<li><strong>Nat\u00fcrliche Pflege:<\/strong>\u00a0Mit wertvollen nat\u00fcrlichen \u00d6len, die die Barthaare weicher machen und die Klinge sanft \u00fcber die Haut gleiten lassen.<\/li>\n<li><strong>Herber Duft:<\/strong>\u00a0Der maskuline Mix aus\u00a0<strong>Kiefernadel<\/strong>,\u00a0<strong>Rosmarin<\/strong>\u00a0und\u00a0<strong>Patchouli<\/strong>\u00a0macht jede Rasur zu einem aromatischen Verw\u00f6hnmoment.<\/li>\n<li><strong>Nachhaltig:<\/strong>\u00a0Von Hand gefertigt und ohne unn\u00f6tige Zusatzstoffe.<\/li>\n<\/ul>\n<\/div>\n<div class=\"fusion-title title fusion-title-4 fusion-sep-none fusion-title-text fusion-title-size-three\">\n<h3 class=\"fusion-title-heading title-heading-left\">Praktisch und langlebig:<\/h3>\n<\/div>\n<div class=\"fusion-text fusion-text-3\">\n<p>Die Seife wird in einer wiederverwendbaren AluDose\u00a0geliefert \u2013 ideal f\u00fcr die Aufbewahrung und perfekt f\u00fcr unterwegs.<\/p>\n<\/div>\n<div class=\"fusion-title title fusion-title-5 fusion-sep-none fusion-title-text fusion-title-size-three\">\n<h3 class=\"fusion-title-heading title-heading-left\">Anwendung:<\/h3>\n<\/div>\n<div class=\"fusion-text fusion-text-4\">\n<p>Feuchte die Haut und den Rasierpinsel an und mit kreisenden Bewegungen sch\u00e4ume die Seife an. Trage den Schaum gleichm\u00e4\u00dfig auf die Haut auf. Dann rasiere in Wuchsrichtung, sp\u00fcle mit kaltem Wasser ab und pflege die Haut anschlie\u00dfend.<\/p>\n<\/div>\n","protected":false},"excerpt":{"rendered":"<p>Rasier Seife mit Dose 90g Nat\u00fcrlich, sanft und effektiv Unsere handgemachte\u00a0Rasierseife\u00a0bietet die perfekte Kombination aus Hautschutz und Pflege f\u00fcr eine gr\u00fcndliche und schonende Rasur. Frei von sch\u00e4dlichen chemischen Zus\u00e4tzen, Stabilisatoren oder Schaumbildnern, sorgt sie f\u00fcr ein nat\u00fcrliches Rasurerlebnis. Eigenschaften der Rasierseife: Sanfter Schutz:\u00a0Reduziert Reizungen und Trockenheit, sch\u00fctzt die Haut vor der Rasur. Nat\u00fcrliche Pflege:\u00a0Mit wertvollen &hellip; <a href=\"https:\/\/www.regionalis.shop\/krismar-seewinkler-naturkosmetik\/shop\/rasier-seife\/\">Continued<\/a><\/p>\n","protected":false},"featured_media":1159,"template":"","meta":{"_acf_changed":false},"product_brand":[],"product_cat":[140,153,52,76],"product_tag":[],"class_list":{"0":"post-1076","1":"product","2":"type-product","3":"status-publish","4":"has-post-thumbnail","6":"product_cat-haar-bartpflege","7":"product_cat-koerperpflege","8":"product_cat-kosmetika","9":"product_cat-seifen","11":"first","12":"instock","13":"purchasable","14":"product-type-simple"},"acf":[],"_links":{"self":[{"href":"https:\/\/www.regionalis.shop\/krismar-seewinkler-naturkosmetik\/wp-json\/wp\/v2\/product\/1076","targetHints":{"allow":["GET"]}}],"collection":[{"href":"https:\/\/www.regionalis.shop\/krismar-seewinkler-naturkosmetik\/wp-json\/wp\/v2\/product"}],"about":[{"href":"https:\/\/www.regionalis.shop\/krismar-seewinkler-naturkosmetik\/wp-json\/wp\/v2\/types\/product"}],"wp:featuredmedia":[{"embeddable":true,"href":"https:\/\/www.regionalis.shop\/krismar-seewinkler-naturkosmetik\/wp-json\/wp\/v2\/media\/1159"}],"wp:attachment":[{"href":"https:\/\/www.regionalis.shop\/krismar-seewinkler-naturkosmetik\/wp-json\/wp\/v2\/media?parent=1076"}],"wp:term":[{"taxonomy":"product_brand","embeddable":true,"href":"https:\/\/www.regionalis.shop\/krismar-seewinkler-naturkosmetik\/wp-json\/wp\/v2\/product_brand?post=1076"},{"taxonomy":"product_cat","embeddable":true,"href":"https:\/\/www.regionalis.shop\/krismar-seewinkler-naturkosmetik\/wp-json\/wp\/v2\/product_cat?post=1076"},{"taxonomy":"product_tag","embeddable":true,"href":"https:\/\/www.regionalis.shop\/krismar-seewinkler-naturkosmetik\/wp-json\/wp\/v2\/product_tag?post=1076"}],"curies":[{"name":"wp","href":"https:\/\/api.w.org\/{rel}","templated":true}]}}