{"id":1079,"date":"2025-04-28T03:31:02","date_gmt":"2025-04-28T01:31:02","guid":{"rendered":"https:\/\/www.regionalis.shop\/krismar-seewinkler-naturkosmetik\/product\/maenner-seife\/"},"modified":"2025-11-06T13:00:41","modified_gmt":"2025-11-06T12:00:41","slug":"maenner-seife","status":"publish","type":"product","link":"https:\/\/www.regionalis.shop\/krismar-seewinkler-naturkosmetik\/shop\/maenner-seife\/","title":{"rendered":"M\u00e4nner Seife"},"content":{"rendered":"<div class=\"fusion-title title fusion-title-1 fusion-sep-none fusion-title-text fusion-title-size-two\">\n<h2 class=\"fusion-title-heading title-heading-left\">M\u00e4nnerseife<\/h2>\n<\/div>\n<div class=\"fusion-title title fusion-title-2 fusion-sep-none fusion-title-text fusion-title-size-three\">\n<h3 class=\"fusion-title-heading title-heading-left\">Der 3-in-1-Allesk\u00f6nner<\/h3>\n<p>90g<\/p>\n<\/div>\n<div class=\"fusion-text fusion-text-1\">\n<p><strong>Unsere M\u00e4nnerseife<\/strong>\u00a0begeistert mit einem herben Duft nach\u00a0<strong>Kiefernadel<\/strong>,\u00a0<strong>Rosmarin<\/strong>\u00a0und\u00a0<strong>Patchouli<\/strong>\u00a0\u2013 ein Favorit nicht nur f\u00fcr M\u00e4nner, sondern f\u00fcr alle, die herbe Frische sch\u00e4tzen.<\/p>\n<\/div>\n<div class=\"fusion-title title fusion-title-3 fusion-sep-none fusion-title-text fusion-title-size-three\">\n<h3 class=\"fusion-title-heading title-heading-left\">Eigenschaften und Vorteile:<\/h3>\n<\/div>\n<div class=\"fusion-text fusion-text-2\">\n<ul>\n<li><strong>3-in-1-Produkt:<\/strong>\u00a0Ideal zum\u00a0<strong>Rasieren<\/strong>,\u00a0<strong>Duschen<\/strong>\u00a0und\u00a0<strong>Haarewaschen<\/strong>\u00a0\u2013 spart Platz und ist perfekt f\u00fcr unterwegs.<\/li>\n<li><strong>Nat\u00fcrliche Inhaltsstoffe:<\/strong>\n<ul>\n<li><strong>Rizinus\u00f6l:<\/strong>\u00a0Pflegt Haut und Haar, f\u00f6rdert einen reichhaltigen Schaum und unterst\u00fctzt die Feuchtigkeitsversorgung.<\/li>\n<li><strong>Sheabutter:<\/strong>\u00a0N\u00e4hrt die Haut intensiv und macht sie geschmeidig.<\/li>\n<li><strong>Gr\u00fcne Tonerde:<\/strong>\u00a0Verfeinert das Hautbild, reinigt porentief und wirkt entgiftend.<\/li>\n<li><strong>Rosmarin:<\/strong>\u00a0Beruhigt die von der Rasur gereizte Haut und f\u00f6rdert die Regeneration.<\/li>\n<\/ul>\n<\/li>\n<li><strong>Erfrischender Duft:<\/strong>\u00a0Die Kombination aus Kiefernadel, Rosmarin und Patchouli sorgt f\u00fcr ein belebendes Dufterlebnis.<\/li>\n<\/ul>\n<\/div>\n<div class=\"fusion-title title fusion-title-4 fusion-sep-none fusion-title-text fusion-title-size-three\">\n<h3 class=\"fusion-title-heading title-heading-left\">Besonderheiten:<\/h3>\n<\/div>\n<div class=\"fusion-text fusion-text-3\">\n<ul>\n<li><strong>Praktisch und vielseitig:<\/strong>\u00a0Ein echtes Multitalent f\u00fcr die t\u00e4gliche Pflege und ideal f\u00fcr Reisen oder das Fitnessstudio.<\/li>\n<li><strong>Handgemacht:<\/strong>\u00a0Sorgf\u00e4ltig hergestellt ohne sch\u00e4dliche chemische Zus\u00e4tze, Stabilisatoren oder Schaumbildner.<\/li>\n<li><strong>Bestseller:<\/strong>\u00a0Bew\u00e4hrt und beliebt f\u00fcr seine Wirksamkeit und den nat\u00fcrlichen Duft.<\/li>\n<\/ul>\n<\/div>\n<div class=\"fusion-title title fusion-title-5 fusion-sep-none fusion-title-text fusion-title-size-three\">\n<h3 class=\"fusion-title-heading title-heading-left\">Anwendung:<\/h3>\n<\/div>\n<div class=\"fusion-text fusion-text-4\">\n<ul>\n<li><strong>Rasieren:<\/strong>\u00a0Seife mit warmem Wasser aufsch\u00e4umen, den Schaum auf die zu rasierenden Stellen auftragen und wie gewohnt rasieren.<\/li>\n<li><strong>Duschen:<\/strong>\u00a0Direkt auf die nasse Haut auftragen, aufsch\u00e4umen und absp\u00fclen.<\/li>\n<li><strong>Haarewaschen:<\/strong>\u00a0Seife in den nassen H\u00e4nden aufsch\u00e4umen oder direkt \u00fcber das nasse Haar reiben, einmassieren und gr\u00fcndlich aussp\u00fclen.<\/li>\n<\/ul>\n<p>Tipp: die M\u00e4nnerseife gibt es auch mit der Dose. Siehe Rasierseife<\/p>\n<p><strong>Erlebe die nat\u00fcrliche Pflege und erfrischenden Duft mit unserer M\u00e4nnerseife \u2013 der praktische Allesk\u00f6nner f\u00fcr deine t\u00e4gliche Routine!<\/strong><\/p>\n<\/div>\n","protected":false},"excerpt":{"rendered":"<p>M\u00e4nnerseife Der 3-in-1-Allesk\u00f6nner 90g Unsere M\u00e4nnerseife\u00a0begeistert mit einem herben Duft nach\u00a0Kiefernadel,\u00a0Rosmarin\u00a0und\u00a0Patchouli\u00a0\u2013 ein Favorit nicht nur f\u00fcr M\u00e4nner, sondern f\u00fcr alle, die herbe Frische sch\u00e4tzen. Eigenschaften und Vorteile: 3-in-1-Produkt:\u00a0Ideal zum\u00a0Rasieren,\u00a0Duschen\u00a0und\u00a0Haarewaschen\u00a0\u2013 spart Platz und ist perfekt f\u00fcr unterwegs. Nat\u00fcrliche Inhaltsstoffe: Rizinus\u00f6l:\u00a0Pflegt Haut und Haar, f\u00f6rdert einen reichhaltigen Schaum und unterst\u00fctzt die Feuchtigkeitsversorgung. Sheabutter:\u00a0N\u00e4hrt die Haut intensiv und &hellip; <a href=\"https:\/\/www.regionalis.shop\/krismar-seewinkler-naturkosmetik\/shop\/maenner-seife\/\">Continued<\/a><\/p>\n","protected":false},"featured_media":1154,"template":"","meta":{"_acf_changed":false},"product_brand":[],"product_cat":[52,76],"product_tag":[],"class_list":{"0":"post-1079","1":"product","2":"type-product","3":"status-publish","4":"has-post-thumbnail","6":"product_cat-kosmetika","7":"product_cat-seifen","9":"first","10":"instock","11":"purchasable","12":"product-type-simple"},"acf":[],"_links":{"self":[{"href":"https:\/\/www.regionalis.shop\/krismar-seewinkler-naturkosmetik\/wp-json\/wp\/v2\/product\/1079","targetHints":{"allow":["GET"]}}],"collection":[{"href":"https:\/\/www.regionalis.shop\/krismar-seewinkler-naturkosmetik\/wp-json\/wp\/v2\/product"}],"about":[{"href":"https:\/\/www.regionalis.shop\/krismar-seewinkler-naturkosmetik\/wp-json\/wp\/v2\/types\/product"}],"wp:featuredmedia":[{"embeddable":true,"href":"https:\/\/www.regionalis.shop\/krismar-seewinkler-naturkosmetik\/wp-json\/wp\/v2\/media\/1154"}],"wp:attachment":[{"href":"https:\/\/www.regionalis.shop\/krismar-seewinkler-naturkosmetik\/wp-json\/wp\/v2\/media?parent=1079"}],"wp:term":[{"taxonomy":"product_brand","embeddable":true,"href":"https:\/\/www.regionalis.shop\/krismar-seewinkler-naturkosmetik\/wp-json\/wp\/v2\/product_brand?post=1079"},{"taxonomy":"product_cat","embeddable":true,"href":"https:\/\/www.regionalis.shop\/krismar-seewinkler-naturkosmetik\/wp-json\/wp\/v2\/product_cat?post=1079"},{"taxonomy":"product_tag","embeddable":true,"href":"https:\/\/www.regionalis.shop\/krismar-seewinkler-naturkosmetik\/wp-json\/wp\/v2\/product_tag?post=1079"}],"curies":[{"name":"wp","href":"https:\/\/api.w.org\/{rel}","templated":true}]}}