{"id":1081,"date":"2025-04-28T03:31:02","date_gmt":"2025-04-28T01:31:02","guid":{"rendered":"https:\/\/www.regionalis.shop\/krismar-seewinkler-naturkosmetik\/product\/salz-seife-ideal-als-gesichtsseife-bei-unreiner-und-fettiger-haut\/"},"modified":"2025-11-06T12:59:08","modified_gmt":"2025-11-06T11:59:08","slug":"salz-seife-ideal-als-gesichtsseife-bei-unreiner-und-fettiger-haut","status":"publish","type":"product","link":"https:\/\/www.regionalis.shop\/krismar-seewinkler-naturkosmetik\/shop\/salz-seife-ideal-als-gesichtsseife-bei-unreiner-und-fettiger-haut\/","title":{"rendered":"Salz Seife"},"content":{"rendered":"<div class=\"fusion-title title fusion-title-1 fusion-sep-none fusion-title-text fusion-title-size-two\">\n<h2 class=\"fusion-title-heading title-heading-left\">Salz\u00a0Seife<\/h2>\n<\/div>\n<div class=\"fusion-text fusion-text-1\">\n<p>Unsere handgesiedete\u00a0<strong>Salzseife<\/strong>\u00a0ist die ideale Wahl f\u00fcr die Gesichts- und K\u00f6rperpflege bei fettiger und unreiner,\u00a0 und Mischhaut. Mit ihrem hohen Salzgehalt sorgt sie f\u00fcr eine sanfte Exfoliation, entfernt abgestorbene Hautzellen und regt die Hautneubildung an.<\/p>\n<\/div>\n<div class=\"fusion-title title fusion-title-2 fusion-sep-none fusion-title-text fusion-title-size-three\">\n<h3 class=\"fusion-title-heading title-heading-left\">Eigenschaften und Vorteile:<\/h3>\n<\/div>\n<div class=\"fusion-text fusion-text-2\">\n<ul>\n<li><strong>Hautkl\u00e4rend und regenerierend:<\/strong>\u00a0Das enthaltene Salz wirkt kl\u00e4rend und f\u00f6rdert die Erneuerung der Hautzellen.<\/li>\n<li><strong>Sanfter Schaum:<\/strong>\u00a0Aufgrund des hohen Salzgehalts sch\u00e4umt die Seife nur leicht, reinigt jedoch gr\u00fcndlich und schonend.<\/li>\n<li><strong>Frei von \u00e4therischen \u00d6len und Palm\u00f6l:<\/strong>\u00a0Besonders geeignet f\u00fcr empfindliche Haut oder Duftallergiker.<\/li>\n<li><strong>Vielseitig einsetzbar:<\/strong>\u00a0Ideal zur t\u00e4glichen Gesichtsreinigung, aber auch als K\u00f6rperseife verwendbar.<\/li>\n<\/ul>\n<\/div>\n<div class=\"fusion-title title fusion-title-3 fusion-sep-none fusion-title-text fusion-title-size-three\">\n<h3 class=\"fusion-title-heading title-heading-left\">Nat\u00fcrliche Inhaltsstoffe:<\/h3>\n<\/div>\n<div class=\"fusion-text fusion-text-3\">\n<ul>\n<li><strong>Salz:<\/strong>\u00a0Wirkt reinigend, entz\u00fcndungshemmend und kl\u00e4rend.<\/li>\n<li><strong>Verseifte \u00d6le (Oliven\u00f6l, Raps\u00f6l, Kokos\u00f6l):<\/strong>\u00a0Pflegen die Haut intensiv und unterst\u00fctzen ihre nat\u00fcrliche Schutzbarriere.<\/li>\n<li><strong>Vitamin E:<\/strong>\u00a0F\u00f6rdert die Regeneration und sch\u00fctzt vor freien Radikalen.<\/li>\n<\/ul>\n<\/div>\n<div class=\"fusion-title title fusion-title-4 fusion-sep-none fusion-title-text fusion-title-size-three\">\n<h3 class=\"fusion-title-heading title-heading-left\">Besonderheiten:<\/h3>\n<\/div>\n<div class=\"fusion-text fusion-text-4\">\n<ul>\n<li>Mit Liebe handgesiedet und sorgf\u00e4ltig hergestellt.<\/li>\n<li>Verpackt in einer umweltfreundlichen Schachtel mit Sichtfenster \u2013 perfekt zum Verschenken oder f\u00fcr den t\u00e4glichen Gebrauch.<\/li>\n<li>Frischegewicht<strong>:<\/strong>\u00a0100 g.<\/li>\n<\/ul>\n<p><strong>Erlebe die nat\u00fcrliche Pflegekraft unserer Salzseife \u2013 f\u00fcr eine reine, weiche und gesunde Haut.<\/strong><\/p>\n<\/div>\n","protected":false},"excerpt":{"rendered":"<p>Salz\u00a0Seife Unsere handgesiedete\u00a0Salzseife\u00a0ist die ideale Wahl f\u00fcr die Gesichts- und K\u00f6rperpflege bei fettiger und unreiner,\u00a0 und Mischhaut. Mit ihrem hohen Salzgehalt sorgt sie f\u00fcr eine sanfte Exfoliation, entfernt abgestorbene Hautzellen und regt die Hautneubildung an. Eigenschaften und Vorteile: Hautkl\u00e4rend und regenerierend:\u00a0Das enthaltene Salz wirkt kl\u00e4rend und f\u00f6rdert die Erneuerung der Hautzellen. Sanfter Schaum:\u00a0Aufgrund des hohen &hellip; <a href=\"https:\/\/www.regionalis.shop\/krismar-seewinkler-naturkosmetik\/shop\/salz-seife-ideal-als-gesichtsseife-bei-unreiner-und-fettiger-haut\/\">Continued<\/a><\/p>\n","protected":false},"featured_media":1166,"template":"","meta":{"_acf_changed":false},"product_brand":[],"product_cat":[138,52,76],"product_tag":[],"class_list":{"0":"post-1081","1":"product","2":"type-product","3":"status-publish","4":"has-post-thumbnail","6":"product_cat-gesichtspflege","7":"product_cat-kosmetika","8":"product_cat-seifen","10":"first","11":"instock","12":"purchasable","13":"product-type-simple"},"acf":[],"_links":{"self":[{"href":"https:\/\/www.regionalis.shop\/krismar-seewinkler-naturkosmetik\/wp-json\/wp\/v2\/product\/1081","targetHints":{"allow":["GET"]}}],"collection":[{"href":"https:\/\/www.regionalis.shop\/krismar-seewinkler-naturkosmetik\/wp-json\/wp\/v2\/product"}],"about":[{"href":"https:\/\/www.regionalis.shop\/krismar-seewinkler-naturkosmetik\/wp-json\/wp\/v2\/types\/product"}],"wp:featuredmedia":[{"embeddable":true,"href":"https:\/\/www.regionalis.shop\/krismar-seewinkler-naturkosmetik\/wp-json\/wp\/v2\/media\/1166"}],"wp:attachment":[{"href":"https:\/\/www.regionalis.shop\/krismar-seewinkler-naturkosmetik\/wp-json\/wp\/v2\/media?parent=1081"}],"wp:term":[{"taxonomy":"product_brand","embeddable":true,"href":"https:\/\/www.regionalis.shop\/krismar-seewinkler-naturkosmetik\/wp-json\/wp\/v2\/product_brand?post=1081"},{"taxonomy":"product_cat","embeddable":true,"href":"https:\/\/www.regionalis.shop\/krismar-seewinkler-naturkosmetik\/wp-json\/wp\/v2\/product_cat?post=1081"},{"taxonomy":"product_tag","embeddable":true,"href":"https:\/\/www.regionalis.shop\/krismar-seewinkler-naturkosmetik\/wp-json\/wp\/v2\/product_tag?post=1081"}],"curies":[{"name":"wp","href":"https:\/\/api.w.org\/{rel}","templated":true}]}}