{"id":1083,"date":"2025-04-28T03:31:02","date_gmt":"2025-04-28T01:31:02","guid":{"rendered":"https:\/\/www.regionalis.shop\/krismar-seewinkler-naturkosmetik\/product\/lippenbalsam-lavendel\/"},"modified":"2025-11-06T12:22:55","modified_gmt":"2025-11-06T11:22:55","slug":"lippenbalsam-lavendel","status":"publish","type":"product","link":"https:\/\/www.regionalis.shop\/krismar-seewinkler-naturkosmetik\/shop\/lippenbalsam-lavendel\/","title":{"rendered":"Lippenbalsam Lavendel"},"content":{"rendered":"<div class=\"fusion-title title fusion-title-1 fusion-sep-none fusion-title-text fusion-title-size-two\">\n<h2 class=\"fusion-title-heading title-heading-left\">Lippenbalsam Lavendel 6g<\/h2>\n<\/div>\n<div class=\"fusion-title title fusion-title-2 fusion-sep-none fusion-title-text fusion-title-size-three\">\n<h3 class=\"fusion-title-heading title-heading-left\">Unser Lippenbalsam Lavendel bietet nat\u00fcrliche Pflege f\u00fcr sch\u00f6ne und weiche Lippen.<\/h3>\n<\/div>\n<div class=\"fusion-text fusion-text-1\">\n<p>Im Gegensatz zu konventionellen Pflegestiften enth\u00e4lt dieser Naturkosmetik-Balsam ausschlie\u00dflich nat\u00fcrliche Zutaten. Der angenehme Duft nach Lavendel sorgt f\u00fcr ein angenehmes Pflegeerlebnis. Einfach nach Bedarf auf die Lippen auftragen und die sanfte Pflege genie\u00dfen.<\/p>\n<p><strong>Duftende Pflege f\u00fcr sch\u00f6ne und weiche Lippen mit einem Hauch von \u00e4therischem Lavendel.<\/strong><\/p>\n<\/div>\n","protected":false},"excerpt":{"rendered":"<p>Lippenbalsam Lavendel 6g Unser Lippenbalsam Lavendel bietet nat\u00fcrliche Pflege f\u00fcr sch\u00f6ne und weiche Lippen. Im Gegensatz zu konventionellen Pflegestiften enth\u00e4lt dieser Naturkosmetik-Balsam ausschlie\u00dflich nat\u00fcrliche Zutaten. Der angenehme Duft nach Lavendel sorgt f\u00fcr ein angenehmes Pflegeerlebnis. Einfach nach Bedarf auf die Lippen auftragen und die sanfte Pflege genie\u00dfen. Duftende Pflege f\u00fcr sch\u00f6ne und weiche Lippen mit &hellip; <a href=\"https:\/\/www.regionalis.shop\/krismar-seewinkler-naturkosmetik\/shop\/lippenbalsam-lavendel\/\">Continued<\/a><\/p>\n","protected":false},"featured_media":1150,"template":"","meta":{"_acf_changed":false},"product_brand":[],"product_cat":[52,56],"product_tag":[],"class_list":{"0":"post-1083","1":"product","2":"type-product","3":"status-publish","4":"has-post-thumbnail","6":"product_cat-kosmetika","7":"product_cat-lippenpflege","9":"first","10":"instock","11":"purchasable","12":"product-type-simple"},"acf":[],"_links":{"self":[{"href":"https:\/\/www.regionalis.shop\/krismar-seewinkler-naturkosmetik\/wp-json\/wp\/v2\/product\/1083","targetHints":{"allow":["GET"]}}],"collection":[{"href":"https:\/\/www.regionalis.shop\/krismar-seewinkler-naturkosmetik\/wp-json\/wp\/v2\/product"}],"about":[{"href":"https:\/\/www.regionalis.shop\/krismar-seewinkler-naturkosmetik\/wp-json\/wp\/v2\/types\/product"}],"wp:featuredmedia":[{"embeddable":true,"href":"https:\/\/www.regionalis.shop\/krismar-seewinkler-naturkosmetik\/wp-json\/wp\/v2\/media\/1150"}],"wp:attachment":[{"href":"https:\/\/www.regionalis.shop\/krismar-seewinkler-naturkosmetik\/wp-json\/wp\/v2\/media?parent=1083"}],"wp:term":[{"taxonomy":"product_brand","embeddable":true,"href":"https:\/\/www.regionalis.shop\/krismar-seewinkler-naturkosmetik\/wp-json\/wp\/v2\/product_brand?post=1083"},{"taxonomy":"product_cat","embeddable":true,"href":"https:\/\/www.regionalis.shop\/krismar-seewinkler-naturkosmetik\/wp-json\/wp\/v2\/product_cat?post=1083"},{"taxonomy":"product_tag","embeddable":true,"href":"https:\/\/www.regionalis.shop\/krismar-seewinkler-naturkosmetik\/wp-json\/wp\/v2\/product_tag?post=1083"}],"curies":[{"name":"wp","href":"https:\/\/api.w.org\/{rel}","templated":true}]}}