{"id":1084,"date":"2025-04-28T03:31:02","date_gmt":"2025-04-28T01:31:02","guid":{"rendered":"https:\/\/www.regionalis.shop\/krismar-seewinkler-naturkosmetik\/product\/lippenbalsam-natur\/"},"modified":"2025-11-06T12:21:44","modified_gmt":"2025-11-06T11:21:44","slug":"lippenbalsam-natur","status":"publish","type":"product","link":"https:\/\/www.regionalis.shop\/krismar-seewinkler-naturkosmetik\/shop\/lippenbalsam-natur\/","title":{"rendered":"Lippenbalsam Natur"},"content":{"rendered":"<div class=\"fusion-title title fusion-title-1 fusion-sep-none fusion-title-text fusion-title-size-two\">\n<h2 class=\"fusion-title-heading title-heading-left\">Lippenbalsam natur 6g<\/h2>\n<\/div>\n<div class=\"fusion-title title fusion-title-2 fusion-sep-none fusion-title-text fusion-title-size-three\">\n<h3 class=\"fusion-title-heading title-heading-left\">Pflege pur \u2013 f\u00fcr sch\u00f6ne und geschmeidige Lippen ohne zugesetzte \u00e4therische \u00d6le.<\/h3>\n<\/div>\n<div class=\"fusion-text fusion-text-1\">\n<p>Im Gegensatz zu konventionellen Pflegestiften enth\u00e4lt unser Naturkosmetik Lippenbalsam nur nat\u00fcrliche Zutaten.<\/p>\n<p>Pflege, die wirklich hilft!<\/p>\n<\/div>\n","protected":false},"excerpt":{"rendered":"<p>Lippenbalsam natur 6g Pflege pur \u2013 f\u00fcr sch\u00f6ne und geschmeidige Lippen ohne zugesetzte \u00e4therische \u00d6le. Im Gegensatz zu konventionellen Pflegestiften enth\u00e4lt unser Naturkosmetik Lippenbalsam nur nat\u00fcrliche Zutaten. Pflege, die wirklich hilft!<\/p>\n","protected":false},"featured_media":1152,"template":"","meta":{"_acf_changed":false},"product_brand":[],"product_cat":[52,56],"product_tag":[],"class_list":{"0":"post-1084","1":"product","2":"type-product","3":"status-publish","4":"has-post-thumbnail","6":"product_cat-kosmetika","7":"product_cat-lippenpflege","9":"first","10":"instock","11":"purchasable","12":"product-type-simple"},"acf":[],"_links":{"self":[{"href":"https:\/\/www.regionalis.shop\/krismar-seewinkler-naturkosmetik\/wp-json\/wp\/v2\/product\/1084","targetHints":{"allow":["GET"]}}],"collection":[{"href":"https:\/\/www.regionalis.shop\/krismar-seewinkler-naturkosmetik\/wp-json\/wp\/v2\/product"}],"about":[{"href":"https:\/\/www.regionalis.shop\/krismar-seewinkler-naturkosmetik\/wp-json\/wp\/v2\/types\/product"}],"wp:featuredmedia":[{"embeddable":true,"href":"https:\/\/www.regionalis.shop\/krismar-seewinkler-naturkosmetik\/wp-json\/wp\/v2\/media\/1152"}],"wp:attachment":[{"href":"https:\/\/www.regionalis.shop\/krismar-seewinkler-naturkosmetik\/wp-json\/wp\/v2\/media?parent=1084"}],"wp:term":[{"taxonomy":"product_brand","embeddable":true,"href":"https:\/\/www.regionalis.shop\/krismar-seewinkler-naturkosmetik\/wp-json\/wp\/v2\/product_brand?post=1084"},{"taxonomy":"product_cat","embeddable":true,"href":"https:\/\/www.regionalis.shop\/krismar-seewinkler-naturkosmetik\/wp-json\/wp\/v2\/product_cat?post=1084"},{"taxonomy":"product_tag","embeddable":true,"href":"https:\/\/www.regionalis.shop\/krismar-seewinkler-naturkosmetik\/wp-json\/wp\/v2\/product_tag?post=1084"}],"curies":[{"name":"wp","href":"https:\/\/api.w.org\/{rel}","templated":true}]}}