{"id":1086,"date":"2025-04-28T03:31:02","date_gmt":"2025-04-28T01:31:02","guid":{"rendered":"https:\/\/www.regionalis.shop\/krismar-seewinkler-naturkosmetik\/product\/kraeuter-salbe\/"},"modified":"2025-11-06T12:27:53","modified_gmt":"2025-11-06T11:27:53","slug":"kraeuter-salbe","status":"publish","type":"product","link":"https:\/\/www.regionalis.shop\/krismar-seewinkler-naturkosmetik\/shop\/kraeuter-salbe\/","title":{"rendered":"Kr\u00e4uter Salbe"},"content":{"rendered":"<div class=\"fusion-title title fusion-title-4 fusion-sep-none fusion-title-text fusion-title-size-two\">\n<h2 class=\"fusion-title-heading title-heading-left\">Kr\u00e4uter Salbe 30ml<\/h2>\n<\/div>\n<div class=\"fusion-text fusion-text-4\">\n<p>Unsere handger\u00fchrte Kr\u00e4uter Salbe \u2013 mit 5 verschiedenen Kr\u00e4utern \u2013 vereint die feuchtigkeitsregulierenden Eigenschaften von Borretsch\u00f6l, das besonders bei gereizter und schuppiger Haut wirkt, mit der beruhigenden und wohltuenden Wirkung von Kamillen\u00f6l. Der erfrischende Duft der echten Zitronenmelisse erhellt Geist und Stimmung.<\/p>\n<p>Ideal f\u00fcr trockene und pflegebed\u00fcrftige Haut, eignet sich diese Salbe zur t\u00e4glichen Anwendung auf K\u00f6rper, H\u00e4nden, Ellbogen und\u00a0F\u00fc\u00dfe. Mehrmals t\u00e4glich eincremen f\u00fcr optimale Pflege und Linderung.<\/p>\n<\/div>\n<div class=\"fusion-title title fusion-title-5 fusion-sep-none fusion-title-text fusion-title-size-three\">\n<h3 class=\"fusion-title-heading title-heading-left\">Besonderheiten der Kr\u00e4uter Salbe:<\/h3>\n<\/div>\n<div class=\"fusion-text fusion-text-5\">\n<ul>\n<li><strong>Hoch ergiebig:<\/strong>\u00a0Eine kleine Menge gen\u00fcgt, um die Haut intensiv zu pflegen und zu verw\u00f6hnen.<\/li>\n<li><strong>Wohltuend f\u00fcr m\u00fcde Beine:<\/strong>\u00a0Ideal nach einem langen Tag oder anstrengender Aktivit\u00e4t, um die Beine zu entspannen und vital zu f\u00fchlen.<\/li>\n<li><strong>Nat\u00fcrliche Kr\u00e4uterpflege:<\/strong>\u00a0F\u00f6rdert die Regeneration und hinterl\u00e4sst die Haut geschmeidig und gepflegt.<\/li>\n<\/ul>\n<\/div>\n<div class=\"fusion-title title fusion-title-6 fusion-sep-none fusion-title-text fusion-title-size-three\">\n<h3 class=\"fusion-title-heading title-heading-left\">Anwendung:<\/h3>\n<\/div>\n<div class=\"fusion-text fusion-text-6\">\n<ul>\n<li><strong>Pflege f\u00fcr die Haut:<\/strong>\u00a0Sanft in die betroffenen Stellen einmassieren.<\/li>\n<li><strong>Erfrischung f\u00fcr die Beine:<\/strong>\u00a0Auf m\u00fcde Beine auftragen und leicht einmassieren \u2013 sorgt f\u00fcr angenehme Entspannung.<\/li>\n<\/ul>\n<p><strong>Genie\u00dfe die vielseitige und nat\u00fcrliche Pflege unserer Kr\u00e4uter Salbe \u2013 f\u00fcr Haut, die sich erholt und vital anf\u00fchlt!<\/strong><\/p>\n<\/div>\n","protected":false},"excerpt":{"rendered":"<p>Kr\u00e4uter Salbe 30ml Unsere handger\u00fchrte Kr\u00e4uter Salbe \u2013 mit 5 verschiedenen Kr\u00e4utern \u2013 vereint die feuchtigkeitsregulierenden Eigenschaften von Borretsch\u00f6l, das besonders bei gereizter und schuppiger Haut wirkt, mit der beruhigenden und wohltuenden Wirkung von Kamillen\u00f6l. Der erfrischende Duft der echten Zitronenmelisse erhellt Geist und Stimmung. Ideal f\u00fcr trockene und pflegebed\u00fcrftige Haut, eignet sich diese Salbe &hellip; <a href=\"https:\/\/www.regionalis.shop\/krismar-seewinkler-naturkosmetik\/shop\/kraeuter-salbe\/\">Continued<\/a><\/p>\n","protected":false},"featured_media":1147,"template":"","meta":{"_acf_changed":false},"product_brand":[],"product_cat":[122,153,52],"product_tag":[],"class_list":{"0":"post-1086","1":"product","2":"type-product","3":"status-publish","4":"has-post-thumbnail","6":"product_cat-cremen-salben","7":"product_cat-koerperpflege","8":"product_cat-kosmetika","10":"first","11":"instock","12":"purchasable","13":"product-type-simple"},"acf":[],"_links":{"self":[{"href":"https:\/\/www.regionalis.shop\/krismar-seewinkler-naturkosmetik\/wp-json\/wp\/v2\/product\/1086","targetHints":{"allow":["GET"]}}],"collection":[{"href":"https:\/\/www.regionalis.shop\/krismar-seewinkler-naturkosmetik\/wp-json\/wp\/v2\/product"}],"about":[{"href":"https:\/\/www.regionalis.shop\/krismar-seewinkler-naturkosmetik\/wp-json\/wp\/v2\/types\/product"}],"wp:featuredmedia":[{"embeddable":true,"href":"https:\/\/www.regionalis.shop\/krismar-seewinkler-naturkosmetik\/wp-json\/wp\/v2\/media\/1147"}],"wp:attachment":[{"href":"https:\/\/www.regionalis.shop\/krismar-seewinkler-naturkosmetik\/wp-json\/wp\/v2\/media?parent=1086"}],"wp:term":[{"taxonomy":"product_brand","embeddable":true,"href":"https:\/\/www.regionalis.shop\/krismar-seewinkler-naturkosmetik\/wp-json\/wp\/v2\/product_brand?post=1086"},{"taxonomy":"product_cat","embeddable":true,"href":"https:\/\/www.regionalis.shop\/krismar-seewinkler-naturkosmetik\/wp-json\/wp\/v2\/product_cat?post=1086"},{"taxonomy":"product_tag","embeddable":true,"href":"https:\/\/www.regionalis.shop\/krismar-seewinkler-naturkosmetik\/wp-json\/wp\/v2\/product_tag?post=1086"}],"curies":[{"name":"wp","href":"https:\/\/api.w.org\/{rel}","templated":true}]}}