{"id":1088,"date":"2025-04-28T03:31:02","date_gmt":"2025-04-28T01:31:02","guid":{"rendered":"https:\/\/www.regionalis.shop\/krismar-seewinkler-naturkosmetik\/product\/koerperbutter-orange\/"},"modified":"2025-11-06T11:58:50","modified_gmt":"2025-11-06T10:58:50","slug":"koerperbutter-orange","status":"publish","type":"product","link":"https:\/\/www.regionalis.shop\/krismar-seewinkler-naturkosmetik\/shop\/koerperbutter-orange\/","title":{"rendered":"K\u00f6rperbutter Orange"},"content":{"rendered":"<div class=\"fusion-title title fusion-title-3 fusion-sep-none fusion-title-text fusion-title-size-two\">\n<h2 class=\"fusion-title-heading title-heading-left\">K\u00f6rperbutter Orange 50ml<\/h2>\n<\/div>\n<div class=\"fusion-title title fusion-title-4 fusion-sep-none fusion-title-text fusion-title-size-three\">\n<h3 class=\"fusion-title-heading title-heading-left\">Reichhaltige Pflege f\u00fcr geschmeidige Haut<\/h3>\n<\/div>\n<div class=\"fusion-text fusion-text-2\">\n<p>Verw\u00f6hne deine Haut mit unserer zart duftenden K\u00f6rperbutter Orange. Der angenehme Duft von\u00a0<strong>Orange<\/strong>,\u00a0<strong>Kakaobutter<\/strong>\u00a0und\u00a0<strong>Kokos\u00f6l<\/strong>\u00a0macht das Eincremen zu einem sinnlichen Erlebnis.<\/p>\n<p>\u2714\u00a0<strong>Sch\u00fctzt und st\u00e4rkt:<\/strong>\u00a0Bienenwachs unterst\u00fctzt die nat\u00fcrliche Hautbarriere und sch\u00fctzt vor Feuchtigkeitsverlust.<br \/>\n\u2714\u00a0<strong>Intensive Feuchtigkeit:<\/strong>\u00a0Sheabutter reguliert den Feuchtigkeitshaushalt und hinterl\u00e4sst die Haut geschmeidig und glatt.<br \/>\n\u2714\u00a0<strong>Reichhaltige Pflege:<\/strong>\u00a0Besonders geeignet f\u00fcr trockene und beanspruchte Haut.<\/p>\n<p>Unsere K\u00f6rperbutter sorgt f\u00fcr ein angenehmes Hautgef\u00fchl und eine sanfte Pflege, die du lieben wirst. G\u00f6nn deiner Haut eine Extraportion Verw\u00f6hnung!<\/p>\n<p>F\u00fcr den K\u00f6rper und die H\u00e4nde, aber auch als K\u00e4lteschutz und Pflege f\u00fcr Gesicht und Lippen.<\/p>\n<\/div>\n","protected":false},"excerpt":{"rendered":"<p>K\u00f6rperbutter Orange 50ml Reichhaltige Pflege f\u00fcr geschmeidige Haut Verw\u00f6hne deine Haut mit unserer zart duftenden K\u00f6rperbutter Orange. Der angenehme Duft von\u00a0Orange,\u00a0Kakaobutter\u00a0und\u00a0Kokos\u00f6l\u00a0macht das Eincremen zu einem sinnlichen Erlebnis. \u2714\u00a0Sch\u00fctzt und st\u00e4rkt:\u00a0Bienenwachs unterst\u00fctzt die nat\u00fcrliche Hautbarriere und sch\u00fctzt vor Feuchtigkeitsverlust. \u2714\u00a0Intensive Feuchtigkeit:\u00a0Sheabutter reguliert den Feuchtigkeitshaushalt und hinterl\u00e4sst die Haut geschmeidig und glatt. \u2714\u00a0Reichhaltige Pflege:\u00a0Besonders geeignet f\u00fcr trockene &hellip; <a href=\"https:\/\/www.regionalis.shop\/krismar-seewinkler-naturkosmetik\/shop\/koerperbutter-orange\/\">Continued<\/a><\/p>\n","protected":false},"featured_media":1146,"template":"","meta":{"_acf_changed":false},"product_brand":[],"product_cat":[125,153,52],"product_tag":[],"class_list":{"0":"post-1088","1":"product","2":"type-product","3":"status-publish","4":"has-post-thumbnail","6":"product_cat-duefte","7":"product_cat-koerperpflege","8":"product_cat-kosmetika","10":"first","11":"instock","12":"purchasable","13":"product-type-simple"},"acf":[],"_links":{"self":[{"href":"https:\/\/www.regionalis.shop\/krismar-seewinkler-naturkosmetik\/wp-json\/wp\/v2\/product\/1088","targetHints":{"allow":["GET"]}}],"collection":[{"href":"https:\/\/www.regionalis.shop\/krismar-seewinkler-naturkosmetik\/wp-json\/wp\/v2\/product"}],"about":[{"href":"https:\/\/www.regionalis.shop\/krismar-seewinkler-naturkosmetik\/wp-json\/wp\/v2\/types\/product"}],"wp:featuredmedia":[{"embeddable":true,"href":"https:\/\/www.regionalis.shop\/krismar-seewinkler-naturkosmetik\/wp-json\/wp\/v2\/media\/1146"}],"wp:attachment":[{"href":"https:\/\/www.regionalis.shop\/krismar-seewinkler-naturkosmetik\/wp-json\/wp\/v2\/media?parent=1088"}],"wp:term":[{"taxonomy":"product_brand","embeddable":true,"href":"https:\/\/www.regionalis.shop\/krismar-seewinkler-naturkosmetik\/wp-json\/wp\/v2\/product_brand?post=1088"},{"taxonomy":"product_cat","embeddable":true,"href":"https:\/\/www.regionalis.shop\/krismar-seewinkler-naturkosmetik\/wp-json\/wp\/v2\/product_cat?post=1088"},{"taxonomy":"product_tag","embeddable":true,"href":"https:\/\/www.regionalis.shop\/krismar-seewinkler-naturkosmetik\/wp-json\/wp\/v2\/product_tag?post=1088"}],"curies":[{"name":"wp","href":"https:\/\/api.w.org\/{rel}","templated":true}]}}