{"id":1089,"date":"2025-04-28T03:31:02","date_gmt":"2025-04-28T01:31:02","guid":{"rendered":"https:\/\/www.regionalis.shop\/krismar-seewinkler-naturkosmetik\/product\/lavendel-salbe\/"},"modified":"2025-11-06T12:26:33","modified_gmt":"2025-11-06T11:26:33","slug":"lavendel-salbe","status":"publish","type":"product","link":"https:\/\/www.regionalis.shop\/krismar-seewinkler-naturkosmetik\/shop\/lavendel-salbe\/","title":{"rendered":"Lavendel Salbe"},"content":{"rendered":"<div class=\"fusion-title title fusion-title-4 fusion-sep-none fusion-title-text fusion-title-size-two\">\n<h2 class=\"fusion-title-heading title-heading-left\">Lavendel Salbe 30ml<\/h2>\n<\/div>\n<div class=\"fusion-text fusion-text-4\">\n<p>Sanfte Entspannung f\u00fcr Haut und Sinne \u2013 Unsere handger\u00fchrte Lavendel Salbe ist ein vielseitiger Begleiter f\u00fcr die t\u00e4gliche Pflege. Sie beruhigt gereizte Haut, unterst\u00fctzt das Gleichgewicht des Hautbildes und schenkt zugleich wohltuende Entspannung, ohne m\u00fcde zu machen.<\/p>\n<\/div>\n<div class=\"fusion-title title fusion-title-5 fusion-sep-none fusion-title-text fusion-title-size-two\">\n<h2 class=\"fusion-title-heading title-heading-left\">Vorteile der Lavendel Salbe:<\/h2>\n<\/div>\n<div class=\"fusion-text fusion-text-5\">\n<ul>\n<li data-start=\"477\" data-end=\"581\">\n<p data-start=\"479\" data-end=\"581\"><strong data-start=\"479\" data-end=\"511\">Beruhigend und ausgleichend:<\/strong>\u00a0Der nat\u00fcrliche Lavendel wirkt lindernd bei Spannungen und R\u00f6tungen.<\/p>\n<\/li>\n<li data-start=\"582\" data-end=\"659\">\n<p data-start=\"584\" data-end=\"659\"><strong data-start=\"584\" data-end=\"617\">Unterst\u00fctzt das Wohlbefinden:<\/strong>\u00a0F\u00f6rdert Entspannung f\u00fcr Haut und Seele.<\/p>\n<\/li>\n<li data-start=\"660\" data-end=\"821\">\n<p data-start=\"662\" data-end=\"821\"><strong data-start=\"662\" data-end=\"688\">Vielseitig einsetzbar:<\/strong>\u00a0Ideal f\u00fcr H\u00e4nde, Gesicht und K\u00f6rper. Perfekt nach einem langen Tag, bei beanspruchter Haut oder einfach f\u00fcr einen Moment der Ruhe.<\/p>\n<\/li>\n<li data-start=\"822\" data-end=\"894\">\n<p data-start=\"824\" data-end=\"894\"><strong data-start=\"824\" data-end=\"837\">Ergiebig:<\/strong>\u00a0Schon eine kleine Menge gen\u00fcgt f\u00fcr nachhaltige Pflege.<\/p>\n<\/li>\n<\/ul>\n<\/div>\n<div class=\"fusion-title title fusion-title-6 fusion-sep-none fusion-title-text fusion-title-size-two\">\n<h2 class=\"fusion-title-heading title-heading-left\">Besonderheiten:<\/h2>\n<\/div>\n<div class=\"fusion-text fusion-text-6\">\n<ul data-start=\"918\" data-end=\"1082\">\n<li data-start=\"918\" data-end=\"957\">\n<p data-start=\"920\" data-end=\"957\">Handger\u00fchrt mit Liebe und Sorgfalt.<\/p>\n<\/li>\n<li data-start=\"958\" data-end=\"1008\">\n<p data-start=\"960\" data-end=\"1008\">Umweltfreundlich verpackt im 30 ml Glastiegel.<\/p>\n<\/li>\n<li data-start=\"1009\" data-end=\"1082\">\n<p data-start=\"1011\" data-end=\"1082\">Mit nat\u00fcrlichem Lavendelduft \u2013 entspannend, aber nicht einschl\u00e4fernd.<\/p>\n<\/li>\n<\/ul>\n<p data-start=\"1084\" data-end=\"1197\">G\u00f6nn dir die nat\u00fcrliche Kraft des Lavendels \u2013 f\u00fcr ausgeglichene Haut und einen Hauch von Entspannung im Alltag.<\/p>\n<\/div>\n","protected":false},"excerpt":{"rendered":"<p>Lavendel Salbe 30ml Sanfte Entspannung f\u00fcr Haut und Sinne \u2013 Unsere handger\u00fchrte Lavendel Salbe ist ein vielseitiger Begleiter f\u00fcr die t\u00e4gliche Pflege. Sie beruhigt gereizte Haut, unterst\u00fctzt das Gleichgewicht des Hautbildes und schenkt zugleich wohltuende Entspannung, ohne m\u00fcde zu machen. Vorteile der Lavendel Salbe: Beruhigend und ausgleichend:\u00a0Der nat\u00fcrliche Lavendel wirkt lindernd bei Spannungen und R\u00f6tungen. &hellip; <a href=\"https:\/\/www.regionalis.shop\/krismar-seewinkler-naturkosmetik\/shop\/lavendel-salbe\/\">Continued<\/a><\/p>\n","protected":false},"featured_media":1148,"template":"","meta":{"_acf_changed":false},"product_brand":[],"product_cat":[122,153,52],"product_tag":[],"class_list":{"0":"post-1089","1":"product","2":"type-product","3":"status-publish","4":"has-post-thumbnail","6":"product_cat-cremen-salben","7":"product_cat-koerperpflege","8":"product_cat-kosmetika","10":"first","11":"instock","12":"purchasable","13":"product-type-simple"},"acf":[],"_links":{"self":[{"href":"https:\/\/www.regionalis.shop\/krismar-seewinkler-naturkosmetik\/wp-json\/wp\/v2\/product\/1089","targetHints":{"allow":["GET"]}}],"collection":[{"href":"https:\/\/www.regionalis.shop\/krismar-seewinkler-naturkosmetik\/wp-json\/wp\/v2\/product"}],"about":[{"href":"https:\/\/www.regionalis.shop\/krismar-seewinkler-naturkosmetik\/wp-json\/wp\/v2\/types\/product"}],"wp:featuredmedia":[{"embeddable":true,"href":"https:\/\/www.regionalis.shop\/krismar-seewinkler-naturkosmetik\/wp-json\/wp\/v2\/media\/1148"}],"wp:attachment":[{"href":"https:\/\/www.regionalis.shop\/krismar-seewinkler-naturkosmetik\/wp-json\/wp\/v2\/media?parent=1089"}],"wp:term":[{"taxonomy":"product_brand","embeddable":true,"href":"https:\/\/www.regionalis.shop\/krismar-seewinkler-naturkosmetik\/wp-json\/wp\/v2\/product_brand?post=1089"},{"taxonomy":"product_cat","embeddable":true,"href":"https:\/\/www.regionalis.shop\/krismar-seewinkler-naturkosmetik\/wp-json\/wp\/v2\/product_cat?post=1089"},{"taxonomy":"product_tag","embeddable":true,"href":"https:\/\/www.regionalis.shop\/krismar-seewinkler-naturkosmetik\/wp-json\/wp\/v2\/product_tag?post=1089"}],"curies":[{"name":"wp","href":"https:\/\/api.w.org\/{rel}","templated":true}]}}