{"id":1096,"date":"2025-04-28T03:30:08","date_gmt":"2025-04-28T01:30:08","guid":{"rendered":"https:\/\/www.regionalis.shop\/krismar-seewinkler-naturkosmetik\/product\/deo-creme-zitrone-lavendel\/"},"modified":"2025-11-06T12:44:24","modified_gmt":"2025-11-06T11:44:24","slug":"deo-creme-zitrone-lavendel","status":"publish","type":"product","link":"https:\/\/www.regionalis.shop\/krismar-seewinkler-naturkosmetik\/shop\/deo-creme-zitrone-lavendel\/","title":{"rendered":"Deo Creme Zitrone &amp; Lavendel"},"content":{"rendered":"<div class=\"fusion-title title fusion-title-4 fusion-sep-none fusion-title-text fusion-title-size-two\">\n<h2 class=\"fusion-title-heading title-heading-left\">Deo-Creme Zitrone &amp; Lavendel 50ml<\/h2>\n<\/div>\n<div class=\"fusion-title title fusion-title-5 fusion-sep-none fusion-title-text fusion-title-size-three\">\n<h3 class=\"fusion-title-heading title-heading-left\">Nat\u00fcrliches Deo ohne Aluminium<\/h3>\n<\/div>\n<div class=\"fusion-text fusion-text-3\">\n<p><strong>Unser Deo<\/strong>\u00a0ist die perfekte Kombination aus sanfter Pflege und zuverl\u00e4ssigem Schutz \u2013 ganz ohne Aluminium. Mit nat\u00fcrlichen Inhaltsstoffen wie\u00a0<strong>Sheabutter<\/strong>,\u00a0<strong>Kokos\u00f6l<\/strong>\u00a0und\u00a0<strong>schwei\u00dfbindendem Natron<\/strong>\u00a0bietet es einen wirksamen Schutz vor unangenehmen Ger\u00fcchen und hinterl\u00e4sst ein angenehmes Hautgef\u00fchl.<\/p>\n<\/div>\n<div class=\"fusion-title title fusion-title-6 fusion-sep-none fusion-title-text fusion-title-size-three\">\n<h3 class=\"fusion-title-heading title-heading-left\">Vorteile auf einen Blick:<\/h3>\n<\/div>\n<div class=\"fusion-text fusion-text-4\">\n<ul>\n<li><strong>Frei von Aluminium:<\/strong>\u00a0L\u00e4sst die Haut atmen und verstopft keine Poren.<\/li>\n<li><strong>Pflegende Inhaltsstoffe:<\/strong>\n<ul>\n<li><strong>Sheabutter:<\/strong>\u00a0N\u00e4hrt die Haut und sorgt f\u00fcr Geschmeidigkeit.<\/li>\n<li><strong>Kokos\u00f6l:<\/strong>\u00a0Wirkt beruhigend und antibakteriell.<\/li>\n<li><strong>Natron:<\/strong>\u00a0Neutralisiert Ger\u00fcche und bindet Feuchtigkeit.<\/li>\n<\/ul>\n<\/li>\n<li><strong>Milder Duft:<\/strong>\u00a0Fruchtig-erfrischende Noten von\u00a0<b>Zitrone\u00a0<\/b>kombiniert mit dem beruhigenden Duft von\u00a0<strong>Lavendel<\/strong>\u00a0\u2013\u00a0sorgen f\u00fcr ein frisches, angenehmes Gef\u00fchl \u2013 ideal f\u00fcr Frauen und M\u00e4nner.<\/li>\n<li><strong>Unisex und sehr ergiebig:<\/strong>\u00a0Eine kleine Menge reicht f\u00fcr den ganzen Tag.<\/li>\n<\/ul>\n<p><strong>Anwendung:<\/strong>\u00a0Nach der Reinigung eine kleine Menge sanft in die Achseln einmassieren.<\/p>\n<p>Erlebe die nat\u00fcrliche Frische und Pflege mit unserem fruchtig-erfrischend duftenden Deo \u2013 f\u00fcr ein gutes Gef\u00fchl, den ganzen Tag!<\/p>\n<\/div>\n","protected":false},"excerpt":{"rendered":"<p>Deo-Creme Zitrone &amp; Lavendel 50ml Nat\u00fcrliches Deo ohne Aluminium Unser Deo\u00a0ist die perfekte Kombination aus sanfter Pflege und zuverl\u00e4ssigem Schutz \u2013 ganz ohne Aluminium. Mit nat\u00fcrlichen Inhaltsstoffen wie\u00a0Sheabutter,\u00a0Kokos\u00f6l\u00a0und\u00a0schwei\u00dfbindendem Natron\u00a0bietet es einen wirksamen Schutz vor unangenehmen Ger\u00fcchen und hinterl\u00e4sst ein angenehmes Hautgef\u00fchl. Vorteile auf einen Blick: Frei von Aluminium:\u00a0L\u00e4sst die Haut atmen und verstopft keine Poren. &hellip; <a href=\"https:\/\/www.regionalis.shop\/krismar-seewinkler-naturkosmetik\/shop\/deo-creme-zitrone-lavendel\/\">Continued<\/a><\/p>\n","protected":false},"featured_media":1177,"template":"","meta":{"_acf_changed":false},"product_brand":[],"product_cat":[123,52],"product_tag":[],"class_list":{"0":"post-1096","1":"product","2":"type-product","3":"status-publish","4":"has-post-thumbnail","6":"product_cat-deos","7":"product_cat-kosmetika","9":"first","10":"instock","11":"purchasable","12":"product-type-simple"},"acf":[],"_links":{"self":[{"href":"https:\/\/www.regionalis.shop\/krismar-seewinkler-naturkosmetik\/wp-json\/wp\/v2\/product\/1096","targetHints":{"allow":["GET"]}}],"collection":[{"href":"https:\/\/www.regionalis.shop\/krismar-seewinkler-naturkosmetik\/wp-json\/wp\/v2\/product"}],"about":[{"href":"https:\/\/www.regionalis.shop\/krismar-seewinkler-naturkosmetik\/wp-json\/wp\/v2\/types\/product"}],"wp:featuredmedia":[{"embeddable":true,"href":"https:\/\/www.regionalis.shop\/krismar-seewinkler-naturkosmetik\/wp-json\/wp\/v2\/media\/1177"}],"wp:attachment":[{"href":"https:\/\/www.regionalis.shop\/krismar-seewinkler-naturkosmetik\/wp-json\/wp\/v2\/media?parent=1096"}],"wp:term":[{"taxonomy":"product_brand","embeddable":true,"href":"https:\/\/www.regionalis.shop\/krismar-seewinkler-naturkosmetik\/wp-json\/wp\/v2\/product_brand?post=1096"},{"taxonomy":"product_cat","embeddable":true,"href":"https:\/\/www.regionalis.shop\/krismar-seewinkler-naturkosmetik\/wp-json\/wp\/v2\/product_cat?post=1096"},{"taxonomy":"product_tag","embeddable":true,"href":"https:\/\/www.regionalis.shop\/krismar-seewinkler-naturkosmetik\/wp-json\/wp\/v2\/product_tag?post=1096"}],"curies":[{"name":"wp","href":"https:\/\/api.w.org\/{rel}","templated":true}]}}