{"id":1098,"date":"2025-04-28T03:30:08","date_gmt":"2025-04-28T01:30:08","guid":{"rendered":"https:\/\/www.regionalis.shop\/krismar-seewinkler-naturkosmetik\/product\/gesichtscreme-nachtkerze\/"},"modified":"2025-11-06T12:37:12","modified_gmt":"2025-11-06T11:37:12","slug":"gesichtscreme-nachtkerze","status":"publish","type":"product","link":"https:\/\/www.regionalis.shop\/krismar-seewinkler-naturkosmetik\/shop\/gesichtscreme-nachtkerze\/","title":{"rendered":"Gesichtscreme Nachtkerze"},"content":{"rendered":"<div class=\"fusion-title title fusion-title-1 fusion-sep-none fusion-title-text fusion-title-size-two\">\n<h2 class=\"fusion-title-heading title-heading-left\">Gesichtscreme Nachtkerze 50ml<\/h2>\n<\/div>\n<div class=\"fusion-title title fusion-title-2 fusion-sep-none fusion-title-text fusion-title-size-three\">\n<h3 class=\"fusion-title-heading title-heading-left\">Eine reichhaltige Pflege f\u00fcrs Gesicht und Dekollet\u00e9 mit Hyaluron<\/h3>\n<\/div>\n<div class=\"fusion-text fusion-text-1\">\n<p>Unsere Gesichtscreme Nachtkerze ist eine reichhaltige Pflege f\u00fcr trockene und sensible Haut \u2013 ganz ohne Parfum.<br \/>\nDas wertvolle Nachtkerzen\u00f6l verbessert die Hautstruktur, macht trockene Stellen geschmeidig und pflegt empfindliche Gesichtshaut intensiv.<br \/>\nZus\u00e4tzlich spendet Hyalurons\u00e4ure Feuchtigkeit und polstert die Haut sanft auf. Die Creme ist ideal f\u00fcr empfindliche Hauttypen und eignet sich perfekt f\u00fcr die t\u00e4gliche Anwendung.<\/p>\n<p>Ebenso ideal f\u00fcr trockene bis sehr trockene Haut.<\/p>\n<p>Morgens und abends auf die gereinigte Haut eine kleine Menge auftragen und einmassieren. Sehr ergiebig.<\/p>\n<p><strong>Praktischer Airless-Spender:<\/strong>\u00a0Dank des innovativen Doppelbodens wird der Inhalt bis zum letzten Tropfen aufgebraucht \u2013 f\u00fcr eine nachhaltige Nutzung ohne Produktverlust.<\/p>\n<\/div>\n","protected":false},"excerpt":{"rendered":"<p>Gesichtscreme Nachtkerze 50ml Eine reichhaltige Pflege f\u00fcrs Gesicht und Dekollet\u00e9 mit Hyaluron Unsere Gesichtscreme Nachtkerze ist eine reichhaltige Pflege f\u00fcr trockene und sensible Haut \u2013 ganz ohne Parfum. Das wertvolle Nachtkerzen\u00f6l verbessert die Hautstruktur, macht trockene Stellen geschmeidig und pflegt empfindliche Gesichtshaut intensiv. Zus\u00e4tzlich spendet Hyalurons\u00e4ure Feuchtigkeit und polstert die Haut sanft auf. Die Creme &hellip; <a href=\"https:\/\/www.regionalis.shop\/krismar-seewinkler-naturkosmetik\/shop\/gesichtscreme-nachtkerze\/\">Continued<\/a><\/p>\n","protected":false},"featured_media":1155,"template":"","meta":{"_acf_changed":false},"product_brand":[],"product_cat":[112,122,138,52],"product_tag":[],"class_list":{"0":"post-1098","1":"product","2":"type-product","3":"status-publish","4":"has-post-thumbnail","6":"product_cat-babys-muetter","7":"product_cat-cremen-salben","8":"product_cat-gesichtspflege","9":"product_cat-kosmetika","11":"first","12":"instock","13":"purchasable","14":"product-type-simple"},"acf":[],"_links":{"self":[{"href":"https:\/\/www.regionalis.shop\/krismar-seewinkler-naturkosmetik\/wp-json\/wp\/v2\/product\/1098","targetHints":{"allow":["GET"]}}],"collection":[{"href":"https:\/\/www.regionalis.shop\/krismar-seewinkler-naturkosmetik\/wp-json\/wp\/v2\/product"}],"about":[{"href":"https:\/\/www.regionalis.shop\/krismar-seewinkler-naturkosmetik\/wp-json\/wp\/v2\/types\/product"}],"wp:featuredmedia":[{"embeddable":true,"href":"https:\/\/www.regionalis.shop\/krismar-seewinkler-naturkosmetik\/wp-json\/wp\/v2\/media\/1155"}],"wp:attachment":[{"href":"https:\/\/www.regionalis.shop\/krismar-seewinkler-naturkosmetik\/wp-json\/wp\/v2\/media?parent=1098"}],"wp:term":[{"taxonomy":"product_brand","embeddable":true,"href":"https:\/\/www.regionalis.shop\/krismar-seewinkler-naturkosmetik\/wp-json\/wp\/v2\/product_brand?post=1098"},{"taxonomy":"product_cat","embeddable":true,"href":"https:\/\/www.regionalis.shop\/krismar-seewinkler-naturkosmetik\/wp-json\/wp\/v2\/product_cat?post=1098"},{"taxonomy":"product_tag","embeddable":true,"href":"https:\/\/www.regionalis.shop\/krismar-seewinkler-naturkosmetik\/wp-json\/wp\/v2\/product_tag?post=1098"}],"curies":[{"name":"wp","href":"https:\/\/api.w.org\/{rel}","templated":true}]}}