{"id":1108,"date":"2025-04-18T08:57:47","date_gmt":"2025-04-18T06:57:47","guid":{"rendered":"https:\/\/www.regionalis.shop\/krismar-seewinkler-naturkosmetik\/product\/honigseife-ideal-als-gesichtsseife-bei-trockener-haut\/"},"modified":"2025-11-06T13:07:55","modified_gmt":"2025-11-06T12:07:55","slug":"honigseife-ideal-als-gesichtsseife-bei-trockener-haut","status":"publish","type":"product","link":"https:\/\/www.regionalis.shop\/krismar-seewinkler-naturkosmetik\/shop\/honigseife-ideal-als-gesichtsseife-bei-trockener-haut\/","title":{"rendered":"Honigseife"},"content":{"rendered":"<div class=\"fusion-title title fusion-title-1 fusion-sep-none fusion-title-text fusion-title-size-two\">\n<h2 class=\"fusion-title-heading title-heading-left\">Honigseife<\/h2>\n<p>90g<\/p>\n<\/div>\n<div class=\"fusion-text fusion-text-1\">\n<p>Unsere Honigseife mit Bienenwachs und regionalem Honig verw\u00f6hnt die Haut mit einer milden Reinigung und einem bet\u00f6rend s\u00fc\u00dfen Honigduft.<\/p>\n<p>Besonders cremig und feuchtigkeitsspendend, eignet sie sich ideal f\u00fcr Gesicht und K\u00f6rper.<br \/>\nDiese pflegende Seife ist perfekt zum Duschen, H\u00e4ndewaschen und f\u00fcr die Gesichtsreinigung.<\/p>\n<p>Sie hinterl\u00e4sst ein geschmeidiges Hautgef\u00fchl.<\/p>\n<p>Ein Genuss f\u00fcr alle Sinne!<\/p>\n<p>Unsere Seifen pflegen Ihre Haut intensiv, ohne sie auszutrocknen. Dank eines \u00dcberfettungsgrads von mindestens 5 % sorgen sie f\u00fcr ein Plus an Geschmeidigkeit und Wohlbefinden \u2013 f\u00fcr eine nat\u00fcrliche und nachhaltige Pflege<\/p>\n<\/div>\n","protected":false},"excerpt":{"rendered":"<p>Honigseife 90g Unsere Honigseife mit Bienenwachs und regionalem Honig verw\u00f6hnt die Haut mit einer milden Reinigung und einem bet\u00f6rend s\u00fc\u00dfen Honigduft. Besonders cremig und feuchtigkeitsspendend, eignet sie sich ideal f\u00fcr Gesicht und K\u00f6rper. Diese pflegende Seife ist perfekt zum Duschen, H\u00e4ndewaschen und f\u00fcr die Gesichtsreinigung. Sie hinterl\u00e4sst ein geschmeidiges Hautgef\u00fchl. Ein Genuss f\u00fcr alle Sinne! &hellip; <a href=\"https:\/\/www.regionalis.shop\/krismar-seewinkler-naturkosmetik\/shop\/honigseife-ideal-als-gesichtsseife-bei-trockener-haut\/\">Continued<\/a><\/p>\n","protected":false},"featured_media":1143,"template":"","meta":{"_acf_changed":false},"product_brand":[],"product_cat":[138,52,76],"product_tag":[],"class_list":{"0":"post-1108","1":"product","2":"type-product","3":"status-publish","4":"has-post-thumbnail","6":"product_cat-gesichtspflege","7":"product_cat-kosmetika","8":"product_cat-seifen","10":"first","11":"instock","12":"purchasable","13":"product-type-simple"},"acf":[],"_links":{"self":[{"href":"https:\/\/www.regionalis.shop\/krismar-seewinkler-naturkosmetik\/wp-json\/wp\/v2\/product\/1108","targetHints":{"allow":["GET"]}}],"collection":[{"href":"https:\/\/www.regionalis.shop\/krismar-seewinkler-naturkosmetik\/wp-json\/wp\/v2\/product"}],"about":[{"href":"https:\/\/www.regionalis.shop\/krismar-seewinkler-naturkosmetik\/wp-json\/wp\/v2\/types\/product"}],"wp:featuredmedia":[{"embeddable":true,"href":"https:\/\/www.regionalis.shop\/krismar-seewinkler-naturkosmetik\/wp-json\/wp\/v2\/media\/1143"}],"wp:attachment":[{"href":"https:\/\/www.regionalis.shop\/krismar-seewinkler-naturkosmetik\/wp-json\/wp\/v2\/media?parent=1108"}],"wp:term":[{"taxonomy":"product_brand","embeddable":true,"href":"https:\/\/www.regionalis.shop\/krismar-seewinkler-naturkosmetik\/wp-json\/wp\/v2\/product_brand?post=1108"},{"taxonomy":"product_cat","embeddable":true,"href":"https:\/\/www.regionalis.shop\/krismar-seewinkler-naturkosmetik\/wp-json\/wp\/v2\/product_cat?post=1108"},{"taxonomy":"product_tag","embeddable":true,"href":"https:\/\/www.regionalis.shop\/krismar-seewinkler-naturkosmetik\/wp-json\/wp\/v2\/product_tag?post=1108"}],"curies":[{"name":"wp","href":"https:\/\/api.w.org\/{rel}","templated":true}]}}