{"id":1110,"date":"2025-04-18T08:57:47","date_gmt":"2025-04-18T06:57:47","guid":{"rendered":"https:\/\/www.regionalis.shop\/krismar-seewinkler-naturkosmetik\/product\/gute-laune-seife\/"},"modified":"2025-11-06T13:06:21","modified_gmt":"2025-11-06T12:06:21","slug":"gute-laune-seife","status":"publish","type":"product","link":"https:\/\/www.regionalis.shop\/krismar-seewinkler-naturkosmetik\/shop\/gute-laune-seife\/","title":{"rendered":"Gute Laune Seife"},"content":{"rendered":"<div class=\"fusion-title title fusion-title-1 fusion-sep-none fusion-title-text fusion-title-size-two\">\n<h2 class=\"fusion-title-heading title-heading-left\">Gute Laune Seife<\/h2>\n<p>90g<\/p>\n<\/div>\n<div class=\"fusion-title title fusion-title-2 fusion-sep-none fusion-title-text fusion-title-size-three\">\n<h3 class=\"fusion-title-heading title-heading-left\">Stimmungsaufhellende Seife mit Sanddorn und Orange<\/h3>\n<\/div>\n<div class=\"fusion-text fusion-text-1\">\n<p>Tauche ein in die belebende Frische unserer\u00a0<strong>Gute Laune<\/strong>\u00a0Sanddornseife und lasse dich von einem Hauch nat\u00fcrlicher Vitalit\u00e4t umgeben. Diese handgefertigte Seife ist eine wahre Wohltat f\u00fcr deine Sinne und deine Haut.<\/p>\n<p>Unsere \u201eGute Laune\u201c Sanddornseife ist eine einzigartige Kombination aus hochwertigen Inhaltsstoffen und dem sonnigen Aroma von frischem Sanddorn. Sanddorn, bekannt f\u00fcr seine reichhaltigen Vitamine und Antioxidantien, wirkt erfrischend und revitalisierend auf die Haut und verleiht Ihnen ein strahlendes Aussehen.<\/p>\n<p>Die feuchtigkeitsspendende Formel dieser Seife reinigt sanft, ohne die Haut auszutrocknen, und hinterl\u00e4sst ein angenehmes Gef\u00fchl von Frische und Geschmeidigkeit. Mit jedem Gebrauch entfaltet die Gute Laune Sanddornseife ihre erheiternde Wirkung und versetzt dich in eine Stimmung voller positiver Energie und Lebensfreude.<\/p>\n<p>Erwecke deine Sinne und verw\u00f6hne deine Haut mit der nat\u00fcrlichen Frische und Pflege der \u201eGute Laune\u201c Sanddornseife. Ein t\u00e4gliches Ritual, das Ihnen ein L\u00e4cheln ins Gesicht zaubert und Sie mit guter Laune durch den Tag begleitet.<\/p>\n<p>Unsere handgemachten Seifen pflegen die Haut mit wertvollen \u00d6len und trocknen sie nicht aus, da sie alle \u00fcberfettet sind!<\/p>\n<p>Stimmungsaufhellende \u00e4therische \u00d6le\u00a0 sorgen f\u00fcr gute Laune beim H\u00e4ndewaschen und Duschen.<\/p>\n<\/div>\n","protected":false},"excerpt":{"rendered":"<p>Gute Laune Seife 90g Stimmungsaufhellende Seife mit Sanddorn und Orange Tauche ein in die belebende Frische unserer\u00a0Gute Laune\u00a0Sanddornseife und lasse dich von einem Hauch nat\u00fcrlicher Vitalit\u00e4t umgeben. Diese handgefertigte Seife ist eine wahre Wohltat f\u00fcr deine Sinne und deine Haut. Unsere \u201eGute Laune\u201c Sanddornseife ist eine einzigartige Kombination aus hochwertigen Inhaltsstoffen und dem sonnigen Aroma &hellip; <a href=\"https:\/\/www.regionalis.shop\/krismar-seewinkler-naturkosmetik\/shop\/gute-laune-seife\/\">Continued<\/a><\/p>\n","protected":false},"featured_media":1141,"template":"","meta":{"_acf_changed":false},"product_brand":[],"product_cat":[52,76],"product_tag":[],"class_list":{"0":"post-1110","1":"product","2":"type-product","3":"status-publish","4":"has-post-thumbnail","6":"product_cat-kosmetika","7":"product_cat-seifen","9":"first","10":"instock","11":"purchasable","12":"product-type-simple"},"acf":[],"_links":{"self":[{"href":"https:\/\/www.regionalis.shop\/krismar-seewinkler-naturkosmetik\/wp-json\/wp\/v2\/product\/1110","targetHints":{"allow":["GET"]}}],"collection":[{"href":"https:\/\/www.regionalis.shop\/krismar-seewinkler-naturkosmetik\/wp-json\/wp\/v2\/product"}],"about":[{"href":"https:\/\/www.regionalis.shop\/krismar-seewinkler-naturkosmetik\/wp-json\/wp\/v2\/types\/product"}],"wp:featuredmedia":[{"embeddable":true,"href":"https:\/\/www.regionalis.shop\/krismar-seewinkler-naturkosmetik\/wp-json\/wp\/v2\/media\/1141"}],"wp:attachment":[{"href":"https:\/\/www.regionalis.shop\/krismar-seewinkler-naturkosmetik\/wp-json\/wp\/v2\/media?parent=1110"}],"wp:term":[{"taxonomy":"product_brand","embeddable":true,"href":"https:\/\/www.regionalis.shop\/krismar-seewinkler-naturkosmetik\/wp-json\/wp\/v2\/product_brand?post=1110"},{"taxonomy":"product_cat","embeddable":true,"href":"https:\/\/www.regionalis.shop\/krismar-seewinkler-naturkosmetik\/wp-json\/wp\/v2\/product_cat?post=1110"},{"taxonomy":"product_tag","embeddable":true,"href":"https:\/\/www.regionalis.shop\/krismar-seewinkler-naturkosmetik\/wp-json\/wp\/v2\/product_tag?post=1110"}],"curies":[{"name":"wp","href":"https:\/\/api.w.org\/{rel}","templated":true}]}}