{"id":1112,"date":"2025-04-18T08:57:47","date_gmt":"2025-04-18T06:57:47","guid":{"rendered":"https:\/\/www.regionalis.shop\/krismar-seewinkler-naturkosmetik\/product\/spiritseife-mit-weihrauch\/"},"modified":"2025-11-06T13:11:03","modified_gmt":"2025-11-06T12:11:03","slug":"spiritseife-mit-weihrauch","status":"publish","type":"product","link":"https:\/\/www.regionalis.shop\/krismar-seewinkler-naturkosmetik\/shop\/spiritseife-mit-weihrauch\/","title":{"rendered":"Spiritseife mit Weihrauch"},"content":{"rendered":"<div class=\"fusion-title title fusion-title-1 fusion-sep-none fusion-title-text fusion-title-size-two\">\n<h2 class=\"fusion-title-heading title-heading-left\">Weihrauch Seife<\/h2>\n<p>90g<\/p>\n<\/div>\n<div class=\"fusion-text fusion-text-1\">\n<p>Unsere Weihrauch Seife, mit \u00e4therischem Weihrauch\u00f6l, ist vielseitig einsetzbar und eignet sich sowohl zum H\u00e4ndewaschen als auch als Gesichtsseife.<br \/>\nDas \u00e4therische Weihrauch\u00f6l, das aus dem luftgetrockneten Gummiharz des Boswellia-Baumes gewonnen wird, ist bekannt f\u00fcr seine antiseptischen Eigenschaften und seine entspannende, beruhigende Wirkung.<\/p>\n<p>Diese Seife bietet nicht nur eine gr\u00fcndliche Reinigung, sondern auch ein wohltuendes Pflegeerlebnis f\u00fcr K\u00f6rper und Geist.<br \/>\nPerfekt f\u00fcr Momente der Entspannung und Achtsamkeit in die t\u00e4gliche Pflegeroutine.<\/p>\n<p>Unsere handgemachten Seifen pflegen die Haut mit wertvollen \u00d6len und trocknen sie nicht aus, da sie alle\u00a0 mindestens 5% \u00fcberfettet sind!<\/p>\n<\/div>\n","protected":false},"excerpt":{"rendered":"<p>Weihrauch Seife 90g Unsere Weihrauch Seife, mit \u00e4therischem Weihrauch\u00f6l, ist vielseitig einsetzbar und eignet sich sowohl zum H\u00e4ndewaschen als auch als Gesichtsseife. Das \u00e4therische Weihrauch\u00f6l, das aus dem luftgetrockneten Gummiharz des Boswellia-Baumes gewonnen wird, ist bekannt f\u00fcr seine antiseptischen Eigenschaften und seine entspannende, beruhigende Wirkung. Diese Seife bietet nicht nur eine gr\u00fcndliche Reinigung, sondern auch &hellip; <a href=\"https:\/\/www.regionalis.shop\/krismar-seewinkler-naturkosmetik\/shop\/spiritseife-mit-weihrauch\/\">Continued<\/a><\/p>\n","protected":false},"featured_media":1169,"template":"","meta":{"_acf_changed":false},"product_brand":[],"product_cat":[138,52,76],"product_tag":[],"class_list":{"0":"post-1112","1":"product","2":"type-product","3":"status-publish","4":"has-post-thumbnail","6":"product_cat-gesichtspflege","7":"product_cat-kosmetika","8":"product_cat-seifen","10":"first","11":"instock","12":"purchasable","13":"product-type-simple"},"acf":[],"_links":{"self":[{"href":"https:\/\/www.regionalis.shop\/krismar-seewinkler-naturkosmetik\/wp-json\/wp\/v2\/product\/1112","targetHints":{"allow":["GET"]}}],"collection":[{"href":"https:\/\/www.regionalis.shop\/krismar-seewinkler-naturkosmetik\/wp-json\/wp\/v2\/product"}],"about":[{"href":"https:\/\/www.regionalis.shop\/krismar-seewinkler-naturkosmetik\/wp-json\/wp\/v2\/types\/product"}],"wp:featuredmedia":[{"embeddable":true,"href":"https:\/\/www.regionalis.shop\/krismar-seewinkler-naturkosmetik\/wp-json\/wp\/v2\/media\/1169"}],"wp:attachment":[{"href":"https:\/\/www.regionalis.shop\/krismar-seewinkler-naturkosmetik\/wp-json\/wp\/v2\/media?parent=1112"}],"wp:term":[{"taxonomy":"product_brand","embeddable":true,"href":"https:\/\/www.regionalis.shop\/krismar-seewinkler-naturkosmetik\/wp-json\/wp\/v2\/product_brand?post=1112"},{"taxonomy":"product_cat","embeddable":true,"href":"https:\/\/www.regionalis.shop\/krismar-seewinkler-naturkosmetik\/wp-json\/wp\/v2\/product_cat?post=1112"},{"taxonomy":"product_tag","embeddable":true,"href":"https:\/\/www.regionalis.shop\/krismar-seewinkler-naturkosmetik\/wp-json\/wp\/v2\/product_tag?post=1112"}],"curies":[{"name":"wp","href":"https:\/\/api.w.org\/{rel}","templated":true}]}}