{"id":1114,"date":"2025-04-18T08:57:47","date_gmt":"2025-04-18T06:57:47","guid":{"rendered":"https:\/\/www.regionalis.shop\/krismar-seewinkler-naturkosmetik\/product\/conditioner-bar\/"},"modified":"2025-11-06T12:17:53","modified_gmt":"2025-11-06T11:17:53","slug":"conditioner-bar","status":"publish","type":"product","link":"https:\/\/www.regionalis.shop\/krismar-seewinkler-naturkosmetik\/shop\/conditioner-bar\/","title":{"rendered":"Conditioner Bar"},"content":{"rendered":"<div class=\"fusion-title title fusion-title-1 fusion-sep-none fusion-title-text fusion-title-size-two\">\n<h2 class=\"fusion-title-heading title-heading-left\">Conditioner Bar Ylang Ylang &amp; Mandarine<\/h2>\n<\/div>\n<div class=\"fusion-text fusion-text-1\">\n<p>Fester Conditioner f\u00fcr trockenes und spr\u00f6des Haar mit pflanzlichem Keratin \u2013 neutraler ph-Wert<\/p>\n<p>Intensiv n\u00e4hrender Haarbalsam mit pflegender Kakaobutter und pflanzlichen Haarbaustein Keratin. Er baut die Haarstruktur auf und repariert sichtbare Haarsch\u00e4den. Ideal f\u00fcr splissige, spr\u00f6de Spitzen \u2013 f\u00fchrt zu sichtbar mehr Geschmeidigkeit und Glanz.<\/p>\n<p>Gut f\u00fcr deine Haut und Haare \u2013 und gut f\u00fcr die Umwelt!<br \/>\nUnsere Produkte sind frei von Wasser, was bedeutet: 100 % konzentrierte Pflege, ganz ohne Konservierungsmittel. Umweltfreundlich verpackt in einer kleinen Kartonschachtel, ganz ohne Plastik. Mit ihrem pH-hautneutralen Wert sind sie schonend zur Haut und liegen beim Haare pflegen angenehm in der Hand. Nat\u00fcrlich verzichten wir auf Silikon\u00f6le, Mineral\u00f6le und Mikroplastik \u2013 f\u00fcr eine Pflege, die dir und der Umwelt guttut.<\/p>\n<\/div>\n","protected":false},"excerpt":{"rendered":"<p>Conditioner Bar Ylang Ylang &amp; Mandarine Fester Conditioner f\u00fcr trockenes und spr\u00f6des Haar mit pflanzlichem Keratin \u2013 neutraler ph-Wert Intensiv n\u00e4hrender Haarbalsam mit pflegender Kakaobutter und pflanzlichen Haarbaustein Keratin. Er baut die Haarstruktur auf und repariert sichtbare Haarsch\u00e4den. Ideal f\u00fcr splissige, spr\u00f6de Spitzen \u2013 f\u00fchrt zu sichtbar mehr Geschmeidigkeit und Glanz. Gut f\u00fcr deine Haut &hellip; <a href=\"https:\/\/www.regionalis.shop\/krismar-seewinkler-naturkosmetik\/shop\/conditioner-bar\/\">Continued<\/a><\/p>\n","protected":false},"featured_media":1174,"template":"","meta":{"_acf_changed":false},"product_brand":[],"product_cat":[140,52],"product_tag":[],"class_list":{"0":"post-1114","1":"product","2":"type-product","3":"status-publish","4":"has-post-thumbnail","6":"product_cat-haar-bartpflege","7":"product_cat-kosmetika","9":"first","10":"instock","11":"purchasable","12":"product-type-simple"},"acf":[],"_links":{"self":[{"href":"https:\/\/www.regionalis.shop\/krismar-seewinkler-naturkosmetik\/wp-json\/wp\/v2\/product\/1114","targetHints":{"allow":["GET"]}}],"collection":[{"href":"https:\/\/www.regionalis.shop\/krismar-seewinkler-naturkosmetik\/wp-json\/wp\/v2\/product"}],"about":[{"href":"https:\/\/www.regionalis.shop\/krismar-seewinkler-naturkosmetik\/wp-json\/wp\/v2\/types\/product"}],"wp:featuredmedia":[{"embeddable":true,"href":"https:\/\/www.regionalis.shop\/krismar-seewinkler-naturkosmetik\/wp-json\/wp\/v2\/media\/1174"}],"wp:attachment":[{"href":"https:\/\/www.regionalis.shop\/krismar-seewinkler-naturkosmetik\/wp-json\/wp\/v2\/media?parent=1114"}],"wp:term":[{"taxonomy":"product_brand","embeddable":true,"href":"https:\/\/www.regionalis.shop\/krismar-seewinkler-naturkosmetik\/wp-json\/wp\/v2\/product_brand?post=1114"},{"taxonomy":"product_cat","embeddable":true,"href":"https:\/\/www.regionalis.shop\/krismar-seewinkler-naturkosmetik\/wp-json\/wp\/v2\/product_cat?post=1114"},{"taxonomy":"product_tag","embeddable":true,"href":"https:\/\/www.regionalis.shop\/krismar-seewinkler-naturkosmetik\/wp-json\/wp\/v2\/product_tag?post=1114"}],"curies":[{"name":"wp","href":"https:\/\/api.w.org\/{rel}","templated":true}]}}