{"id":1118,"date":"2025-04-18T08:57:47","date_gmt":"2025-04-18T06:57:47","guid":{"rendered":"https:\/\/www.regionalis.shop\/krismar-seewinkler-naturkosmetik\/product\/zimt-zauber-seife\/"},"modified":"2025-11-06T13:09:33","modified_gmt":"2025-11-06T12:09:33","slug":"zimt-zauber-seife","status":"publish","type":"product","link":"https:\/\/www.regionalis.shop\/krismar-seewinkler-naturkosmetik\/shop\/zimt-zauber-seife\/","title":{"rendered":"Zimt Seife"},"content":{"rendered":"<div class=\"fusion-title title fusion-title-1 fusion-sep-none fusion-title-text fusion-title-size-two\">\n<h2 class=\"fusion-title-heading title-heading-left\">Zimt Seife<\/h2>\n<p>90g<\/p>\n<\/div>\n<div class=\"fusion-text fusion-text-1\">\n<p>Unsere Zimtseife verzaubert mit einem w\u00e4rmenden Duft nach Zimt und Nelke.<\/p>\n<p>Angereichert mit \u00fcber 25% wertvollem Oliven\u00f6l und \u00fcber 8% pflegender Kakaobutter, sch\u00fctzt sie die Haut vor Trockenheit und hinterl\u00e4sst ein wohltuendes Gef\u00fchl.<\/p>\n<p>Unsere handgemachten Seifen pflegen die Haut mit wertvollen \u00d6len und trocknen sie nicht aus, da sie alle \u00fcberfettet sind!<\/p>\n<p>Ideal zum Duschen, H\u00e4ndewaschen<\/p>\n<\/div>\n","protected":false},"excerpt":{"rendered":"<p>Zimt Seife 90g Unsere Zimtseife verzaubert mit einem w\u00e4rmenden Duft nach Zimt und Nelke. Angereichert mit \u00fcber 25% wertvollem Oliven\u00f6l und \u00fcber 8% pflegender Kakaobutter, sch\u00fctzt sie die Haut vor Trockenheit und hinterl\u00e4sst ein wohltuendes Gef\u00fchl. Unsere handgemachten Seifen pflegen die Haut mit wertvollen \u00d6len und trocknen sie nicht aus, da sie alle \u00fcberfettet sind! &hellip; <a href=\"https:\/\/www.regionalis.shop\/krismar-seewinkler-naturkosmetik\/shop\/zimt-zauber-seife\/\">Continued<\/a><\/p>\n","protected":false},"featured_media":1176,"template":"","meta":{"_acf_changed":false},"product_brand":[],"product_cat":[52,76],"product_tag":[],"class_list":{"0":"post-1118","1":"product","2":"type-product","3":"status-publish","4":"has-post-thumbnail","6":"product_cat-kosmetika","7":"product_cat-seifen","9":"first","10":"instock","11":"purchasable","12":"product-type-simple"},"acf":[],"_links":{"self":[{"href":"https:\/\/www.regionalis.shop\/krismar-seewinkler-naturkosmetik\/wp-json\/wp\/v2\/product\/1118","targetHints":{"allow":["GET"]}}],"collection":[{"href":"https:\/\/www.regionalis.shop\/krismar-seewinkler-naturkosmetik\/wp-json\/wp\/v2\/product"}],"about":[{"href":"https:\/\/www.regionalis.shop\/krismar-seewinkler-naturkosmetik\/wp-json\/wp\/v2\/types\/product"}],"wp:featuredmedia":[{"embeddable":true,"href":"https:\/\/www.regionalis.shop\/krismar-seewinkler-naturkosmetik\/wp-json\/wp\/v2\/media\/1176"}],"wp:attachment":[{"href":"https:\/\/www.regionalis.shop\/krismar-seewinkler-naturkosmetik\/wp-json\/wp\/v2\/media?parent=1118"}],"wp:term":[{"taxonomy":"product_brand","embeddable":true,"href":"https:\/\/www.regionalis.shop\/krismar-seewinkler-naturkosmetik\/wp-json\/wp\/v2\/product_brand?post=1118"},{"taxonomy":"product_cat","embeddable":true,"href":"https:\/\/www.regionalis.shop\/krismar-seewinkler-naturkosmetik\/wp-json\/wp\/v2\/product_cat?post=1118"},{"taxonomy":"product_tag","embeddable":true,"href":"https:\/\/www.regionalis.shop\/krismar-seewinkler-naturkosmetik\/wp-json\/wp\/v2\/product_tag?post=1118"}],"curies":[{"name":"wp","href":"https:\/\/api.w.org\/{rel}","templated":true}]}}