{"id":1120,"date":"2025-04-18T08:57:04","date_gmt":"2025-04-18T06:57:04","guid":{"rendered":"https:\/\/www.regionalis.shop\/krismar-seewinkler-naturkosmetik\/product\/augenschein-augenfluid\/"},"modified":"2025-11-06T12:11:05","modified_gmt":"2025-11-06T11:11:05","slug":"augenschein-augenfluid","status":"publish","type":"product","link":"https:\/\/www.regionalis.shop\/krismar-seewinkler-naturkosmetik\/shop\/augenschein-augenfluid\/","title":{"rendered":"Augenschein Augenfluid"},"content":{"rendered":"<div class=\"fusion-title title fusion-title-1 fusion-sep-none fusion-title-text fusion-title-size-two\">\n<h2 class=\"fusion-title-heading title-heading-left\">Augenfluid Augenschein 15ml<\/h2>\n<\/div>\n<div class=\"fusion-title title fusion-title-2 fusion-sep-none fusion-title-text fusion-title-size-three\">\n<h3 class=\"fusion-title-heading title-heading-left\">F\u00fcr strahlende Augenblicke \u2013 ganz nat\u00fcrlich<\/h3>\n<\/div>\n<div class=\"fusion-text fusion-text-1\">\n<p>Unser straffendes Augenfluid ist deine kleine Geheimwaffe f\u00fcr einen wachen, frischen Blick \u2013 morgens wie abends. Es wurde speziell f\u00fcr die empfindliche Haut rund um deine Augen entwickelt und schenkt ihr Feuchtigkeit, neue Spannkraft und ein jugendliches Strahlen. Alles ganz sanft \u2013 mit der Kraft aus der Pflanze.<\/p>\n<p>Was macht\u2019s so besonders?<br \/>\nDie Parakresse \u2013 auch \u201enat\u00fcrliches Botox\u201c genannt \u2013 ist der Star in unserer Rezeptur.<br \/>\nSie enth\u00e4lt Spilanthol, das deine Gesichtsmuskeln entspannen kann. So wirken Mimikf\u00e4ltchen sofort glatter, die Haut wird straffer und f\u00fchlt sich elastischer an. Ganz ohne Chemie \u2013 einfach nat\u00fcrlich sch\u00f6n.<\/p>\n<p>Weitere Lieblingswirkstoffe:<\/p>\n<ul>\n<li><strong>Koffein:<\/strong>\u00a0hilft gegen Schwellungen und belebt m\u00fcde Augen<\/li>\n<li><strong>Hyaluron:<\/strong>\u00a0polstert auf und schenkt dir den Frischekick pur<\/li>\n<li><strong>Wildrosen\u00f6l:<\/strong>\u00a0verw\u00f6hnt die zarte Haut, regeneriert und hinterl\u00e4sst ein wunderbar geschmeidiges Gef\u00fchl<\/li>\n<\/ul>\n<p><strong>F\u00fcr deine Pflegeroutine:<\/strong><br \/>\nMorgens und abends sanft auf die gereinigte Augenpartie auftragen und mit den Fingerspitzen einklopfen \u2013 ein kleines Ritual mit gro\u00dfer Wirkung.<\/p>\n<p>Und das Beste:<br \/>\nDer praktische\u00a0<strong>Airless-Spender<\/strong> sorgt daf\u00fcr, dass kein Tropfen verloren geht. Du nutzt jeden Milliliter \u2013 sauber, nachhaltig, einfach gut.<\/p>\n<\/div>\n","protected":false},"excerpt":{"rendered":"<p>Augenfluid Augenschein 15ml F\u00fcr strahlende Augenblicke \u2013 ganz nat\u00fcrlich Unser straffendes Augenfluid ist deine kleine Geheimwaffe f\u00fcr einen wachen, frischen Blick \u2013 morgens wie abends. Es wurde speziell f\u00fcr die empfindliche Haut rund um deine Augen entwickelt und schenkt ihr Feuchtigkeit, neue Spannkraft und ein jugendliches Strahlen. Alles ganz sanft \u2013 mit der Kraft aus &hellip; <a href=\"https:\/\/www.regionalis.shop\/krismar-seewinkler-naturkosmetik\/shop\/augenschein-augenfluid\/\">Continued<\/a><\/p>\n","protected":false},"featured_media":1134,"template":"","meta":{"_acf_changed":false},"product_brand":[],"product_cat":[122,138,52],"product_tag":[],"class_list":{"0":"post-1120","1":"product","2":"type-product","3":"status-publish","4":"has-post-thumbnail","6":"product_cat-cremen-salben","7":"product_cat-gesichtspflege","8":"product_cat-kosmetika","10":"first","11":"instock","12":"purchasable","13":"product-type-simple"},"acf":[],"_links":{"self":[{"href":"https:\/\/www.regionalis.shop\/krismar-seewinkler-naturkosmetik\/wp-json\/wp\/v2\/product\/1120","targetHints":{"allow":["GET"]}}],"collection":[{"href":"https:\/\/www.regionalis.shop\/krismar-seewinkler-naturkosmetik\/wp-json\/wp\/v2\/product"}],"about":[{"href":"https:\/\/www.regionalis.shop\/krismar-seewinkler-naturkosmetik\/wp-json\/wp\/v2\/types\/product"}],"wp:featuredmedia":[{"embeddable":true,"href":"https:\/\/www.regionalis.shop\/krismar-seewinkler-naturkosmetik\/wp-json\/wp\/v2\/media\/1134"}],"wp:attachment":[{"href":"https:\/\/www.regionalis.shop\/krismar-seewinkler-naturkosmetik\/wp-json\/wp\/v2\/media?parent=1120"}],"wp:term":[{"taxonomy":"product_brand","embeddable":true,"href":"https:\/\/www.regionalis.shop\/krismar-seewinkler-naturkosmetik\/wp-json\/wp\/v2\/product_brand?post=1120"},{"taxonomy":"product_cat","embeddable":true,"href":"https:\/\/www.regionalis.shop\/krismar-seewinkler-naturkosmetik\/wp-json\/wp\/v2\/product_cat?post=1120"},{"taxonomy":"product_tag","embeddable":true,"href":"https:\/\/www.regionalis.shop\/krismar-seewinkler-naturkosmetik\/wp-json\/wp\/v2\/product_tag?post=1120"}],"curies":[{"name":"wp","href":"https:\/\/api.w.org\/{rel}","templated":true}]}}