{"id":1122,"date":"2025-04-18T00:21:24","date_gmt":"2025-04-17T22:21:24","guid":{"rendered":"https:\/\/www.regionalis.shop\/krismar-seewinkler-naturkosmetik\/product\/rasier-set\/"},"modified":"2025-11-06T12:13:00","modified_gmt":"2025-11-06T11:13:00","slug":"rasier-set","status":"publish","type":"product","link":"https:\/\/www.regionalis.shop\/krismar-seewinkler-naturkosmetik\/shop\/rasier-set\/","title":{"rendered":"Rasier-Set"},"content":{"rendered":"<div class=\"fusion-title title fusion-title-1 fusion-sep-none fusion-title-text fusion-title-size-two\">\n<h2 class=\"fusion-title-heading title-heading-left\">Rasierset<\/h2>\n<\/div>\n<div class=\"fusion-title title fusion-title-2 fusion-sep-none fusion-title-text fusion-title-size-three\">\n<p>Rasierset bestehend aus zwei Produkten:<br \/>\nRasierseife (M\u00e4nnerseife in Aludose) 90g und veganer Rasierpinsel mit Holzgriff verpackt im Naturkarton mit Schleife und Holzwolle.<\/p>\n<\/div>\n<div class=\"fusion-text fusion-text-1\">\n<ul>\n<li><strong>Nachhaltiges Material:<\/strong>\u00a0Der Naturkarton mit\u00a0<strong>Sichtfenster aus PLA<\/strong>\u00a0(Biokunststoff) ist vollst\u00e4ndig biologisch abbaubar und plastikfrei.<\/li>\n<li><strong>Hochwertige Optik:<\/strong>\u00a0Die dekorative\u00a0<strong>Schleife<\/strong>\u00a0und die\u00a0<strong>Holzwolle<\/strong>\u00a0verleihen dem Geschenkset eine stilvolle und nat\u00fcrliche Ausstrahlung.<\/li>\n<\/ul>\n<p>Unsere handgemachte Rasierseife sch\u00fctzt die M\u00e4nnerhaut sanft vor Reizungen und Trockenheit, ganz ohne sch\u00e4dliche chemische Zus\u00e4tze, Stabilisatoren oder Schaumbildner.<br \/>\nStattdessen setzen wir auf nat\u00fcrliche \u00d6le, die die Barthaare optimal auf die Rasur vorbereiten, sie weicher machen und das Gleiten der Klinge erleichtern.<br \/>\nMit ihrem herben Duft nach Kiefernadel, Rosmarin und Patchouli wird jede Rasur zu einem angenehmen Erlebnis.<br \/>\nIdeal f\u00fcr eine gr\u00fcndliche und schonende Rasur.<\/p>\n<p><strong>Veganer Rasierpinsel \u2013 stilvoll, nachhaltig und unverpackt<\/strong><\/p>\n<p>Dieser vegane Rasierpinsel verbindet elegantes Design mit umweltfreundlichen Materialien. Die hochwertigen Kunstfasern im edlen Dachs-Design bieten eine weiche, aber dennoch strapazierf\u00e4hige Alternative zu tierischen Borsten. Der massive Holzgriff liegt angenehm in der Hand und sorgt f\u00fcr ein luxuri\u00f6ses Rasiererlebnis.<\/p>\n<p>Die Inhaltsstoffe der Produkte findest du auf der jeweiligen Produktseite.<\/p>\n<\/div>\n","protected":false},"excerpt":{"rendered":"<p>Rasierset Rasierset bestehend aus zwei Produkten: Rasierseife (M\u00e4nnerseife in Aludose) 90g und veganer Rasierpinsel mit Holzgriff verpackt im Naturkarton mit Schleife und Holzwolle. Nachhaltiges Material:\u00a0Der Naturkarton mit\u00a0Sichtfenster aus PLA\u00a0(Biokunststoff) ist vollst\u00e4ndig biologisch abbaubar und plastikfrei. Hochwertige Optik:\u00a0Die dekorative\u00a0Schleife\u00a0und die\u00a0Holzwolle\u00a0verleihen dem Geschenkset eine stilvolle und nat\u00fcrliche Ausstrahlung. Unsere handgemachte Rasierseife sch\u00fctzt die M\u00e4nnerhaut sanft vor Reizungen &hellip; <a href=\"https:\/\/www.regionalis.shop\/krismar-seewinkler-naturkosmetik\/shop\/rasier-set\/\">Continued<\/a><\/p>\n","protected":false},"featured_media":1140,"template":"","meta":{"_acf_changed":false},"product_brand":[],"product_cat":[137,140,52,76],"product_tag":[],"class_list":{"0":"post-1122","1":"product","2":"type-product","3":"status-publish","4":"has-post-thumbnail","6":"product_cat-geschenksets","7":"product_cat-haar-bartpflege","8":"product_cat-kosmetika","9":"product_cat-seifen","11":"first","12":"instock","13":"purchasable","14":"product-type-simple"},"acf":[],"_links":{"self":[{"href":"https:\/\/www.regionalis.shop\/krismar-seewinkler-naturkosmetik\/wp-json\/wp\/v2\/product\/1122","targetHints":{"allow":["GET"]}}],"collection":[{"href":"https:\/\/www.regionalis.shop\/krismar-seewinkler-naturkosmetik\/wp-json\/wp\/v2\/product"}],"about":[{"href":"https:\/\/www.regionalis.shop\/krismar-seewinkler-naturkosmetik\/wp-json\/wp\/v2\/types\/product"}],"wp:featuredmedia":[{"embeddable":true,"href":"https:\/\/www.regionalis.shop\/krismar-seewinkler-naturkosmetik\/wp-json\/wp\/v2\/media\/1140"}],"wp:attachment":[{"href":"https:\/\/www.regionalis.shop\/krismar-seewinkler-naturkosmetik\/wp-json\/wp\/v2\/media?parent=1122"}],"wp:term":[{"taxonomy":"product_brand","embeddable":true,"href":"https:\/\/www.regionalis.shop\/krismar-seewinkler-naturkosmetik\/wp-json\/wp\/v2\/product_brand?post=1122"},{"taxonomy":"product_cat","embeddable":true,"href":"https:\/\/www.regionalis.shop\/krismar-seewinkler-naturkosmetik\/wp-json\/wp\/v2\/product_cat?post=1122"},{"taxonomy":"product_tag","embeddable":true,"href":"https:\/\/www.regionalis.shop\/krismar-seewinkler-naturkosmetik\/wp-json\/wp\/v2\/product_tag?post=1122"}],"curies":[{"name":"wp","href":"https:\/\/api.w.org\/{rel}","templated":true}]}}