{"id":1124,"date":"2025-04-17T23:33:09","date_gmt":"2025-04-17T21:33:09","guid":{"rendered":"https:\/\/www.regionalis.shop\/krismar-seewinkler-naturkosmetik\/product\/shampoo-bar-honig-macawurzel-ohne-aetherische-oele\/"},"modified":"2025-11-06T12:13:14","modified_gmt":"2025-11-06T11:13:14","slug":"shampoo-bar-honig-macawurzel-ohne-aetherische-oele","status":"publish","type":"product","link":"https:\/\/www.regionalis.shop\/krismar-seewinkler-naturkosmetik\/shop\/shampoo-bar-honig-macawurzel-ohne-aetherische-oele\/","title":{"rendered":"Shampoo Bar &#8211; Honig &amp; Macawurzel &#8211; ohne \u00e4therische \u00d6le"},"content":{"rendered":"<div class=\"fusion-title title fusion-title-1 fusion-sep-none fusion-title-text fusion-title-size-two\">\n<h2 class=\"fusion-title-heading title-heading-left\">Shampoo Bar Honig &amp; Macawurzel \u2013 ohne \u00e4therische \u00d6le<\/h2>\n<\/div>\n<div class=\"fusion-text fusion-text-1\">\n<p>Festes Shampoo f\u00fcr trockenes Haar und sensible Kopfhaut mit integrierter Pflege, Argan\u00f6l, Beerenwachs &amp; Brokkolisamen\u00f6l<\/p>\n<p>Feuchtigkeitsspendendes, n\u00e4hrendes Pflegeshampoo mit Macawurzelpulver \u2013 hilft bei Haarausfall und f\u00f6rdert das Haarwachstum. Honig verbessert die Irritation der Kopfhaut und vermindert den Juckreiz und hilft somit, dass die Schuppenbildung nachl\u00e4sst.<\/p>\n<p>Gut f\u00fcr deine Haut und Haare \u2013 und gut f\u00fcr die Umwelt!<br \/>\nUnsere Produkte sind frei von Wasser, was bedeutet: 100 % konzentrierte Pflege und Shampoo, ganz ohne Konservierungsmittel. Umweltfreundlich verpackt in einer kleinen Kartonschachtel, ganz ohne Plastik. Mit ihrem pH-hautneutralen Wert sind sie schonend zur Haut und liegen beim Haarewaschen angenehm in der Hand. Nat\u00fcrlich verzichten wir auf Silikon\u00f6le, Mineral\u00f6le und Mikroplastik \u2013 f\u00fcr eine Pflege, die dir und der Umwelt guttut.<\/p>\n<\/div>\n","protected":false},"excerpt":{"rendered":"<p>Shampoo Bar Honig &amp; Macawurzel \u2013 ohne \u00e4therische \u00d6le Festes Shampoo f\u00fcr trockenes Haar und sensible Kopfhaut mit integrierter Pflege, Argan\u00f6l, Beerenwachs &amp; Brokkolisamen\u00f6l Feuchtigkeitsspendendes, n\u00e4hrendes Pflegeshampoo mit Macawurzelpulver \u2013 hilft bei Haarausfall und f\u00f6rdert das Haarwachstum. Honig verbessert die Irritation der Kopfhaut und vermindert den Juckreiz und hilft somit, dass die Schuppenbildung nachl\u00e4sst. Gut &hellip; <a href=\"https:\/\/www.regionalis.shop\/krismar-seewinkler-naturkosmetik\/shop\/shampoo-bar-honig-macawurzel-ohne-aetherische-oele\/\">Continued<\/a><\/p>\n","protected":false},"featured_media":1142,"template":"","meta":{"_acf_changed":false},"product_brand":[],"product_cat":[140,52],"product_tag":[],"class_list":{"0":"post-1124","1":"product","2":"type-product","3":"status-publish","4":"has-post-thumbnail","6":"product_cat-haar-bartpflege","7":"product_cat-kosmetika","9":"first","10":"instock","11":"purchasable","12":"product-type-simple"},"acf":[],"_links":{"self":[{"href":"https:\/\/www.regionalis.shop\/krismar-seewinkler-naturkosmetik\/wp-json\/wp\/v2\/product\/1124","targetHints":{"allow":["GET"]}}],"collection":[{"href":"https:\/\/www.regionalis.shop\/krismar-seewinkler-naturkosmetik\/wp-json\/wp\/v2\/product"}],"about":[{"href":"https:\/\/www.regionalis.shop\/krismar-seewinkler-naturkosmetik\/wp-json\/wp\/v2\/types\/product"}],"wp:featuredmedia":[{"embeddable":true,"href":"https:\/\/www.regionalis.shop\/krismar-seewinkler-naturkosmetik\/wp-json\/wp\/v2\/media\/1142"}],"wp:attachment":[{"href":"https:\/\/www.regionalis.shop\/krismar-seewinkler-naturkosmetik\/wp-json\/wp\/v2\/media?parent=1124"}],"wp:term":[{"taxonomy":"product_brand","embeddable":true,"href":"https:\/\/www.regionalis.shop\/krismar-seewinkler-naturkosmetik\/wp-json\/wp\/v2\/product_brand?post=1124"},{"taxonomy":"product_cat","embeddable":true,"href":"https:\/\/www.regionalis.shop\/krismar-seewinkler-naturkosmetik\/wp-json\/wp\/v2\/product_cat?post=1124"},{"taxonomy":"product_tag","embeddable":true,"href":"https:\/\/www.regionalis.shop\/krismar-seewinkler-naturkosmetik\/wp-json\/wp\/v2\/product_tag?post=1124"}],"curies":[{"name":"wp","href":"https:\/\/api.w.org\/{rel}","templated":true}]}}