{"id":1126,"date":"2025-04-17T23:32:39","date_gmt":"2025-04-17T21:32:39","guid":{"rendered":"https:\/\/www.regionalis.shop\/krismar-seewinkler-naturkosmetik\/product\/shampoo-bar-seide-litsea-cubeba-mandarine\/"},"modified":"2025-11-06T12:13:42","modified_gmt":"2025-11-06T11:13:42","slug":"shampoo-bar-seide-litsea-cubeba-mandarine","status":"publish","type":"product","link":"https:\/\/www.regionalis.shop\/krismar-seewinkler-naturkosmetik\/shop\/shampoo-bar-seide-litsea-cubeba-mandarine\/","title":{"rendered":"Shampoo Bar &#8211; Seide, Litsea Cubeba &amp; Mandarine"},"content":{"rendered":"<div class=\"fusion-title title fusion-title-1 fusion-sep-none fusion-title-text fusion-title-size-two\">\n<h2 class=\"fusion-title-heading title-heading-left\">Shampoo Bar Seide, Litsea Cubeba &amp; Mandarine<\/h2>\n<\/div>\n<div class=\"fusion-text fusion-text-1\">\n<p>Festes Shampoo f\u00fcr jedes Haar mit integrierter Pflege, Argan\u00f6l, Beerenwachs &amp; Brokkolisamen\u00f6l.<\/p>\n<p>Intensiv n\u00e4hrendes Shampoo mit fl\u00fcssiger Seide \u2013 sorgt f\u00fcr ein weiches Gef\u00fchl auf Haut und Haar, au\u00dferdem wird die Elastizit\u00e4t und Feuchtigkeit verbessert. Es verleiht dem Haar mehr Glanz und hat gute Anti-Frizz Eigenschaften.<\/p>\n<p>Gut f\u00fcr deine Haut und Haare \u2013 und gut f\u00fcr die Umwelt!<br \/>\nUnsere Produkte sind frei von Wasser, was bedeutet: 100 % konzentrierte Pflege und Shampoo, ganz ohne Konservierungsmittel. Umweltfreundlich verpackt in einer kleinen Kartonschachtel, ganz ohne Plastik. Mit ihrem pH-hautneutralen Wert sind sie schonend zur Haut und liegen beim Haarewaschen angenehm in der Hand. Nat\u00fcrlich verzichten wir auf Silikon\u00f6le, Mineral\u00f6le und Mikroplastik \u2013 f\u00fcr eine Pflege, die dir und der Umwelt guttut.<\/p>\n<\/div>\n<p>&nbsp;<\/p>\n","protected":false},"excerpt":{"rendered":"<p>Shampoo Bar Seide, Litsea Cubeba &amp; Mandarine Festes Shampoo f\u00fcr jedes Haar mit integrierter Pflege, Argan\u00f6l, Beerenwachs &amp; Brokkolisamen\u00f6l. Intensiv n\u00e4hrendes Shampoo mit fl\u00fcssiger Seide \u2013 sorgt f\u00fcr ein weiches Gef\u00fchl auf Haut und Haar, au\u00dferdem wird die Elastizit\u00e4t und Feuchtigkeit verbessert. Es verleiht dem Haar mehr Glanz und hat gute Anti-Frizz Eigenschaften. Gut f\u00fcr &hellip; <a href=\"https:\/\/www.regionalis.shop\/krismar-seewinkler-naturkosmetik\/shop\/shampoo-bar-seide-litsea-cubeba-mandarine\/\">Continued<\/a><\/p>\n","protected":false},"featured_media":1168,"template":"","meta":{"_acf_changed":false},"product_brand":[],"product_cat":[140,52],"product_tag":[],"class_list":{"0":"post-1126","1":"product","2":"type-product","3":"status-publish","4":"has-post-thumbnail","6":"product_cat-haar-bartpflege","7":"product_cat-kosmetika","9":"first","10":"instock","11":"purchasable","12":"product-type-simple"},"acf":[],"_links":{"self":[{"href":"https:\/\/www.regionalis.shop\/krismar-seewinkler-naturkosmetik\/wp-json\/wp\/v2\/product\/1126","targetHints":{"allow":["GET"]}}],"collection":[{"href":"https:\/\/www.regionalis.shop\/krismar-seewinkler-naturkosmetik\/wp-json\/wp\/v2\/product"}],"about":[{"href":"https:\/\/www.regionalis.shop\/krismar-seewinkler-naturkosmetik\/wp-json\/wp\/v2\/types\/product"}],"wp:featuredmedia":[{"embeddable":true,"href":"https:\/\/www.regionalis.shop\/krismar-seewinkler-naturkosmetik\/wp-json\/wp\/v2\/media\/1168"}],"wp:attachment":[{"href":"https:\/\/www.regionalis.shop\/krismar-seewinkler-naturkosmetik\/wp-json\/wp\/v2\/media?parent=1126"}],"wp:term":[{"taxonomy":"product_brand","embeddable":true,"href":"https:\/\/www.regionalis.shop\/krismar-seewinkler-naturkosmetik\/wp-json\/wp\/v2\/product_brand?post=1126"},{"taxonomy":"product_cat","embeddable":true,"href":"https:\/\/www.regionalis.shop\/krismar-seewinkler-naturkosmetik\/wp-json\/wp\/v2\/product_cat?post=1126"},{"taxonomy":"product_tag","embeddable":true,"href":"https:\/\/www.regionalis.shop\/krismar-seewinkler-naturkosmetik\/wp-json\/wp\/v2\/product_tag?post=1126"}],"curies":[{"name":"wp","href":"https:\/\/api.w.org\/{rel}","templated":true}]}}