{"id":1128,"date":"2025-04-17T23:32:39","date_gmt":"2025-04-17T21:32:39","guid":{"rendered":"https:\/\/www.regionalis.shop\/krismar-seewinkler-naturkosmetik\/product\/shampoo-bar-rosmarin-salbei-klettenwurzel\/"},"modified":"2025-11-06T12:14:09","modified_gmt":"2025-11-06T11:14:09","slug":"shampoo-bar-rosmarin-salbei-klettenwurzel","status":"publish","type":"product","link":"https:\/\/www.regionalis.shop\/krismar-seewinkler-naturkosmetik\/shop\/shampoo-bar-rosmarin-salbei-klettenwurzel\/","title":{"rendered":"Shampoo Bar &#8211; Rosmarin, Salbei &amp; Klettenwurzel"},"content":{"rendered":"<p>Vitalisierendes Pflegeshampoo mit Klettenwurzelextrakt, Salbei und Rosmarin verw\u00f6hnt die Kopfhaut und befreit sie von Fett und Schuppen. Klettenwurzel und Rosmarin regen das Haarwachstum an. Belebende Pflege f\u00fcr jeden Tag.<\/p>\n<p>Gut f\u00fcr deine Haut und Haare \u2013 und gut f\u00fcr die Umwelt!<br \/>\nUnsere Produkte sind frei von Wasser, was bedeutet: 100 % konzentrierte Pflege und Shampoo, ganz ohne Konservierungsmittel. Umweltfreundlich verpackt in einer kleinen Kartonschachtel, ganz ohne Plastik. Mit ihrem pH-hautneutralen Wert sind sie schonend zur Haut und liegen beim Haarewaschen angenehm in der Hand. Nat\u00fcrlich verzichten wir auf Silikon\u00f6le, Mineral\u00f6le und Mikroplastik \u2013 f\u00fcr eine Pflege, die dir und der Umwelt guttut.<\/p>\n","protected":false},"excerpt":{"rendered":"<p>Vitalisierendes Pflegeshampoo mit Klettenwurzelextrakt, Salbei und Rosmarin verw\u00f6hnt die Kopfhaut und befreit sie von Fett und Schuppen. Klettenwurzel und Rosmarin regen das Haarwachstum an. Belebende Pflege f\u00fcr jeden Tag. Gut f\u00fcr deine Haut und Haare \u2013 und gut f\u00fcr die Umwelt! Unsere Produkte sind frei von Wasser, was bedeutet: 100 % konzentrierte Pflege und Shampoo, &hellip; <a href=\"https:\/\/www.regionalis.shop\/krismar-seewinkler-naturkosmetik\/shop\/shampoo-bar-rosmarin-salbei-klettenwurzel\/\">Continued<\/a><\/p>\n","protected":false},"featured_media":1163,"template":"","meta":{"_acf_changed":false},"product_brand":[],"product_cat":[140,52],"product_tag":[],"class_list":{"0":"post-1128","1":"product","2":"type-product","3":"status-publish","4":"has-post-thumbnail","6":"product_cat-haar-bartpflege","7":"product_cat-kosmetika","9":"first","10":"instock","11":"purchasable","12":"product-type-simple"},"acf":[],"_links":{"self":[{"href":"https:\/\/www.regionalis.shop\/krismar-seewinkler-naturkosmetik\/wp-json\/wp\/v2\/product\/1128","targetHints":{"allow":["GET"]}}],"collection":[{"href":"https:\/\/www.regionalis.shop\/krismar-seewinkler-naturkosmetik\/wp-json\/wp\/v2\/product"}],"about":[{"href":"https:\/\/www.regionalis.shop\/krismar-seewinkler-naturkosmetik\/wp-json\/wp\/v2\/types\/product"}],"wp:featuredmedia":[{"embeddable":true,"href":"https:\/\/www.regionalis.shop\/krismar-seewinkler-naturkosmetik\/wp-json\/wp\/v2\/media\/1163"}],"wp:attachment":[{"href":"https:\/\/www.regionalis.shop\/krismar-seewinkler-naturkosmetik\/wp-json\/wp\/v2\/media?parent=1128"}],"wp:term":[{"taxonomy":"product_brand","embeddable":true,"href":"https:\/\/www.regionalis.shop\/krismar-seewinkler-naturkosmetik\/wp-json\/wp\/v2\/product_brand?post=1128"},{"taxonomy":"product_cat","embeddable":true,"href":"https:\/\/www.regionalis.shop\/krismar-seewinkler-naturkosmetik\/wp-json\/wp\/v2\/product_cat?post=1128"},{"taxonomy":"product_tag","embeddable":true,"href":"https:\/\/www.regionalis.shop\/krismar-seewinkler-naturkosmetik\/wp-json\/wp\/v2\/product_tag?post=1128"}],"curies":[{"name":"wp","href":"https:\/\/api.w.org\/{rel}","templated":true}]}}